{"id":7852,"date":"2026-04-09T16:24:14","date_gmt":"2026-04-09T19:24:14","guid":{"rendered":"https:\/\/mbinitiative.org\/?page_id=7852"},"modified":"2026-04-17T17:53:48","modified_gmt":"2026-04-17T20:53:48","slug":"form-brave-kids","status":"publish","type":"page","link":"https:\/\/mbinitiative.org\/pt\/form-brave-kids\/","title":{"rendered":"Form Brave Kids"},"content":{"rendered":"<div data-elementor-type=\"wp-page\" data-elementor-id=\"7852\" class=\"elementor elementor-7852\" data-elementor-post-type=\"page\">\n\t\t\t\t<div class=\"elementor-element elementor-element-2721c6e e-flex e-con-boxed e-con e-parent\" data-id=\"2721c6e\" data-element_type=\"container\" data-settings=\"{&quot;background_background&quot;:&quot;gradient&quot;,&quot;jet_parallax_layout_list&quot;:[]}\">\n\t\t\t\t\t<div class=\"e-con-inner\">\n\t\t<div class=\"elementor-element elementor-element-32af3be e-con-full e-flex e-con e-child\" data-id=\"32af3be\" data-element_type=\"container\" data-settings=\"{&quot;jet_parallax_layout_list&quot;:[]}\">\n\t\t\t\t<div class=\"elementor-element elementor-element-8c2930f elementor-align-center elementor-widget-tablet__width-inherit elementor-widget elementor-widget-button\" data-id=\"8c2930f\" data-element_type=\"widget\" data-widget_type=\"button.default\">\n\t\t\t\t<div class=\"elementor-widget-container\">\n\t\t\t\t\t\t\t\t\t<div class=\"elementor-button-wrapper\">\n\t\t\t\t\t<a class=\"elementor-button elementor-button-link elementor-size-sm\" href=\"https:\/\/mbinitiative.org\/pt\/all-brave-kids\/\">\n\t\t\t\t\t\t<span class=\"elementor-button-content-wrapper\">\n\t\t\t\t\t\t<span class=\"elementor-button-icon\">\n\t\t\t\t<i aria-hidden=\"true\" class=\"fas fa-chevron-left\"><\/i>\t\t\t<\/span>\n\t\t\t\t\t\t\t\t\t<span class=\"elementor-button-text\">Voltar<\/span>\n\t\t\t\t\t<\/span>\n\t\t\t\t\t<\/a>\n\t\t\t\t<\/div>\n\t\t\t\t\t\t\t\t<\/div>\n\t\t\t\t<\/div>\n\t\t\t\t<\/div>\n\t\t\t\t<div class=\"elementor-element elementor-element-d6a84b0 elementor-widget__width-inherit elementor-widget elementor-widget-heading\" data-id=\"d6a84b0\" data-element_type=\"widget\" data-widget_type=\"heading.default\">\n\t\t\t\t<div class=\"elementor-widget-container\">\n\t\t\t\t\t<h2 class=\"elementor-heading-title elementor-size-default\">MBI Brave Kids<\/h2>\t\t\t\t<\/div>\n\t\t\t\t<\/div>\n\t\t<div class=\"elementor-element elementor-element-f639a9e e-con-full e-flex e-con e-child\" data-id=\"f639a9e\" data-element_type=\"container\" data-settings=\"{&quot;jet_parallax_layout_list&quot;:[]}\">\n\t\t\t\t<div class=\"elementor-element elementor-element-4d32da6 elementor-widget elementor-widget-image\" data-id=\"4d32da6\" data-element_type=\"widget\" data-widget_type=\"image.default\">\n\t\t\t\t<div class=\"elementor-widget-container\">\n\t\t\t\t\t\t\t\t\t\t\t\t\t\t\t<img fetchpriority=\"high\" decoding=\"async\" width=\"800\" height=\"379\" src=\"https:\/\/mbinitiative.org\/wp-content\/uploads\/2026\/03\/Logo-ReduzidoFull-White-Site-1-1024x485.png\" class=\"attachment-large size-large wp-image-7720\" alt=\"\" srcset=\"https:\/\/mbinitiative.org\/wp-content\/uploads\/2026\/03\/Logo-ReduzidoFull-White-Site-1-1024x485.png 1024w, https:\/\/mbinitiative.org\/wp-content\/uploads\/2026\/03\/Logo-ReduzidoFull-White-Site-1-300x142.png 300w, https:\/\/mbinitiative.org\/wp-content\/uploads\/2026\/03\/Logo-ReduzidoFull-White-Site-1-768x364.png 768w, https:\/\/mbinitiative.org\/wp-content\/uploads\/2026\/03\/Logo-ReduzidoFull-White-Site-1-1536x728.png 1536w, https:\/\/mbinitiative.org\/wp-content\/uploads\/2026\/03\/Logo-ReduzidoFull-White-Site-1-2048x970.png 2048w, https:\/\/mbinitiative.org\/wp-content\/uploads\/2026\/03\/Logo-ReduzidoFull-White-Site-1-18x9.png 18w\" sizes=\"(max-width: 800px) 100vw, 800px\" \/>\t\t\t\t\t\t\t\t\t\t\t\t\t\t\t<\/div>\n\t\t\t\t<\/div>\n\t\t\t\t<\/div>\n\t\t\t\t\t<\/div>\n\t\t\t\t<\/div>\n\t\t<div class=\"elementor-element elementor-element-6ad8a4b e-flex e-con-boxed e-con e-parent\" data-id=\"6ad8a4b\" data-element_type=\"container\" data-settings=\"{&quot;background_background&quot;:&quot;classic&quot;,&quot;jet_parallax_layout_list&quot;:[]}\">\n\t\t\t\t\t<div class=\"e-con-inner\">\n\t\t<div class=\"elementor-element elementor-element-e89a5de e-con-full form-card e-flex e-con e-child\" data-id=\"e89a5de\" data-element_type=\"container\" id=\"form-card\" data-settings=\"{&quot;jet_parallax_layout_list&quot;:[]}\">\n\t\t\t\t<div class=\"elementor-element elementor-element-65b690d elementor-widget elementor-widget-heading\" data-id=\"65b690d\" data-element_type=\"widget\" data-widget_type=\"heading.default\">\n\t\t\t\t<div class=\"elementor-widget-container\">\n\t\t\t\t\t<h2 class=\"elementor-heading-title elementor-size-default\">\nCompartilhe a hist\u00f3ria do seu filho <\/h2>\t\t\t\t<\/div>\n\t\t\t\t<\/div>\n\t\t\t\t<div class=\"elementor-element elementor-element-815385e elementor-widget elementor-widget-text-editor\" data-id=\"815385e\" data-element_type=\"widget\" data-widget_type=\"text-editor.default\">\n\t\t\t\t<div class=\"elementor-widget-container\">\n\t\t\t\t\t\t\t\t\t<p><strong>Brave Kids<\/strong> \u00e9 uma se\u00e7\u00e3o do site e das redes sociais da Medulloblastoma Initiative onde fam\u00edlias compartilham as experi\u00eancias de crian\u00e7as afetadas pelo meduloblastoma. \u00c9 um espa\u00e7o para voc\u00ea contar essa hist\u00f3ria com suas pr\u00f3prias palavras, al\u00e9m de uma forma de reconhecer essas trajet\u00f3rias e dar visibilidade a elas.<\/p><p>Recebemos todas as hist\u00f3rias \u2014 de crian\u00e7as que j\u00e1 conclu\u00edram o tratamento, daquelas que est\u00e3o enfrentando uma recidiva e tamb\u00e9m daquelas que lembramos com amor. Todas as hist\u00f3rias importam.<\/p><p>Voc\u00ea pode escrever sua hist\u00f3ria em ingl\u00eas ou em portugu\u00eas \u2014 como se sentir mais \u00e0 vontade.<\/p><p class=\"translation-block\">Se tiver qualquer d\u00favida, entre em contato conosco pelo e-mail \n<a href=\"mailto:martina.fischer@mbinitiative.org\">martina.fischer@mbinitiative.org<\/a> \nou pelo WhatsApp \n<a href=\"https:\/\/api.whatsapp.com\/send\/?phone=5551998208643&amp;text&amp;type=phone_number&amp;app_absent=0\">\n+55 51 9 9820 8643\n<\/a>.<\/p><p>Obrigado por confiar em n\u00f3s para compartilhar sua hist\u00f3ria.<\/p>\t\t\t\t\t\t\t\t<\/div>\n\t\t\t\t<\/div>\n\t\t\t\t<div class=\"elementor-element elementor-element-9898cd9 elementor-button-align-center elementor-widget elementor-widget-form\" data-id=\"9898cd9\" data-element_type=\"widget\" data-settings=\"{&quot;step_next_label&quot;:&quot;Pr\\u00f3ximo&quot;,&quot;step_previous_label&quot;:&quot;Anterior&quot;,&quot;button_width&quot;:&quot;100&quot;,&quot;step_type&quot;:&quot;number_text&quot;,&quot;step_icon_shape&quot;:&quot;circle&quot;}\" data-widget_type=\"form.default\">\n\t\t\t\t<div class=\"elementor-widget-container\">\n\t\t\t\t\t\t\t<form class=\"elementor-form\" method=\"post\" name=\"Brave Kids\" aria-label=\"Brave Kids\" action=\"\">\n\t\t\t<input type=\"hidden\" name=\"post_id\" value=\"7852\"\/>\n\t\t\t<input type=\"hidden\" name=\"form_id\" value=\"9898cd9\"\/>\n\t\t\t<input type=\"hidden\" name=\"referer_title\" value=\"Form Brave Kids - The Medulloblastoma Initiative\" \/>\n\n\t\t\t\t\t\t\t<input type=\"hidden\" name=\"queried_id\" value=\"7852\"\/>\n\t\t\t\n\t\t\t<div class=\"elementor-form-fields-wrapper elementor-labels-above\">\n\t\t\t\t\t\t\t\t<div class=\"elementor-field-type-text elementor-field-group elementor-column elementor-field-group-name elementor-col-50 elementor-field-required elementor-mark-required\">\n\t\t\t\t\t\t\t\t\t\t\t\t<label for=\"form-field-name\" class=\"elementor-field-label\">\n\t\t\t\t\t\t\t\tNome\t\t\t\t\t\t\t<\/label>\n\t\t\t\t\t\t\t\t\t\t\t\t\t\t<input size=\"1\" type=\"text\" name=\"form_fields[name]\" id=\"form-field-name\" class=\"elementor-field elementor-size-md  elementor-field-textual\" placeholder=\"Nome completo do parente\/respons\u00e1vel\" required=\"required\">\n\t\t\t\t\t\t\t\t\t\t\t<\/div>\n\t\t\t\t\t\t\t\t<div class=\"elementor-field-type-email elementor-field-group elementor-column elementor-field-group-email elementor-col-50 elementor-field-required elementor-mark-required\">\n\t\t\t\t\t\t\t\t\t\t\t\t<label for=\"form-field-email\" class=\"elementor-field-label\">\n\t\t\t\t\t\t\t\tE-mail\t\t\t\t\t\t\t<\/label>\n\t\t\t\t\t\t\t\t\t\t\t\t\t\t<input size=\"1\" type=\"email\" name=\"form_fields[email]\" id=\"form-field-email\" class=\"elementor-field elementor-size-md  elementor-field-textual\" placeholder=\"Endere\u00e7o de e-mail\" required=\"required\">\n\t\t\t\t\t\t\t\t\t\t\t<\/div>\n\t\t\t\t\t\t\t\t<div class=\"elementor-field-type-text elementor-field-group elementor-column elementor-field-group-field_ff292e9 elementor-col-33 elementor-field-required elementor-mark-required\">\n\t\t\t\t\t\t\t\t\t\t\t\t<label for=\"form-field-field_ff292e9\" class=\"elementor-field-label\">\n\t\t\t\t\t\t\t\tNome da crian\u00e7a\t\t\t\t\t\t\t<\/label>\n\t\t\t\t\t\t\t\t\t\t\t\t\t\t<input size=\"1\" type=\"text\" name=\"form_fields[field_ff292e9]\" id=\"form-field-field_ff292e9\" class=\"elementor-field elementor-size-md  elementor-field-textual\" placeholder=\"Nome da crian\u00e7a\" required=\"required\">\n\t\t\t\t\t\t\t\t\t\t\t<\/div>\n\t\t\t\t\t\t\t\t<div class=\"elementor-field-type-text elementor-field-group elementor-column elementor-field-group-field_5d60d55 elementor-col-33 elementor-field-required elementor-mark-required\">\n\t\t\t\t\t\t\t\t\t\t\t\t<label for=\"form-field-field_5d60d55\" class=\"elementor-field-label\">\n\t\t\t\t\t\t\t\tIdade do diagn\u00f3stico\t\t\t\t\t\t\t<\/label>\n\t\t\t\t\t\t\t\t\t\t\t\t\t\t<input size=\"1\" type=\"text\" name=\"form_fields[field_5d60d55]\" id=\"form-field-field_5d60d55\" class=\"elementor-field elementor-size-md  elementor-field-textual\" placeholder=\"Idade do diagn\u00f3stico\" required=\"required\">\n\t\t\t\t\t\t\t\t\t\t\t<\/div>\n\t\t\t\t\t\t\t\t<div class=\"elementor-field-type-text elementor-field-group elementor-column elementor-field-group-field_e962a0f elementor-col-33 elementor-field-required elementor-mark-required\">\n\t\t\t\t\t\t\t\t\t\t\t\t<label for=\"form-field-field_e962a0f\" class=\"elementor-field-label\">\n\t\t\t\t\t\t\t\tData do diagn\u00f3stico\t\t\t\t\t\t\t<\/label>\n\t\t\t\t\t\t\t\t\t\t\t\t\t\t<input size=\"1\" type=\"text\" name=\"form_fields[field_e962a0f]\" id=\"form-field-field_e962a0f\" class=\"elementor-field elementor-size-md  elementor-field-textual\" placeholder=\"Data do diagn\u00f3stico\" required=\"required\">\n\t\t\t\t\t\t\t\t\t\t\t<\/div>\n\t\t\t\t\t\t\t\t<div class=\"elementor-field-type-textarea elementor-field-group elementor-column elementor-field-group-field_99f0bd6 elementor-col-100 elementor-field-required elementor-mark-required\">\n\t\t\t\t\t\t\t\t\t\t\t\t<label for=\"form-field-field_99f0bd6\" class=\"elementor-field-label\">\n\t\t\t\t\t\t\t\tHist\u00f3ria da crian\u00e7a\t\t\t\t\t\t\t<\/label>\n\t\t\t\t\t\t<textarea class=\"elementor-field-textual elementor-field  elementor-size-md\" name=\"form_fields[field_99f0bd6]\" id=\"form-field-field_99f0bd6\" rows=\"4\" placeholder=\"Por favor, compartilhe a hist\u00f3ria do seu filho(a).Voc\u00ea pode escrever entre 300 e 500 palavras.Este texto poder\u00e1 ser compartilhado pela MBI em nosso site e redes sociais, com pequenas edi\u00e7\u00f5es, se necess\u00e1rio.\" required=\"required\"><\/textarea>\t\t\t\t<\/div>\n\t\t\t\t\t\t\t\t<div class=\"elementor-field-type-upload elementor-field-group elementor-column elementor-field-group-field_0415c44 elementor-col-100 elementor-field-required elementor-mark-required\">\n\t\t\t\t\t\t\t\t\t\t\t\t<label for=\"form-field-field_0415c44\" class=\"elementor-field-label\">\n\t\t\t\t\t\t\t\tPor favor, envie-nos pelo menos duas fotos do seu filho(a)\t\t\t\t\t\t\t<\/label>\n\t\t\t\t\t\t\t\t<input type=\"file\" name=\"form_fields[field_0415c44][]\" id=\"form-field-field_0415c44\" class=\"elementor-field elementor-size-md  elementor-upload-field\" required=\"required\" multiple=\"multiple\">\n\n\t\t\t\t\t\t<\/div>\n\t\t\t\t\t\t\t\t<div class=\"elementor-field-type-radio elementor-field-group elementor-column elementor-field-group-field_7024302 elementor-col-100 elementor-field-required elementor-mark-required\">\n\t\t\t\t\t\t\t\t\t\t\t\t<label for=\"form-field-field_7024302\" class=\"elementor-field-label\">\n\t\t\t\t\t\t\t\tConsentimento para uso de texto e imagens: Concordo que a MBI possa utilizar minha hist\u00f3ria e fotos (com poss\u00edveis edi\u00e7\u00f5es) em seu site, redes sociais e outros materiais.\t\t\t\t\t\t\t<\/label>\n\t\t\t\t\t\t<div class=\"elementor-field-subgroup\"><span class=\"elementor-field-option\"><input type=\"radio\" value=\"Yes, I agree\" id=\"form-field-field_7024302-0\" name=\"form_fields[field_7024302]\" required=\"required\"> <label for=\"form-field-field_7024302-0\">Yes, I agree<\/label><\/span><span class=\"elementor-field-option\"><input type=\"radio\" value=\"No\" id=\"form-field-field_7024302-1\" name=\"form_fields[field_7024302]\" required=\"required\"> <label for=\"form-field-field_7024302-1\">N\u00e3o<\/label><\/span><\/div>\t\t\t\t<\/div>\n\t\t\t\t\t\t\t\t<div class=\"elementor-field-group elementor-column elementor-field-type-submit elementor-col-100 e-form__buttons\">\n\t\t\t\t\t<button class=\"elementor-button elementor-size-md\" type=\"submit\">\n\t\t\t\t\t\t<span class=\"elementor-button-content-wrapper\">\n\t\t\t\t\t\t\t\t\t\t\t\t\t\t\t\t\t\t\t\t\t\t<span class=\"elementor-button-text\">Enviar<\/span>\n\t\t\t\t\t\t\t\t\t\t\t\t\t<\/span>\n\t\t\t\t\t<\/button>\n\t\t\t\t<\/div>\n\t\t\t<\/div>\n\t\t<input type=\"hidden\" name=\"trp-form-language\" value=\"pt\"\/><\/form>\n\t\t\t\t\t\t<\/div>\n\t\t\t\t<\/div>\n\t\t\t\t<\/div>\n\t\t\t\t\t<\/div>\n\t\t\t\t<\/div>\n\t\t\t\t<\/div>","protected":false},"excerpt":{"rendered":"<p>Back MBI Brave Kids MBI invites you to share your Brave Kid\u2019s story Brave Kids is a section on the Medulloblastoma Initiative website and social media where families share the experiences of children affected by medulloblastoma. It&#8217;s\u00a0a space for you to tell it in your own words and a way to recognize their journeys and [&hellip;]<\/p>","protected":false},"author":11,"featured_media":0,"parent":0,"menu_order":0,"comment_status":"closed","ping_status":"closed","template":"","meta":{"footnotes":""},"class_list":["post-7852","page","type-page","status-publish","hentry"],"yoast_head":"<!-- This site is optimized with the Yoast SEO plugin v26.0 - https:\/\/yoast.com\/wordpress\/plugins\/seo\/ -->\n<title>Form Brave Kids - The Medulloblastoma Initiative<\/title>\n<meta name=\"robots\" content=\"index, follow, max-snippet:-1, max-image-preview:large, max-video-preview:-1\" \/>\n<link rel=\"canonical\" href=\"https:\/\/mbinitiative.org\/pt\/form-brave-kids\/\" \/>\n<meta property=\"og:locale\" content=\"pt_BR\" \/>\n<meta property=\"og:type\" content=\"article\" \/>\n<meta property=\"og:title\" content=\"Form Brave Kids - The Medulloblastoma Initiative\" \/>\n<meta property=\"og:description\" content=\"Back MBI Brave Kids MBI invites you to share your Brave Kid\u2019s story Brave Kids is a section on the Medulloblastoma Initiative website and social media where families share the experiences of children affected by medulloblastoma. It&#8217;s\u00a0a space for you to tell it in your own words and a way to recognize their journeys and [&hellip;]\" \/>\n<meta property=\"og:url\" content=\"https:\/\/mbinitiative.org\/pt\/form-brave-kids\/\" \/>\n<meta property=\"og:site_name\" content=\"The Medulloblastoma Initiative\" \/>\n<meta property=\"article:publisher\" content=\"https:\/\/www.facebook.com\/themedulloblastomainitiative\" \/>\n<meta property=\"article:modified_time\" content=\"2026-04-17T20:53:48+00:00\" \/>\n<meta property=\"og:image\" content=\"https:\/\/mbinitiative.org\/wp-content\/uploads\/2026\/03\/Logo-ReduzidoFull-White-Site-1-scaled.png\" \/>\n\t<meta property=\"og:image:width\" content=\"2560\" \/>\n\t<meta property=\"og:image:height\" content=\"1213\" \/>\n\t<meta property=\"og:image:type\" content=\"image\/png\" \/>\n<meta name=\"twitter:card\" content=\"summary_large_image\" \/>\n<meta name=\"twitter:label1\" content=\"Est. tempo de leitura\" \/>\n\t<meta name=\"twitter:data1\" content=\"2 minutos\" \/>\n<script type=\"application\/ld+json\" class=\"yoast-schema-graph\">{\"@context\":\"https:\/\/schema.org\",\"@graph\":[{\"@type\":\"WebPage\",\"@id\":\"https:\/\/mbinitiative.org\/form-brave-kids\/\",\"url\":\"https:\/\/mbinitiative.org\/form-brave-kids\/\",\"name\":\"Form Brave Kids - The Medulloblastoma Initiative\",\"isPartOf\":{\"@id\":\"https:\/\/mbinitiative.org\/#website\"},\"primaryImageOfPage\":{\"@id\":\"https:\/\/mbinitiative.org\/form-brave-kids\/#primaryimage\"},\"image\":{\"@id\":\"https:\/\/mbinitiative.org\/form-brave-kids\/#primaryimage\"},\"thumbnailUrl\":\"https:\/\/mbinitiative.org\/wp-content\/uploads\/2026\/03\/Logo-ReduzidoFull-White-Site-1-1024x485.png\",\"datePublished\":\"2026-04-09T19:24:14+00:00\",\"dateModified\":\"2026-04-17T20:53:48+00:00\",\"breadcrumb\":{\"@id\":\"https:\/\/mbinitiative.org\/form-brave-kids\/#breadcrumb\"},\"inLanguage\":\"pt-BR\",\"potentialAction\":[{\"@type\":\"ReadAction\",\"target\":[\"https:\/\/mbinitiative.org\/form-brave-kids\/\"]}]},{\"@type\":\"ImageObject\",\"inLanguage\":\"pt-BR\",\"@id\":\"https:\/\/mbinitiative.org\/form-brave-kids\/#primaryimage\",\"url\":\"https:\/\/mbinitiative.org\/wp-content\/uploads\/2026\/03\/Logo-ReduzidoFull-White-Site-1-1024x485.png\",\"contentUrl\":\"https:\/\/mbinitiative.org\/wp-content\/uploads\/2026\/03\/Logo-ReduzidoFull-White-Site-1-1024x485.png\"},{\"@type\":\"BreadcrumbList\",\"@id\":\"https:\/\/mbinitiative.org\/form-brave-kids\/#breadcrumb\",\"itemListElement\":[{\"@type\":\"ListItem\",\"position\":1,\"name\":\"In\u00edcio\",\"item\":\"https:\/\/mbinitiative.org\/\"},{\"@type\":\"ListItem\",\"position\":2,\"name\":\"Form Brave Kids\"}]},{\"@type\":\"WebSite\",\"@id\":\"https:\/\/mbinitiative.org\/#website\",\"url\":\"https:\/\/mbinitiative.org\/\",\"name\":\"The Medulloblastoma Initiative\",\"description\":\"Cura do Meduloblastoma Infantil\",\"publisher\":{\"@id\":\"https:\/\/mbinitiative.org\/#organization\"},\"potentialAction\":[{\"@type\":\"SearchAction\",\"target\":{\"@type\":\"EntryPoint\",\"urlTemplate\":\"https:\/\/mbinitiative.org\/?s={search_term_string}\"},\"query-input\":{\"@type\":\"PropertyValueSpecification\",\"valueRequired\":true,\"valueName\":\"search_term_string\"}}],\"inLanguage\":\"pt-BR\"},{\"@type\":\"Organization\",\"@id\":\"https:\/\/mbinitiative.org\/#organization\",\"name\":\"The Medulloblastoma Initiative\",\"url\":\"https:\/\/mbinitiative.org\/\",\"logo\":{\"@type\":\"ImageObject\",\"inLanguage\":\"pt-BR\",\"@id\":\"https:\/\/mbinitiative.org\/#\/schema\/logo\/image\/\",\"url\":\"https:\/\/mbinitiative.org\/wp-content\/uploads\/2023\/10\/LOGO-MBI.png\",\"contentUrl\":\"https:\/\/mbinitiative.org\/wp-content\/uploads\/2023\/10\/LOGO-MBI.png\",\"width\":354,\"height\":168,\"caption\":\"The Medulloblastoma Initiative\"},\"image\":{\"@id\":\"https:\/\/mbinitiative.org\/#\/schema\/logo\/image\/\"},\"sameAs\":[\"https:\/\/www.facebook.com\/themedulloblastomainitiative\",\"https:\/\/www.instagram.com\/medulloblastomainitiative\/\",\"https:\/\/www.linkedin.com\/company\/medulloblastomainitiative\/\",\"https:\/\/www.youtube.com\/@mbinitiative\"]}]}<\/script>\n<!-- \/ Yoast SEO plugin. -->","yoast_head_json":{"title":"Form Brave Kids - The Medulloblastoma Initiative","robots":{"index":"index","follow":"follow","max-snippet":"max-snippet:-1","max-image-preview":"max-image-preview:large","max-video-preview":"max-video-preview:-1"},"canonical":"https:\/\/mbinitiative.org\/pt\/form-brave-kids\/","og_locale":"pt_BR","og_type":"article","og_title":"Form Brave Kids - The Medulloblastoma Initiative","og_description":"Back MBI Brave Kids MBI invites you to share your Brave Kid\u2019s story Brave Kids is a section on the Medulloblastoma Initiative website and social media where families share the experiences of children affected by medulloblastoma. It&#8217;s\u00a0a space for you to tell it in your own words and a way to recognize their journeys and [&hellip;]","og_url":"https:\/\/mbinitiative.org\/pt\/form-brave-kids\/","og_site_name":"The Medulloblastoma Initiative","article_publisher":"https:\/\/www.facebook.com\/themedulloblastomainitiative","article_modified_time":"2026-04-17T20:53:48+00:00","og_image":[{"width":2560,"height":1213,"url":"https:\/\/mbinitiative.org\/wp-content\/uploads\/2026\/03\/Logo-ReduzidoFull-White-Site-1-scaled.png","type":"image\/png"}],"twitter_card":"summary_large_image","twitter_misc":{"Est. tempo de leitura":"2 minutos"},"schema":{"@context":"https:\/\/schema.org","@graph":[{"@type":"WebPage","@id":"https:\/\/mbinitiative.org\/form-brave-kids\/","url":"https:\/\/mbinitiative.org\/form-brave-kids\/","name":"Form Brave Kids - The Medulloblastoma Initiative","isPartOf":{"@id":"https:\/\/mbinitiative.org\/#website"},"primaryImageOfPage":{"@id":"https:\/\/mbinitiative.org\/form-brave-kids\/#primaryimage"},"image":{"@id":"https:\/\/mbinitiative.org\/form-brave-kids\/#primaryimage"},"thumbnailUrl":"https:\/\/mbinitiative.org\/wp-content\/uploads\/2026\/03\/Logo-ReduzidoFull-White-Site-1-1024x485.png","datePublished":"2026-04-09T19:24:14+00:00","dateModified":"2026-04-17T20:53:48+00:00","breadcrumb":{"@id":"https:\/\/mbinitiative.org\/form-brave-kids\/#breadcrumb"},"inLanguage":"pt-BR","potentialAction":[{"@type":"ReadAction","target":["https:\/\/mbinitiative.org\/form-brave-kids\/"]}]},{"@type":"ImageObject","inLanguage":"pt-BR","@id":"https:\/\/mbinitiative.org\/form-brave-kids\/#primaryimage","url":"https:\/\/mbinitiative.org\/wp-content\/uploads\/2026\/03\/Logo-ReduzidoFull-White-Site-1-1024x485.png","contentUrl":"https:\/\/mbinitiative.org\/wp-content\/uploads\/2026\/03\/Logo-ReduzidoFull-White-Site-1-1024x485.png"},{"@type":"BreadcrumbList","@id":"https:\/\/mbinitiative.org\/form-brave-kids\/#breadcrumb","itemListElement":[{"@type":"ListItem","position":1,"name":"In\u00edcio","item":"https:\/\/mbinitiative.org\/"},{"@type":"ListItem","position":2,"name":"Form Brave Kids"}]},{"@type":"WebSite","@id":"https:\/\/mbinitiative.org\/#website","url":"https:\/\/mbinitiative.org\/","name":"(The Medulloblastoma Initiative)","description":"Cura do Meduloblastoma Infantil","publisher":{"@id":"https:\/\/mbinitiative.org\/#organization"},"potentialAction":[{"@type":"SearchAction","target":{"@type":"EntryPoint","urlTemplate":"https:\/\/mbinitiative.org\/?s={search_term_string}"},"query-input":{"@type":"PropertyValueSpecification","valueRequired":true,"valueName":"search_term_string"}}],"inLanguage":"pt-BR"},{"@type":"Organization","@id":"https:\/\/mbinitiative.org\/#organization","name":"(The Medulloblastoma Initiative)","url":"https:\/\/mbinitiative.org\/","logo":{"@type":"ImageObject","inLanguage":"pt-BR","@id":"https:\/\/mbinitiative.org\/#\/schema\/logo\/image\/","url":"https:\/\/mbinitiative.org\/wp-content\/uploads\/2023\/10\/LOGO-MBI.png","contentUrl":"https:\/\/mbinitiative.org\/wp-content\/uploads\/2023\/10\/LOGO-MBI.png","width":354,"height":168,"caption":"The Medulloblastoma Initiative"},"image":{"@id":"https:\/\/mbinitiative.org\/#\/schema\/logo\/image\/"},"sameAs":["https:\/\/www.facebook.com\/themedulloblastomainitiative","https:\/\/www.instagram.com\/medulloblastomainitiative\/","https:\/\/www.linkedin.com\/company\/medulloblastomainitiative\/","https:\/\/www.youtube.com\/@mbinitiative"]}]}},"_links":{"self":[{"href":"https:\/\/mbinitiative.org\/pt\/wp-json\/wp\/v2\/pages\/7852","targetHints":{"allow":["GET"]}}],"collection":[{"href":"https:\/\/mbinitiative.org\/pt\/wp-json\/wp\/v2\/pages"}],"about":[{"href":"https:\/\/mbinitiative.org\/pt\/wp-json\/wp\/v2\/types\/page"}],"author":[{"embeddable":true,"href":"https:\/\/mbinitiative.org\/pt\/wp-json\/wp\/v2\/users\/11"}],"replies":[{"embeddable":true,"href":"https:\/\/mbinitiative.org\/pt\/wp-json\/wp\/v2\/comments?post=7852"}],"version-history":[{"count":157,"href":"https:\/\/mbinitiative.org\/pt\/wp-json\/wp\/v2\/pages\/7852\/revisions"}],"predecessor-version":[{"id":8216,"href":"https:\/\/mbinitiative.org\/pt\/wp-json\/wp\/v2\/pages\/7852\/revisions\/8216"}],"wp:attachment":[{"href":"https:\/\/mbinitiative.org\/pt\/wp-json\/wp\/v2\/media?parent=7852"}],"curies":[{"name":"wp","href":"https:\/\/api.w.org\/{rel}","templated":true}]}}