{"id":7480,"date":"2026-03-12T19:12:01","date_gmt":"2026-03-12T22:12:01","guid":{"rendered":"https:\/\/mbinitiative.org\/?page_id=7480"},"modified":"2026-04-17T20:11:59","modified_gmt":"2026-04-17T23:11:59","slug":"all-brave-kids","status":"publish","type":"page","link":"https:\/\/mbinitiative.org\/pt\/all-brave-kids\/","title":{"rendered":"All Brave Kids"},"content":{"rendered":"<div data-elementor-type=\"wp-page\" data-elementor-id=\"7480\" class=\"elementor elementor-7480\" data-elementor-post-type=\"page\">\n\t\t\t\t<div class=\"elementor-element elementor-element-86b8798 e-flex e-con-boxed e-con e-parent\" data-id=\"86b8798\" data-element_type=\"container\" data-settings=\"{&quot;background_background&quot;:&quot;gradient&quot;,&quot;jet_parallax_layout_list&quot;:[]}\">\n\t\t\t\t\t<div class=\"e-con-inner\">\n\t\t<div class=\"elementor-element elementor-element-ebb2815 e-con-full e-flex e-con e-child\" data-id=\"ebb2815\" data-element_type=\"container\" data-settings=\"{&quot;jet_parallax_layout_list&quot;:[]}\">\n\t\t\t\t<div class=\"elementor-element elementor-element-ffb862b elementor-align-center elementor-widget-tablet__width-inherit elementor-hidden-tablet elementor-hidden-mobile elementor-widget elementor-widget-button\" data-id=\"ffb862b\" data-element_type=\"widget\" data-widget_type=\"button.default\">\n\t\t\t\t<div class=\"elementor-widget-container\">\n\t\t\t\t\t\t\t\t\t<div class=\"elementor-button-wrapper\">\n\t\t\t\t\t<a class=\"elementor-button elementor-button-link elementor-size-sm\" href=\"http:\/\/MBInitiative.org\">\n\t\t\t\t\t\t<span class=\"elementor-button-content-wrapper\">\n\t\t\t\t\t\t<span class=\"elementor-button-icon\">\n\t\t\t\t<i aria-hidden=\"true\" class=\"fas fa-chevron-left\"><\/i>\t\t\t<\/span>\n\t\t\t\t\t\t\t\t\t<span class=\"elementor-button-text\">Voltar<\/span>\n\t\t\t\t\t<\/span>\n\t\t\t\t\t<\/a>\n\t\t\t\t<\/div>\n\t\t\t\t\t\t\t\t<\/div>\n\t\t\t\t<\/div>\n\t\t\t\t<\/div>\n\t\t\t\t<div class=\"elementor-element elementor-element-6cfb094 elementor-widget__width-inherit elementor-widget elementor-widget-heading\" data-id=\"6cfb094\" data-element_type=\"widget\" data-widget_type=\"heading.default\">\n\t\t\t\t<div class=\"elementor-widget-container\">\n\t\t\t\t\t<h2 class=\"elementor-heading-title elementor-size-default\">MBI Brave Kids<\/h2>\t\t\t\t<\/div>\n\t\t\t\t<\/div>\n\t\t<div class=\"elementor-element elementor-element-be125f9 e-con-full e-flex e-con e-child\" data-id=\"be125f9\" data-element_type=\"container\" data-settings=\"{&quot;jet_parallax_layout_list&quot;:[]}\">\n\t\t\t\t<div class=\"elementor-element elementor-element-be810d1 elementor-widget elementor-widget-image\" data-id=\"be810d1\" data-element_type=\"widget\" data-widget_type=\"image.default\">\n\t\t\t\t<div class=\"elementor-widget-container\">\n\t\t\t\t\t\t\t\t\t\t\t\t\t\t\t<img fetchpriority=\"high\" decoding=\"async\" width=\"800\" height=\"379\" src=\"https:\/\/mbinitiative.org\/wp-content\/uploads\/2026\/03\/Logo-ReduzidoFull-White-Site-1-1024x485.png\" class=\"attachment-large size-large wp-image-7720\" alt=\"\" srcset=\"https:\/\/mbinitiative.org\/wp-content\/uploads\/2026\/03\/Logo-ReduzidoFull-White-Site-1-1024x485.png 1024w, https:\/\/mbinitiative.org\/wp-content\/uploads\/2026\/03\/Logo-ReduzidoFull-White-Site-1-300x142.png 300w, https:\/\/mbinitiative.org\/wp-content\/uploads\/2026\/03\/Logo-ReduzidoFull-White-Site-1-768x364.png 768w, https:\/\/mbinitiative.org\/wp-content\/uploads\/2026\/03\/Logo-ReduzidoFull-White-Site-1-1536x728.png 1536w, https:\/\/mbinitiative.org\/wp-content\/uploads\/2026\/03\/Logo-ReduzidoFull-White-Site-1-2048x970.png 2048w, https:\/\/mbinitiative.org\/wp-content\/uploads\/2026\/03\/Logo-ReduzidoFull-White-Site-1-18x9.png 18w\" sizes=\"(max-width: 800px) 100vw, 800px\" \/>\t\t\t\t\t\t\t\t\t\t\t\t\t\t\t<\/div>\n\t\t\t\t<\/div>\n\t\t\t\t<\/div>\n\t\t\t\t\t<\/div>\n\t\t\t\t<\/div>\n\t\t<div class=\"elementor-element elementor-element-f57d023 e-flex e-con-boxed e-con e-parent\" data-id=\"f57d023\" data-element_type=\"container\" data-settings=\"{&quot;background_background&quot;:&quot;gradient&quot;,&quot;jet_parallax_layout_list&quot;:[]}\">\n\t\t\t\t\t<div class=\"e-con-inner\">\n\t\t\t\t\t<\/div>\n\t\t\t\t<\/div>\n\t\t<div class=\"elementor-element elementor-element-7eb64a3 e-flex e-con-boxed e-con e-parent\" data-id=\"7eb64a3\" data-element_type=\"container\" data-settings=\"{&quot;jet_parallax_layout_list&quot;:[],&quot;background_background&quot;:&quot;classic&quot;}\">\n\t\t\t\t\t<div class=\"e-con-inner\">\n\t\t<div class=\"elementor-element elementor-element-c74f1c9 e-con-full e-flex e-con e-child\" data-id=\"c74f1c9\" data-element_type=\"container\" data-settings=\"{&quot;jet_parallax_layout_list&quot;:[]}\">\n\t\t<div class=\"elementor-element elementor-element-1313fa4 e-con-full e-flex e-con e-child\" data-id=\"1313fa4\" data-element_type=\"container\" data-settings=\"{&quot;jet_parallax_layout_list&quot;:[]}\">\n\t\t\t\t<div class=\"elementor-element elementor-element-2483da8 elementor-widget__width-initial elementor-widget elementor-widget-text-editor\" data-id=\"2483da8\" data-element_type=\"widget\" data-widget_type=\"text-editor.default\">\n\t\t\t\t<div class=\"elementor-widget-container\">\n\t\t\t\t\t\t\t\t\t<p>Hist\u00f3rias inspiradoras de crian\u00e7as que transformam suas batalhas mais dif\u00edceis em poderosas li\u00e7\u00f5es de for\u00e7a, esperan\u00e7a e resili\u00eancia.<\/p>\t\t\t\t\t\t\t\t<\/div>\n\t\t\t\t<\/div>\n\t\t\t\t<div class=\"elementor-element elementor-element-912f384 elementor-align-center elementor-widget-tablet__width-inherit elementor-widget elementor-widget-button\" data-id=\"912f384\" data-element_type=\"widget\" data-widget_type=\"button.default\">\n\t\t\t\t<div class=\"elementor-widget-container\">\n\t\t\t\t\t\t\t\t\t<div class=\"elementor-button-wrapper\">\n\t\t\t\t\t<a class=\"elementor-button elementor-button-link elementor-size-sm\" href=\"https:\/\/mbinitiative.org\/pt\/form-brave-kids\/\" target=\"_blank\">\n\t\t\t\t\t\t<span class=\"elementor-button-content-wrapper\">\n\t\t\t\t\t\t<span class=\"elementor-button-icon\">\n\t\t\t\t<i aria-hidden=\"true\" class=\"fas fa-heart\"><\/i>\t\t\t<\/span>\n\t\t\t\t\t\t\t\t\t<span class=\"elementor-button-text\">Conte sua hist\u00f3ria <\/span>\n\t\t\t\t\t<\/span>\n\t\t\t\t\t<\/a>\n\t\t\t\t<\/div>\n\t\t\t\t\t\t\t\t<\/div>\n\t\t\t\t<\/div>\n\t\t\t\t<\/div>\n\t\t\t\t<div class=\"elementor-element elementor-element-e7a54d6 elementor-grid-mobile-2 elementor-widget-mobile__width-inherit elementor-grid-4 elementor-grid-tablet-2 elementor-widget elementor-widget-portfolio\" data-id=\"e7a54d6\" data-element_type=\"widget\" data-settings=\"{&quot;item_ratio&quot;:{&quot;unit&quot;:&quot;px&quot;,&quot;size&quot;:1.42,&quot;sizes&quot;:[]},&quot;row_gap&quot;:{&quot;unit&quot;:&quot;px&quot;,&quot;size&quot;:3,&quot;sizes&quot;:[]},&quot;columns_mobile&quot;:&quot;2&quot;,&quot;columns&quot;:&quot;4&quot;,&quot;columns_tablet&quot;:&quot;2&quot;,&quot;item_gap&quot;:{&quot;unit&quot;:&quot;px&quot;,&quot;size&quot;:&quot;&quot;,&quot;sizes&quot;:[]}}\" data-widget_type=\"portfolio.default\">\n\t\t\t\t<div class=\"elementor-widget-container\">\n\t\t\t\t\t\t\t<div class=\"elementor-portfolio elementor-grid elementor-posts-container\" role=\"list\">\n\t\t\t\t<article class=\"elementor-portfolio-item elementor-post  post-7795 brave_kids type-brave_kids status-publish has-post-thumbnail hentry\" role=\"listitem\">\n\t\t\t<a class=\"elementor-post__thumbnail__link\" href=\"https:\/\/mbinitiative.org\/pt\/brave_kids\/frederico-w-goldsztein\/\">\n\t\t\t\t<div class=\"elementor-portfolio-item__img elementor-post__thumbnail\">\n\t\t\t<img decoding=\"async\" width=\"1920\" height=\"2560\" src=\"https:\/\/mbinitiative.org\/wp-content\/uploads\/2026\/04\/Frederico-W.-Goldsztein-scaled.jpeg\" class=\"attachment-full size-full wp-image-7802\" alt=\"\" srcset=\"https:\/\/mbinitiative.org\/wp-content\/uploads\/2026\/04\/Frederico-W.-Goldsztein-scaled.jpeg 1920w, https:\/\/mbinitiative.org\/wp-content\/uploads\/2026\/04\/Frederico-W.-Goldsztein-225x300.jpeg 225w, https:\/\/mbinitiative.org\/wp-content\/uploads\/2026\/04\/Frederico-W.-Goldsztein-768x1024.jpeg 768w, https:\/\/mbinitiative.org\/wp-content\/uploads\/2026\/04\/Frederico-W.-Goldsztein-1152x1536.jpeg 1152w, https:\/\/mbinitiative.org\/wp-content\/uploads\/2026\/04\/Frederico-W.-Goldsztein-1536x2048.jpeg 1536w, https:\/\/mbinitiative.org\/wp-content\/uploads\/2026\/04\/Frederico-W.-Goldsztein-9x12.jpeg 9w\" sizes=\"(max-width: 1920px) 100vw, 1920px\" \/>\t\t<\/div>\n\t\t\t\t<div class=\"elementor-portfolio-item__overlay\">\n\t\t\t\t<h3 class=\"elementor-portfolio-item__title\">\n\t\tFrederico\t\t<\/h3>\n\t\t\t\t<\/div>\n\t\t\t\t<\/a>\n\t\t<\/article>\n\t\t\t\t<article class=\"elementor-portfolio-item elementor-post  post-8016 brave_kids type-brave_kids status-publish has-post-thumbnail hentry\" role=\"listitem\">\n\t\t\t<a class=\"elementor-post__thumbnail__link\" href=\"https:\/\/mbinitiative.org\/pt\/brave_kids\/william\/\">\n\t\t\t\t<div class=\"elementor-portfolio-item__img elementor-post__thumbnail\">\n\t\t\t<img decoding=\"async\" width=\"1280\" height=\"1707\" src=\"https:\/\/mbinitiative.org\/wp-content\/uploads\/2026\/04\/William-1-1.jpg\" class=\"attachment-full size-full wp-image-8045\" alt=\"\" srcset=\"https:\/\/mbinitiative.org\/wp-content\/uploads\/2026\/04\/William-1-1.jpg 1280w, https:\/\/mbinitiative.org\/wp-content\/uploads\/2026\/04\/William-1-1-225x300.jpg 225w, https:\/\/mbinitiative.org\/wp-content\/uploads\/2026\/04\/William-1-1-768x1024.jpg 768w, https:\/\/mbinitiative.org\/wp-content\/uploads\/2026\/04\/William-1-1-1152x1536.jpg 1152w, https:\/\/mbinitiative.org\/wp-content\/uploads\/2026\/04\/William-1-1-9x12.jpg 9w\" sizes=\"(max-width: 1280px) 100vw, 1280px\" \/>\t\t<\/div>\n\t\t\t\t<div class=\"elementor-portfolio-item__overlay\">\n\t\t\t\t<h3 class=\"elementor-portfolio-item__title\">\n\t\tWilliam\t\t<\/h3>\n\t\t\t\t<\/div>\n\t\t\t\t<\/a>\n\t\t<\/article>\n\t\t\t\t<article class=\"elementor-portfolio-item elementor-post  post-7807 brave_kids type-brave_kids status-publish has-post-thumbnail hentry\" role=\"listitem\">\n\t\t\t<a class=\"elementor-post__thumbnail__link\" href=\"https:\/\/mbinitiative.org\/pt\/brave_kids\/lucas\/\">\n\t\t\t\t<div class=\"elementor-portfolio-item__img elementor-post__thumbnail\">\n\t\t\t<img loading=\"lazy\" decoding=\"async\" width=\"2091\" height=\"2560\" src=\"https:\/\/mbinitiative.org\/wp-content\/uploads\/2026\/04\/Lucas-03-scaled.jpg\" class=\"attachment-full size-full wp-image-7808\" alt=\"\" srcset=\"https:\/\/mbinitiative.org\/wp-content\/uploads\/2026\/04\/Lucas-03-scaled.jpg 2091w, https:\/\/mbinitiative.org\/wp-content\/uploads\/2026\/04\/Lucas-03-245x300.jpg 245w, https:\/\/mbinitiative.org\/wp-content\/uploads\/2026\/04\/Lucas-03-836x1024.jpg 836w, https:\/\/mbinitiative.org\/wp-content\/uploads\/2026\/04\/Lucas-03-768x940.jpg 768w, https:\/\/mbinitiative.org\/wp-content\/uploads\/2026\/04\/Lucas-03-1255x1536.jpg 1255w, https:\/\/mbinitiative.org\/wp-content\/uploads\/2026\/04\/Lucas-03-1673x2048.jpg 1673w, https:\/\/mbinitiative.org\/wp-content\/uploads\/2026\/04\/Lucas-03-10x12.jpg 10w\" sizes=\"(max-width: 2091px) 100vw, 2091px\" \/>\t\t<\/div>\n\t\t\t\t<div class=\"elementor-portfolio-item__overlay\">\n\t\t\t\t<h3 class=\"elementor-portfolio-item__title\">\n\t\tLucas\t\t<\/h3>\n\t\t\t\t<\/div>\n\t\t\t\t<\/a>\n\t\t<\/article>\n\t\t\t\t<article class=\"elementor-portfolio-item elementor-post  post-7790 brave_kids type-brave_kids status-publish has-post-thumbnail hentry\" role=\"listitem\">\n\t\t\t<a class=\"elementor-post__thumbnail__link\" href=\"https:\/\/mbinitiative.org\/pt\/brave_kids\/caterine\/\">\n\t\t\t\t<div class=\"elementor-portfolio-item__img elementor-post__thumbnail\">\n\t\t\t<img loading=\"lazy\" decoding=\"async\" width=\"960\" height=\"1280\" src=\"https:\/\/mbinitiative.org\/wp-content\/uploads\/2026\/04\/Caterina-1.jpeg\" class=\"attachment-full size-full wp-image-7770\" alt=\"\" srcset=\"https:\/\/mbinitiative.org\/wp-content\/uploads\/2026\/04\/Caterina-1.jpeg 960w, https:\/\/mbinitiative.org\/wp-content\/uploads\/2026\/04\/Caterina-1-225x300.jpeg 225w, https:\/\/mbinitiative.org\/wp-content\/uploads\/2026\/04\/Caterina-1-768x1024.jpeg 768w, https:\/\/mbinitiative.org\/wp-content\/uploads\/2026\/04\/Caterina-1-9x12.jpeg 9w\" sizes=\"(max-width: 960px) 100vw, 960px\" \/>\t\t<\/div>\n\t\t\t\t<div class=\"elementor-portfolio-item__overlay\">\n\t\t\t\t<h3 class=\"elementor-portfolio-item__title\">\n\t\tCaterina\t\t<\/h3>\n\t\t\t\t<\/div>\n\t\t\t\t<\/a>\n\t\t<\/article>\n\t\t\t\t<\/div>\n\t\t\t\t\t\t<\/div>\n\t\t\t\t<\/div>\n\t\t\t\t<\/div>\n\t\t\t\t\t<\/div>\n\t\t\t\t<\/div>\n\t\t\t\t<\/div>","protected":false},"excerpt":{"rendered":"<p>Back MBI Brave Kids Inspiring stories of children who turn their toughest battles into powerful lessons of strength, hope, and resilience Tell us your story<\/p>","protected":false},"author":11,"featured_media":0,"parent":0,"menu_order":0,"comment_status":"closed","ping_status":"closed","template":"","meta":{"footnotes":""},"class_list":["post-7480","page","type-page","status-publish","hentry"],"yoast_head":"<!-- This site is optimized with the Yoast SEO plugin v26.0 - https:\/\/yoast.com\/wordpress\/plugins\/seo\/ -->\n<title>All Brave Kids - The Medulloblastoma Initiative<\/title>\n<meta name=\"robots\" content=\"index, follow, max-snippet:-1, max-image-preview:large, max-video-preview:-1\" \/>\n<link rel=\"canonical\" href=\"https:\/\/mbinitiative.org\/pt\/all-brave-kids\/\" \/>\n<meta property=\"og:locale\" content=\"pt_BR\" \/>\n<meta property=\"og:type\" content=\"article\" \/>\n<meta property=\"og:title\" content=\"All Brave Kids - The Medulloblastoma Initiative\" \/>\n<meta property=\"og:description\" content=\"Back MBI Brave Kids Inspiring stories of children who turn their toughest battles into powerful lessons of strength, hope, and resilience Tell us your story\" \/>\n<meta property=\"og:url\" content=\"https:\/\/mbinitiative.org\/pt\/all-brave-kids\/\" \/>\n<meta property=\"og:site_name\" content=\"The Medulloblastoma Initiative\" \/>\n<meta property=\"article:publisher\" content=\"https:\/\/www.facebook.com\/themedulloblastomainitiative\" \/>\n<meta property=\"article:modified_time\" content=\"2026-04-17T23:11:59+00:00\" \/>\n<meta property=\"og:image\" content=\"https:\/\/mbinitiative.org\/wp-content\/uploads\/2026\/03\/Logo-ReduzidoFull-White-Site-1-scaled.png\" \/>\n\t<meta property=\"og:image:width\" content=\"2560\" \/>\n\t<meta property=\"og:image:height\" content=\"1213\" \/>\n\t<meta property=\"og:image:type\" content=\"image\/png\" \/>\n<meta name=\"twitter:card\" content=\"summary_large_image\" \/>\n<meta name=\"twitter:label1\" content=\"Est. tempo de leitura\" \/>\n\t<meta name=\"twitter:data1\" content=\"2 minutos\" \/>\n<script type=\"application\/ld+json\" class=\"yoast-schema-graph\">{\"@context\":\"https:\/\/schema.org\",\"@graph\":[{\"@type\":\"WebPage\",\"@id\":\"https:\/\/mbinitiative.org\/all-brave-kids\/\",\"url\":\"https:\/\/mbinitiative.org\/all-brave-kids\/\",\"name\":\"All Brave Kids - The Medulloblastoma Initiative\",\"isPartOf\":{\"@id\":\"https:\/\/mbinitiative.org\/#website\"},\"primaryImageOfPage\":{\"@id\":\"https:\/\/mbinitiative.org\/all-brave-kids\/#primaryimage\"},\"image\":{\"@id\":\"https:\/\/mbinitiative.org\/all-brave-kids\/#primaryimage\"},\"thumbnailUrl\":\"https:\/\/mbinitiative.org\/wp-content\/uploads\/2026\/03\/Logo-ReduzidoFull-White-Site-1-1024x485.png\",\"datePublished\":\"2026-03-12T22:12:01+00:00\",\"dateModified\":\"2026-04-17T23:11:59+00:00\",\"breadcrumb\":{\"@id\":\"https:\/\/mbinitiative.org\/all-brave-kids\/#breadcrumb\"},\"inLanguage\":\"pt-BR\",\"potentialAction\":[{\"@type\":\"ReadAction\",\"target\":[\"https:\/\/mbinitiative.org\/all-brave-kids\/\"]}]},{\"@type\":\"ImageObject\",\"inLanguage\":\"pt-BR\",\"@id\":\"https:\/\/mbinitiative.org\/all-brave-kids\/#primaryimage\",\"url\":\"https:\/\/mbinitiative.org\/wp-content\/uploads\/2026\/03\/Logo-ReduzidoFull-White-Site-1-1024x485.png\",\"contentUrl\":\"https:\/\/mbinitiative.org\/wp-content\/uploads\/2026\/03\/Logo-ReduzidoFull-White-Site-1-1024x485.png\"},{\"@type\":\"BreadcrumbList\",\"@id\":\"https:\/\/mbinitiative.org\/all-brave-kids\/#breadcrumb\",\"itemListElement\":[{\"@type\":\"ListItem\",\"position\":1,\"name\":\"In\u00edcio\",\"item\":\"https:\/\/mbinitiative.org\/\"},{\"@type\":\"ListItem\",\"position\":2,\"name\":\"All Brave Kids\"}]},{\"@type\":\"WebSite\",\"@id\":\"https:\/\/mbinitiative.org\/#website\",\"url\":\"https:\/\/mbinitiative.org\/\",\"name\":\"The Medulloblastoma Initiative\",\"description\":\"Cura do Meduloblastoma Infantil\",\"publisher\":{\"@id\":\"https:\/\/mbinitiative.org\/#organization\"},\"potentialAction\":[{\"@type\":\"SearchAction\",\"target\":{\"@type\":\"EntryPoint\",\"urlTemplate\":\"https:\/\/mbinitiative.org\/?s={search_term_string}\"},\"query-input\":{\"@type\":\"PropertyValueSpecification\",\"valueRequired\":true,\"valueName\":\"search_term_string\"}}],\"inLanguage\":\"pt-BR\"},{\"@type\":\"Organization\",\"@id\":\"https:\/\/mbinitiative.org\/#organization\",\"name\":\"The Medulloblastoma Initiative\",\"url\":\"https:\/\/mbinitiative.org\/\",\"logo\":{\"@type\":\"ImageObject\",\"inLanguage\":\"pt-BR\",\"@id\":\"https:\/\/mbinitiative.org\/#\/schema\/logo\/image\/\",\"url\":\"https:\/\/mbinitiative.org\/wp-content\/uploads\/2023\/10\/LOGO-MBI.png\",\"contentUrl\":\"https:\/\/mbinitiative.org\/wp-content\/uploads\/2023\/10\/LOGO-MBI.png\",\"width\":354,\"height\":168,\"caption\":\"The Medulloblastoma Initiative\"},\"image\":{\"@id\":\"https:\/\/mbinitiative.org\/#\/schema\/logo\/image\/\"},\"sameAs\":[\"https:\/\/www.facebook.com\/themedulloblastomainitiative\",\"https:\/\/www.instagram.com\/medulloblastomainitiative\/\",\"https:\/\/www.linkedin.com\/company\/medulloblastomainitiative\/\",\"https:\/\/www.youtube.com\/@mbinitiative\"]}]}<\/script>\n<!-- \/ Yoast SEO plugin. -->","yoast_head_json":{"title":"All Brave Kids - The Medulloblastoma Initiative","robots":{"index":"index","follow":"follow","max-snippet":"max-snippet:-1","max-image-preview":"max-image-preview:large","max-video-preview":"max-video-preview:-1"},"canonical":"https:\/\/mbinitiative.org\/pt\/all-brave-kids\/","og_locale":"pt_BR","og_type":"article","og_title":"All Brave Kids - The Medulloblastoma Initiative","og_description":"Back MBI Brave Kids Inspiring stories of children who turn their toughest battles into powerful lessons of strength, hope, and resilience Tell us your story","og_url":"https:\/\/mbinitiative.org\/pt\/all-brave-kids\/","og_site_name":"The Medulloblastoma Initiative","article_publisher":"https:\/\/www.facebook.com\/themedulloblastomainitiative","article_modified_time":"2026-04-17T23:11:59+00:00","og_image":[{"width":2560,"height":1213,"url":"https:\/\/mbinitiative.org\/wp-content\/uploads\/2026\/03\/Logo-ReduzidoFull-White-Site-1-scaled.png","type":"image\/png"}],"twitter_card":"summary_large_image","twitter_misc":{"Est. tempo de leitura":"2 minutos"},"schema":{"@context":"https:\/\/schema.org","@graph":[{"@type":"WebPage","@id":"https:\/\/mbinitiative.org\/all-brave-kids\/","url":"https:\/\/mbinitiative.org\/all-brave-kids\/","name":"All Brave Kids - The Medulloblastoma Initiative","isPartOf":{"@id":"https:\/\/mbinitiative.org\/#website"},"primaryImageOfPage":{"@id":"https:\/\/mbinitiative.org\/all-brave-kids\/#primaryimage"},"image":{"@id":"https:\/\/mbinitiative.org\/all-brave-kids\/#primaryimage"},"thumbnailUrl":"https:\/\/mbinitiative.org\/wp-content\/uploads\/2026\/03\/Logo-ReduzidoFull-White-Site-1-1024x485.png","datePublished":"2026-03-12T22:12:01+00:00","dateModified":"2026-04-17T23:11:59+00:00","breadcrumb":{"@id":"https:\/\/mbinitiative.org\/all-brave-kids\/#breadcrumb"},"inLanguage":"pt-BR","potentialAction":[{"@type":"ReadAction","target":["https:\/\/mbinitiative.org\/all-brave-kids\/"]}]},{"@type":"ImageObject","inLanguage":"pt-BR","@id":"https:\/\/mbinitiative.org\/all-brave-kids\/#primaryimage","url":"https:\/\/mbinitiative.org\/wp-content\/uploads\/2026\/03\/Logo-ReduzidoFull-White-Site-1-1024x485.png","contentUrl":"https:\/\/mbinitiative.org\/wp-content\/uploads\/2026\/03\/Logo-ReduzidoFull-White-Site-1-1024x485.png"},{"@type":"BreadcrumbList","@id":"https:\/\/mbinitiative.org\/all-brave-kids\/#breadcrumb","itemListElement":[{"@type":"ListItem","position":1,"name":"In\u00edcio","item":"https:\/\/mbinitiative.org\/"},{"@type":"ListItem","position":2,"name":"All Brave Kids"}]},{"@type":"WebSite","@id":"https:\/\/mbinitiative.org\/#website","url":"https:\/\/mbinitiative.org\/","name":"(The Medulloblastoma Initiative)","description":"Cura do Meduloblastoma Infantil","publisher":{"@id":"https:\/\/mbinitiative.org\/#organization"},"potentialAction":[{"@type":"SearchAction","target":{"@type":"EntryPoint","urlTemplate":"https:\/\/mbinitiative.org\/?s={search_term_string}"},"query-input":{"@type":"PropertyValueSpecification","valueRequired":true,"valueName":"search_term_string"}}],"inLanguage":"pt-BR"},{"@type":"Organization","@id":"https:\/\/mbinitiative.org\/#organization","name":"(The Medulloblastoma Initiative)","url":"https:\/\/mbinitiative.org\/","logo":{"@type":"ImageObject","inLanguage":"pt-BR","@id":"https:\/\/mbinitiative.org\/#\/schema\/logo\/image\/","url":"https:\/\/mbinitiative.org\/wp-content\/uploads\/2023\/10\/LOGO-MBI.png","contentUrl":"https:\/\/mbinitiative.org\/wp-content\/uploads\/2023\/10\/LOGO-MBI.png","width":354,"height":168,"caption":"The Medulloblastoma Initiative"},"image":{"@id":"https:\/\/mbinitiative.org\/#\/schema\/logo\/image\/"},"sameAs":["https:\/\/www.facebook.com\/themedulloblastomainitiative","https:\/\/www.instagram.com\/medulloblastomainitiative\/","https:\/\/www.linkedin.com\/company\/medulloblastomainitiative\/","https:\/\/www.youtube.com\/@mbinitiative"]}]}},"_links":{"self":[{"href":"https:\/\/mbinitiative.org\/pt\/wp-json\/wp\/v2\/pages\/7480","targetHints":{"allow":["GET"]}}],"collection":[{"href":"https:\/\/mbinitiative.org\/pt\/wp-json\/wp\/v2\/pages"}],"about":[{"href":"https:\/\/mbinitiative.org\/pt\/wp-json\/wp\/v2\/types\/page"}],"author":[{"embeddable":true,"href":"https:\/\/mbinitiative.org\/pt\/wp-json\/wp\/v2\/users\/11"}],"replies":[{"embeddable":true,"href":"https:\/\/mbinitiative.org\/pt\/wp-json\/wp\/v2\/comments?post=7480"}],"version-history":[{"count":144,"href":"https:\/\/mbinitiative.org\/pt\/wp-json\/wp\/v2\/pages\/7480\/revisions"}],"predecessor-version":[{"id":8282,"href":"https:\/\/mbinitiative.org\/pt\/wp-json\/wp\/v2\/pages\/7480\/revisions\/8282"}],"wp:attachment":[{"href":"https:\/\/mbinitiative.org\/pt\/wp-json\/wp\/v2\/media?parent=7480"}],"curies":[{"name":"wp","href":"https:\/\/api.w.org\/{rel}","templated":true}]}}