{"id":3062,"date":"2024-11-14T18:01:00","date_gmt":"2024-11-14T21:01:00","guid":{"rendered":"https:\/\/mbinitiative.org\/?page_id=3062"},"modified":"2025-01-22T11:18:53","modified_gmt":"2025-01-22T14:18:53","slug":"um-pai-em-busca-da-cura","status":"publish","type":"page","link":"https:\/\/mbinitiative.org\/pt\/um-pai-em-busca-da-cura\/","title":{"rendered":"Um pai em busca da cura"},"content":{"rendered":"<div data-elementor-type=\"wp-page\" data-elementor-id=\"3062\" class=\"elementor elementor-3062\" data-elementor-post-type=\"page\">\n\t\t\t\t<div class=\"elementor-element elementor-element-ea9f624 e-flex e-con-boxed e-con e-parent\" data-id=\"ea9f624\" data-element_type=\"container\" data-settings=\"{&quot;jet_parallax_layout_list&quot;:[]}\">\n\t\t\t\t\t<div class=\"e-con-inner\">\n\t\t\t\t<div class=\"elementor-element elementor-element-296b965 elementor-widget elementor-widget-heading\" data-id=\"296b965\" data-element_type=\"widget\" data-widget_type=\"heading.default\">\n\t\t\t\t<div class=\"elementor-widget-container\">\n\t\t\t\t\t<h2 class=\"elementor-heading-title elementor-size-default\">Um pai em busca da cura<\/h2>\t\t\t\t<\/div>\n\t\t\t\t<\/div>\n\t\t<div class=\"elementor-element elementor-element-d560df1 e-flex e-con-boxed e-con e-child\" data-id=\"d560df1\" data-element_type=\"container\" data-settings=\"{&quot;jet_parallax_layout_list&quot;:[]}\">\n\t\t\t\t\t<div class=\"e-con-inner\">\n\t\t\t\t<div class=\"elementor-element elementor-element-d8d8b52 elementor-widget__width-auto elementor-widget elementor-widget-text-editor\" data-id=\"d8d8b52\" data-element_type=\"widget\" data-widget_type=\"text-editor.default\">\n\t\t\t\t<div class=\"elementor-widget-container\">\n\t\t\t\t\t\t\t\t\t<p>Por Paula Rodrigues<\/p>\t\t\t\t\t\t\t\t<\/div>\n\t\t\t\t<\/div>\n\t\t\t\t<div class=\"elementor-element elementor-element-f6529cd elementor-widget__width-auto elementor-widget elementor-widget-text-editor\" data-id=\"f6529cd\" data-element_type=\"widget\" data-widget_type=\"text-editor.default\">\n\t\t\t\t<div class=\"elementor-widget-container\">\n\t\t\t\t\t\t\t\t\t<p>GQ \u2013 05\/11\/2024<\/p>\t\t\t\t\t\t\t\t<\/div>\n\t\t\t\t<\/div>\n\t\t\t\t\t<\/div>\n\t\t\t\t<\/div>\n\t\t\t\t<div class=\"elementor-element elementor-element-e7a7dd3 elementor-widget-divider--view-line elementor-widget elementor-widget-divider\" data-id=\"e7a7dd3\" data-element_type=\"widget\" data-widget_type=\"divider.default\">\n\t\t\t\t<div class=\"elementor-widget-container\">\n\t\t\t\t\t\t\t<div class=\"elementor-divider\">\n\t\t\t<span class=\"elementor-divider-separator\">\n\t\t\t\t\t\t<\/span>\n\t\t<\/div>\n\t\t\t\t\t\t<\/div>\n\t\t\t\t<\/div>\n\t\t<div class=\"elementor-element elementor-element-62dc264 e-flex e-con-boxed e-con e-child\" data-id=\"62dc264\" data-element_type=\"container\" data-settings=\"{&quot;jet_parallax_layout_list&quot;:[]}\">\n\t\t\t\t\t<div class=\"e-con-inner\">\n\t\t<div class=\"elementor-element elementor-element-b94f011 e-con-full e-flex e-con e-child\" data-id=\"b94f011\" data-element_type=\"container\" data-settings=\"{&quot;jet_parallax_layout_list&quot;:[]}\">\n\t\t\t\t<div class=\"elementor-element elementor-element-b760b09 elementor-widget__width-initial elementor-widget-tablet__width-initial elementor-widget elementor-widget-text-editor\" data-id=\"b760b09\" data-element_type=\"widget\" data-widget_type=\"text-editor.default\">\n\t\t\t\t<div class=\"elementor-widget-container\">\n\t\t\t\t\t\t\t\t\t<p>Todo ano, em torno de 25 mil crian\u00e7as pelo mundo s\u00e3o diagnosticada com meduloblastoma, o tumor cerebral infantil mais comum, principalmente na faixa de 4 a 9 anos.Em 2015, o primog\u00eanito do<strong> empres\u00e1rio Fernando Goldsztein,<\/strong> 57, acabou sorteado na \u201cloteria ao contr\u00e1rio da vida\u201d, como define o pai. Frederico, de apenas 9 anos \u00e0 \u00e9poca, come\u00e7ou a apresentar sintomas como v\u00f4mito, dor de cabe\u00e7a e vis\u00e3o dupla. Um exame de imagem, infelizmente, detectou o tumor cerebral.<\/p><p>Duas d\u00e9cadas atr\u00e1s, o pr\u00f3prio Goldsztein havia descoberto um tipo de c\u00e2ncer menos agressivo, curado com uma cirurgia. \u201cQuando aconteceu comigo, perdi o ch\u00e3o. Agora, multiplica por mil vezes para pior. Foi o que senti quando ocorreu com meu filho. S\u00f3 quem passou por isso consegue entender\u201d, descreve. No momento de maior desespero, no entanto, ele tomou uma atitude que n\u00e3o s\u00f3 poderia ajudar Frederico como contribuir para o futuro da ci\u00eancia.<\/p><p>Antes do turbilh\u00e3o, Goldsztein, morador de Porto Alegre, casado e pai tamb\u00e9m de Henrique, 10, exibia uma vida tranquila. Formado em administra\u00e7\u00e3o, ele \u00e9 s\u00f3cio da Cyrela, uma das maiores construtoras do pa\u00eds, da qual integra ainda o conselho administrativo. Pelas boas condi\u00e7\u00f5es financeiras, ap\u00f3s uma primeira opera\u00e7\u00e3o emergencial no garoto, em 2016, a fam\u00edlia toda se mudou para Boston, nos Estados Unidos, onde viveu durante um ano, para que o filho acessasse tratamentos menos agressivos.<\/p>\t\t\t\t\t\t\t\t<\/div>\n\t\t\t\t<\/div>\n\t\t\t\t<div class=\"elementor-element elementor-element-2e55e6f elementor-widget elementor-widget-image\" data-id=\"2e55e6f\" data-element_type=\"widget\" data-widget_type=\"image.default\">\n\t\t\t\t<div class=\"elementor-widget-container\">\n\t\t\t\t\t\t\t\t\t\t\t\t\t\t\t<img fetchpriority=\"high\" decoding=\"async\" width=\"800\" height=\"817\" src=\"https:\/\/mbinitiative.org\/wp-content\/uploads\/2024\/11\/image-1003x1024.png\" class=\"attachment-large size-large wp-image-3065\" alt=\"\" srcset=\"https:\/\/mbinitiative.org\/wp-content\/uploads\/2024\/11\/image-1003x1024.png 1003w, https:\/\/mbinitiative.org\/wp-content\/uploads\/2024\/11\/image-294x300.png 294w, https:\/\/mbinitiative.org\/wp-content\/uploads\/2024\/11\/image-768x784.png 768w, https:\/\/mbinitiative.org\/wp-content\/uploads\/2024\/11\/image-12x12.png 12w, https:\/\/mbinitiative.org\/wp-content\/uploads\/2024\/11\/image.png 1098w\" sizes=\"(max-width: 800px) 100vw, 800px\" \/>\t\t\t\t\t\t\t\t\t\t\t\t\t\t\t<\/div>\n\t\t\t\t<\/div>\n\t\t\t\t<\/div>\n\t\t\t\t<div class=\"elementor-element elementor-element-3661318 elementor-widget__width-inherit elementor-widget-tablet__width-initial elementor-widget elementor-widget-text-editor\" data-id=\"3661318\" data-element_type=\"widget\" data-widget_type=\"text-editor.default\">\n\t\t\t\t<div class=\"elementor-widget-container\">\n\t\t\t\t\t\t\t\t\t<p>As chances de cura para o medulo blastoma s\u00e3o de 65%, mas Frederico entrou para a estat\u00edstica dos outros 35% e viu a doen\u00e7a retornar em 2019, dessa vez com met\u00e1stase, quando as c\u00e9lulas doentes se espalham para outras partes do corpo. Sem op\u00e7\u00f5es, o menino come\u00e7ou a participar de ensaios cl\u00ednicos ainda nos EUA, mas que n\u00e3o se voltavam especificamente para esse tipo de c\u00e2ncer \u2013 e se mostraram ineficientes. \u201cEm 2021, contatei um m\u00e9dico de Washington chamado Roger Packer, uma das principais autoridades em tumores cerebrais infantis do mundo. Disse: Doutor Packer, quero fazer alguma coisa, quero que a ci\u00eancia ande\u201d, conta Goldsztein. \u201cAs crian\u00e7as com tumor cerebral foram deixadas para tr\u00e1s pela sociedade. \u201d<\/p><p>Apesar da grande quantidade de pequenos diagnosticados anualmente com meduloblastoma, quando se leva em conta cada uma dessas vidas, a condi\u00e7\u00e3o \u00e9 considerada rara. Eduardo Ribas, neurocirurgi\u00e3o do Hospital Israelita Albert Einstein, analisa o cen\u00e1rio: \u201cN\u00e3o possu\u00edmos no Brasil a melhor epidemiologia sobre essa doen\u00e7a, ou seja, a coleta de dados sobre qual \u00e9 a porcentagem de pacientes, a ra\u00e7a, a idade deles. . . \u201d. Segundo o m\u00e9dico, a cirurgia sempre ser\u00e1 necess\u00e1ria no tratamento. Depois, vem a radioterapia, exceto em menores de 3 anos, seguida de quimioterapia. \u201cAo pensar no futuro, a quimioterapia dever\u00e1 ser a \u00e1rea que mais evoluir\u00e1, com o desenvolvimento de drogas de alvo molecular, mas ainda tudo \u00e9 muito recente. \u201d<\/p><p>Sentindo que era hora de mudar o cen\u00e1rio, Goldsztein decidiu investir US$ 3 milh\u00f5es pr\u00f3prios em uma ideia: montar um projeto com cientistas que, chefiados por Packer, pudessem pesquisar novos tratamentos. O que come\u00e7ou com quatro laborat\u00f3rios (tr\u00eas nos EUA e um no Canad\u00e1) se expandiu, e agora s\u00e3o treze na Am\u00e9rica do Norte, um na Alemanha e a possibilidade de abrir o 15\u00ba centro de estudos em Israel.<\/p><p>Os resultados positivos come\u00e7aram a surgir e energizaram o empres\u00e1rio, que estruturou a Medulloblastoma Initiative (MBI), organiza\u00e7\u00e3o que capta dinheiro de apoiadores privados para investir em pesquisas do Children\u2019s National Hospital, em Washington, respons\u00e1vel por coordenar os laborat\u00f3rios e distribuir os investimentos. \u201cEsses cientistas trabalham de uma maneira cooperativa. Ent\u00e3o, uma parte testa drogas novas ou as que j\u00e1 s\u00e3o usadas em outros tumores; a outra pensa em tratamentos de imunoterapia. A beleza \u00e9 que esse grupo trabalha completamente em sinergia\u201d, diz o fundador.<\/p><p>Os resultados alcan\u00e7ados em pouco mais de tr\u00eas anos d\u00e3o esperan\u00e7as ao coletivo. Em 2024, dois ensaios cl\u00ednicos foram aprovados pela FDA, a ag\u00eancia reguladora dos Estados Unidos, para novas etapas. Um deles consiste no estudo chamado \u201cMatchpoint\u201d, que testou uma imunoterapia in\u00e9dita em seis pacientes em recidiva, na Fl\u00f3rida. O tratamento, menos t\u00f3xico do que os atualmente dispon\u00edveis, se mostrou promissor ao eliminar quase completamente a doen\u00e7a em um paciente com met\u00e1stase generalizada.<\/p><p>A outra aprova\u00e7\u00e3o veio para os testes de uma vacina de RNA, que utiliza c\u00e9lulas tumorais do pr\u00f3prio paciente para criar um imunizante personalizado e aposta na nanotecnologla a fim de construir um mecanismo de distribui\u00e7\u00e3o \u00fanico. A combina\u00e7\u00e3o promete reprogramar o sistema imunol\u00f3gico para atacar o c\u00e2ncer. A previs\u00e3o \u00e9 que os ensaios comecem no primeiro semestre do ano que vem. H\u00e1 ainda outros tr\u00eas tratamentos com pesquisas em andamento e que possivelmente ser\u00e3o submetidos \u00e0 FDA em doze a dezoito meses.<\/p><p>\u201cVejo fam\u00edlias fazendo homenagens aos entes queridos perdidos, e eu n\u00e3o quero isso. Quero salvar o meu filho. E, obviamente, hoje o projeto se tornou muito maior do que ele. S\u00e3o milhares de crian\u00e7as beneficiadas, mas o impulso inicial foi esse. Assim, trazemos um senso de urg\u00eancia. Quando temos a oportunidade de conversar com os cientistas, falamos para eles: isso n\u00e3o \u00e9 um tributo a algu\u00e9m, queremos resolver o problema agora\u201d, atesta Goldsztein.<\/p><p>Frederico continuou com os tratamentos e acaba de completar 18 anos. Segue vida normal, com quadro de sa\u00fade est\u00e1vel. A hist\u00f3ria dele e da iniciativa do pai percorreu o mundo e chegou ao conhecimento de mais pessoas que passam por situa\u00e7\u00f5es similares com o meduloblastoma. O empres\u00e1rio conta que, pela MBI, mant\u00e9m contato com cerca de sessenta fam\u00edlias em diversos pa\u00edses, a exemplo de B\u00e9lgica, Inglaterra e Ir\u00e3. \u201cConverso com todas elas, marco um bate-papo por v\u00eddeo chamada para conhecer uma por uma. \u00c9 claro que n\u00e3o dou conselhos m\u00e9dicos, mas elas querem saber sobre o projeto, quando haver\u00e1 tratamento. . . \u201d Depois, elas s\u00e3o encaminhadas \u00e0 equipe de Packer.<\/p><p>No dia da entrevista com a GQ Brasil, Goldsztein havia acabado de sair de uma dessas liga\u00e7\u00f5es. Foi poss\u00edvel perceber a tristeza que sente ao saber desses casos. Muitas vezes, a fam\u00edlia quer apenas desabafar, contar seu relato, e l\u00e1 est\u00e1 ele aberto a ouvir. \u201cH\u00e1 situa\u00e7\u00f5es que n\u00e3o t\u00eam mais sa\u00edda, s\u00e3o extremas. \u00c9 muito duro. De certa maneira, cada vez que falo com essas pessoas, me d\u00e1 mais for\u00e7a para continuar, porque penso: \u201cn\u00e3o \u00e9 poss\u00edvel\u201d.<\/p><p>Isso me estimula a servir de exemplo para que outros, se tiverem condi\u00e7\u00f5es, fa\u00e7am o que eu fiz para outras doen\u00e7as\u201d, analisa.<\/p><p>At\u00e9 hoje, R$ 58 milh\u00f5es foram captados para p\u00f4r o projeto de p\u00e9. A maioria dos apoiadores \u00e9 de pessoas f\u00edsicas, principalmente empres\u00e1rios brasileiros, mas o reconhecimento da MBI come\u00e7ou a se espalhar pelos Estados Unidos. O objetivo \u00e9 conseguir mais doa\u00e7\u00f5es por l\u00e1, onde a cultura da filantropia aparece mais difundida. Para Goldsztein, a sensibiliza\u00e7\u00e3o sobre essa enfermidade, e tantas outras deixadas em segundo plano, \u00e9 fundamental para que mais gente se movimente em prol de algo importante para a sociedade.<\/p><p>Por isso, ele gosta de relembrar uma fala de 2023 proferida durante a apresenta\u00e7\u00e3o de seu projeto no Instituto de Tecnologia de Massachusetts (MIT), do qual \u00e9 ex-aluno: \u201cDisse que n\u00f3s est\u00e1vamos em uma escola de neg\u00f3cios, mas que queria passar a mensagem de que a vida n\u00e3o \u00e9 s\u00f3 acumular, acumular, acumular. Para quem n\u00e3o pode doar nada em dinheiro, pode doar o tempo, um abra\u00e7o\u201d, afirma. \u201cEmpres\u00e1rios, gente que acumula muito mais do que as pr\u00f3ximas gera\u00e7\u00f5es v\u00e3o precisar. . . para mim, n\u00e3o h\u00e1 cabimento. E n\u00e3o falo isso para receber doa\u00e7\u00f5es para o MBI. Falo sobre a pessoa escolher uma causa s\u00e9ria e doar para ela. Eu mesmo fazia muito pouco. Depois dessa sacolejada que recebi da vida, tudo mudou. Todos devem fazer a sua parte no mundo. \u201d<\/p><p>\u201cVejo fam\u00edlias fazendo homenagens aos entes perdidos, e n\u00e3o quero isso. Quero salvar o meu filho. E, hoje, o projeto se tornou muito maior do que ele. \u201d<\/p>\t\t\t\t\t\t\t\t<\/div>\n\t\t\t\t<\/div>\n\t\t\t\t\t<\/div>\n\t\t\t\t<\/div>\n\t\t\t\t<div class=\"elementor-element elementor-element-1b1b2a5 elementor-align-right elementor-widget elementor-widget-button\" data-id=\"1b1b2a5\" data-element_type=\"widget\" data-widget_type=\"button.default\">\n\t\t\t\t<div class=\"elementor-widget-container\">\n\t\t\t\t\t\t\t\t\t<div class=\"elementor-button-wrapper\">\n\t\t\t\t\t<a class=\"elementor-button elementor-button-link elementor-size-sm\" href=\"https:\/\/mbinitiative.org\/pt\/#namidia\">\n\t\t\t\t\t\t<span class=\"elementor-button-content-wrapper\">\n\t\t\t\t\t\t<span class=\"elementor-button-icon\">\n\t\t\t\t<i aria-hidden=\"true\" class=\"fas fa-chevron-left\"><\/i>\t\t\t<\/span>\n\t\t\t\t\t\t\t\t\t<span class=\"elementor-button-text\">VOLTAR<\/span>\n\t\t\t\t\t<\/span>\n\t\t\t\t\t<\/a>\n\t\t\t\t<\/div>\n\t\t\t\t\t\t\t\t<\/div>\n\t\t\t\t<\/div>\n\t\t\t\t\t<\/div>\n\t\t\t\t<\/div>\n\t\t\t\t<\/div>","protected":false},"excerpt":{"rendered":"<p>Experience the journey of a determined father to find a cure for childhood cancer and support transformative research with The Medulloblastoma Initiative.<\/p>","protected":false},"author":4,"featured_media":3065,"parent":0,"menu_order":0,"comment_status":"closed","ping_status":"closed","template":"","meta":{"footnotes":""},"class_list":["post-3062","page","type-page","status-publish","has-post-thumbnail","hentry"],"yoast_head":"<!-- This site is optimized with the Yoast SEO plugin v26.0 - https:\/\/yoast.com\/wordpress\/plugins\/seo\/ -->\n<title>A Father for the Cure of Childhood Cancer | The Medulloblastoma Initiative<\/title>\n<meta name=\"description\" content=\"Experience the journey of a determined father to find a cure for childhood cancer and support transformative research with The Medulloblastoma Initiative.\" \/>\n<meta name=\"robots\" content=\"index, follow, max-snippet:-1, max-image-preview:large, max-video-preview:-1\" \/>\n<link rel=\"canonical\" href=\"https:\/\/mbinitiative.org\/pt\/um-pai-em-busca-da-cura\/\" \/>\n<meta property=\"og:locale\" content=\"pt_BR\" \/>\n<meta property=\"og:type\" content=\"article\" \/>\n<meta property=\"og:title\" content=\"A Father for the Cure of Childhood Cancer | The Medulloblastoma Initiative\" \/>\n<meta property=\"og:description\" content=\"Experience the journey of a determined father to find a cure for childhood cancer and support transformative research with The Medulloblastoma Initiative.\" \/>\n<meta property=\"og:url\" content=\"https:\/\/mbinitiative.org\/pt\/um-pai-em-busca-da-cura\/\" \/>\n<meta property=\"og:site_name\" content=\"The Medulloblastoma Initiative\" \/>\n<meta property=\"article:publisher\" content=\"https:\/\/www.facebook.com\/themedulloblastomainitiative\" \/>\n<meta property=\"article:modified_time\" content=\"2025-01-22T14:18:53+00:00\" \/>\n<meta property=\"og:image\" content=\"https:\/\/mbinitiative.org\/wp-content\/uploads\/2024\/11\/image.png\" \/>\n\t<meta property=\"og:image:width\" content=\"1098\" \/>\n\t<meta property=\"og:image:height\" content=\"1121\" \/>\n\t<meta property=\"og:image:type\" content=\"image\/png\" \/>\n<meta name=\"twitter:card\" content=\"summary_large_image\" \/>\n<meta name=\"twitter:label1\" content=\"Est. tempo de leitura\" \/>\n\t<meta name=\"twitter:data1\" content=\"8 minutos\" \/>\n<script type=\"application\/ld+json\" class=\"yoast-schema-graph\">{\"@context\":\"https:\/\/schema.org\",\"@graph\":[{\"@type\":\"WebPage\",\"@id\":\"https:\/\/mbinitiative.org\/a-father-in-search-of-a-cure\/\",\"url\":\"https:\/\/mbinitiative.org\/a-father-in-search-of-a-cure\/\",\"name\":\"A Father for the Cure of Childhood Cancer | The Medulloblastoma Initiative\",\"isPartOf\":{\"@id\":\"https:\/\/mbinitiative.org\/#website\"},\"primaryImageOfPage\":{\"@id\":\"https:\/\/mbinitiative.org\/a-father-in-search-of-a-cure\/#primaryimage\"},\"image\":{\"@id\":\"https:\/\/mbinitiative.org\/a-father-in-search-of-a-cure\/#primaryimage\"},\"thumbnailUrl\":\"https:\/\/mbinitiative.org\/wp-content\/uploads\/2024\/11\/image.png\",\"datePublished\":\"2024-11-14T21:01:00+00:00\",\"dateModified\":\"2025-01-22T14:18:53+00:00\",\"description\":\"Experience the journey of a determined father to find a cure for childhood cancer and support transformative research with The Medulloblastoma Initiative.\",\"breadcrumb\":{\"@id\":\"https:\/\/mbinitiative.org\/a-father-in-search-of-a-cure\/#breadcrumb\"},\"inLanguage\":\"pt-BR\",\"potentialAction\":[{\"@type\":\"ReadAction\",\"target\":[\"https:\/\/mbinitiative.org\/a-father-in-search-of-a-cure\/\"]}]},{\"@type\":\"ImageObject\",\"inLanguage\":\"pt-BR\",\"@id\":\"https:\/\/mbinitiative.org\/a-father-in-search-of-a-cure\/#primaryimage\",\"url\":\"https:\/\/mbinitiative.org\/wp-content\/uploads\/2024\/11\/image.png\",\"contentUrl\":\"https:\/\/mbinitiative.org\/wp-content\/uploads\/2024\/11\/image.png\",\"width\":1098,\"height\":1121},{\"@type\":\"BreadcrumbList\",\"@id\":\"https:\/\/mbinitiative.org\/a-father-in-search-of-a-cure\/#breadcrumb\",\"itemListElement\":[{\"@type\":\"ListItem\",\"position\":1,\"name\":\"In\u00edcio\",\"item\":\"https:\/\/mbinitiative.org\/\"},{\"@type\":\"ListItem\",\"position\":2,\"name\":\"A father in search of a cure\"}]},{\"@type\":\"WebSite\",\"@id\":\"https:\/\/mbinitiative.org\/#website\",\"url\":\"https:\/\/mbinitiative.org\/\",\"name\":\"The Medulloblastoma Initiative\",\"description\":\"Cura do Meduloblastoma Infantil\",\"publisher\":{\"@id\":\"https:\/\/mbinitiative.org\/#organization\"},\"potentialAction\":[{\"@type\":\"SearchAction\",\"target\":{\"@type\":\"EntryPoint\",\"urlTemplate\":\"https:\/\/mbinitiative.org\/?s={search_term_string}\"},\"query-input\":{\"@type\":\"PropertyValueSpecification\",\"valueRequired\":true,\"valueName\":\"search_term_string\"}}],\"inLanguage\":\"pt-BR\"},{\"@type\":\"Organization\",\"@id\":\"https:\/\/mbinitiative.org\/#organization\",\"name\":\"The Medulloblastoma Initiative\",\"url\":\"https:\/\/mbinitiative.org\/\",\"logo\":{\"@type\":\"ImageObject\",\"inLanguage\":\"pt-BR\",\"@id\":\"https:\/\/mbinitiative.org\/#\/schema\/logo\/image\/\",\"url\":\"https:\/\/mbinitiative.org\/wp-content\/uploads\/2023\/10\/LOGO-MBI.png\",\"contentUrl\":\"https:\/\/mbinitiative.org\/wp-content\/uploads\/2023\/10\/LOGO-MBI.png\",\"width\":354,\"height\":168,\"caption\":\"The Medulloblastoma Initiative\"},\"image\":{\"@id\":\"https:\/\/mbinitiative.org\/#\/schema\/logo\/image\/\"},\"sameAs\":[\"https:\/\/www.facebook.com\/themedulloblastomainitiative\",\"https:\/\/www.instagram.com\/medulloblastomainitiative\/\",\"https:\/\/www.linkedin.com\/company\/medulloblastomainitiative\/\",\"https:\/\/www.youtube.com\/@mbinitiative\"]}]}<\/script>\n<!-- \/ Yoast SEO plugin. -->","yoast_head_json":{"title":"Um pai em busca da cura do c\u00e2ncer infantil | The Medulloblastoma Initiative","description":"Experience the journey of a determined father to find a cure for childhood cancer and support transformative research with The Medulloblastoma Initiative.","robots":{"index":"index","follow":"follow","max-snippet":"max-snippet:-1","max-image-preview":"max-image-preview:large","max-video-preview":"max-video-preview:-1"},"canonical":"https:\/\/mbinitiative.org\/pt\/um-pai-em-busca-da-cura\/","og_locale":"pt_BR","og_type":"article","og_title":"A Father for the Cure of Childhood Cancer | The Medulloblastoma Initiative","og_description":"Experience the journey of a determined father to find a cure for childhood cancer and support transformative research with The Medulloblastoma Initiative.","og_url":"https:\/\/mbinitiative.org\/pt\/um-pai-em-busca-da-cura\/","og_site_name":"The Medulloblastoma Initiative","article_publisher":"https:\/\/www.facebook.com\/themedulloblastomainitiative","article_modified_time":"2025-01-22T14:18:53+00:00","og_image":[{"width":1098,"height":1121,"url":"https:\/\/mbinitiative.org\/wp-content\/uploads\/2024\/11\/image.png","type":"image\/png"}],"twitter_card":"summary_large_image","twitter_misc":{"Est. tempo de leitura":"8 minutos"},"schema":{"@context":"https:\/\/schema.org","@graph":[{"@type":"WebPage","@id":"https:\/\/mbinitiative.org\/a-father-in-search-of-a-cure\/","url":"https:\/\/mbinitiative.org\/a-father-in-search-of-a-cure\/","name":"Um pai em busca da cura do c\u00e2ncer infantil | The Medulloblastoma Initiative","isPartOf":{"@id":"https:\/\/mbinitiative.org\/#website"},"primaryImageOfPage":{"@id":"https:\/\/mbinitiative.org\/a-father-in-search-of-a-cure\/#primaryimage"},"image":{"@id":"https:\/\/mbinitiative.org\/a-father-in-search-of-a-cure\/#primaryimage"},"thumbnailUrl":"https:\/\/mbinitiative.org\/wp-content\/uploads\/2024\/11\/image.png","datePublished":"2024-11-14T21:01:00+00:00","dateModified":"2025-01-22T14:18:53+00:00","description":"Experience the journey of a determined father to find a cure for childhood cancer and support transformative research with The Medulloblastoma Initiative.","breadcrumb":{"@id":"https:\/\/mbinitiative.org\/a-father-in-search-of-a-cure\/#breadcrumb"},"inLanguage":"pt-BR","potentialAction":[{"@type":"ReadAction","target":["https:\/\/mbinitiative.org\/a-father-in-search-of-a-cure\/"]}]},{"@type":"ImageObject","inLanguage":"pt-BR","@id":"https:\/\/mbinitiative.org\/a-father-in-search-of-a-cure\/#primaryimage","url":"https:\/\/mbinitiative.org\/wp-content\/uploads\/2024\/11\/image.png","contentUrl":"https:\/\/mbinitiative.org\/wp-content\/uploads\/2024\/11\/image.png","width":1098,"height":1121},{"@type":"BreadcrumbList","@id":"https:\/\/mbinitiative.org\/a-father-in-search-of-a-cure\/#breadcrumb","itemListElement":[{"@type":"ListItem","position":1,"name":"In\u00edcio","item":"https:\/\/mbinitiative.org\/"},{"@type":"ListItem","position":2,"name":"A father in search of a cure"}]},{"@type":"WebSite","@id":"https:\/\/mbinitiative.org\/#website","url":"https:\/\/mbinitiative.org\/","name":"(The Medulloblastoma Initiative)","description":"Cura do Meduloblastoma Infantil","publisher":{"@id":"https:\/\/mbinitiative.org\/#organization"},"potentialAction":[{"@type":"SearchAction","target":{"@type":"EntryPoint","urlTemplate":"https:\/\/mbinitiative.org\/?s={search_term_string}"},"query-input":{"@type":"PropertyValueSpecification","valueRequired":true,"valueName":"search_term_string"}}],"inLanguage":"pt-BR"},{"@type":"Organization","@id":"https:\/\/mbinitiative.org\/#organization","name":"(The Medulloblastoma Initiative)","url":"https:\/\/mbinitiative.org\/","logo":{"@type":"ImageObject","inLanguage":"pt-BR","@id":"https:\/\/mbinitiative.org\/#\/schema\/logo\/image\/","url":"https:\/\/mbinitiative.org\/wp-content\/uploads\/2023\/10\/LOGO-MBI.png","contentUrl":"https:\/\/mbinitiative.org\/wp-content\/uploads\/2023\/10\/LOGO-MBI.png","width":354,"height":168,"caption":"The Medulloblastoma Initiative"},"image":{"@id":"https:\/\/mbinitiative.org\/#\/schema\/logo\/image\/"},"sameAs":["https:\/\/www.facebook.com\/themedulloblastomainitiative","https:\/\/www.instagram.com\/medulloblastomainitiative\/","https:\/\/www.linkedin.com\/company\/medulloblastomainitiative\/","https:\/\/www.youtube.com\/@mbinitiative"]}]}},"_links":{"self":[{"href":"https:\/\/mbinitiative.org\/pt\/wp-json\/wp\/v2\/pages\/3062","targetHints":{"allow":["GET"]}}],"collection":[{"href":"https:\/\/mbinitiative.org\/pt\/wp-json\/wp\/v2\/pages"}],"about":[{"href":"https:\/\/mbinitiative.org\/pt\/wp-json\/wp\/v2\/types\/page"}],"author":[{"embeddable":true,"href":"https:\/\/mbinitiative.org\/pt\/wp-json\/wp\/v2\/users\/4"}],"replies":[{"embeddable":true,"href":"https:\/\/mbinitiative.org\/pt\/wp-json\/wp\/v2\/comments?post=3062"}],"version-history":[{"count":23,"href":"https:\/\/mbinitiative.org\/pt\/wp-json\/wp\/v2\/pages\/3062\/revisions"}],"predecessor-version":[{"id":3903,"href":"https:\/\/mbinitiative.org\/pt\/wp-json\/wp\/v2\/pages\/3062\/revisions\/3903"}],"wp:featuredmedia":[{"embeddable":true,"href":"https:\/\/mbinitiative.org\/pt\/wp-json\/wp\/v2\/media\/3065"}],"wp:attachment":[{"href":"https:\/\/mbinitiative.org\/pt\/wp-json\/wp\/v2\/media?parent=3062"}],"curies":[{"name":"wp","href":"https:\/\/api.w.org\/{rel}","templated":true}]}}