{"id":3027,"date":"2024-11-06T15:57:37","date_gmt":"2024-11-06T18:57:37","guid":{"rendered":"https:\/\/mbinitiative.org\/?page_id=3027"},"modified":"2025-02-10T12:03:16","modified_gmt":"2025-02-10T15:03:16","slug":"encontrar-a-cura-e-a-missao-da-minha-vida","status":"publish","type":"page","link":"https:\/\/mbinitiative.org\/pt\/encontrar-a-cura-e-a-missao-da-minha-vida\/","title":{"rendered":"To find a cure is my life\u2019s mission"},"content":{"rendered":"<div data-elementor-type=\"wp-page\" data-elementor-id=\"3027\" class=\"elementor elementor-3027\" data-elementor-post-type=\"page\">\n\t\t\t\t<div class=\"elementor-element elementor-element-ea9f624 e-flex e-con-boxed e-con e-parent\" data-id=\"ea9f624\" data-element_type=\"container\" data-settings=\"{&quot;jet_parallax_layout_list&quot;:[]}\">\n\t\t\t\t\t<div class=\"e-con-inner\">\n\t\t\t\t<div class=\"elementor-element elementor-element-296b965 elementor-widget elementor-widget-heading\" data-id=\"296b965\" data-element_type=\"widget\" data-widget_type=\"heading.default\">\n\t\t\t\t<div class=\"elementor-widget-container\">\n\t\t\t\t\t<h2 class=\"elementor-heading-title elementor-size-default\">Encontrar a cura \u00e9 a miss\u00e3o da minha vida<\/h2>\t\t\t\t<\/div>\n\t\t\t\t<\/div>\n\t\t<div class=\"elementor-element elementor-element-d560df1 e-flex e-con-boxed e-con e-child\" data-id=\"d560df1\" data-element_type=\"container\" data-settings=\"{&quot;jet_parallax_layout_list&quot;:[]}\">\n\t\t\t\t\t<div class=\"e-con-inner\">\n\t\t\t\t<div class=\"elementor-element elementor-element-d8d8b52 elementor-widget__width-auto elementor-widget elementor-widget-text-editor\" data-id=\"d8d8b52\" data-element_type=\"widget\" data-widget_type=\"text-editor.default\">\n\t\t\t\t<div class=\"elementor-widget-container\">\n\t\t\t\t\t\t\t\t\t<p>Por Simone Blanes<\/p>\t\t\t\t\t\t\t\t<\/div>\n\t\t\t\t<\/div>\n\t\t\t\t<div class=\"elementor-element elementor-element-f6529cd elementor-widget__width-auto elementor-widget elementor-widget-text-editor\" data-id=\"f6529cd\" data-element_type=\"widget\" data-widget_type=\"text-editor.default\">\n\t\t\t\t<div class=\"elementor-widget-container\">\n\t\t\t\t\t\t\t\t\t<p>Veja \u2013 01\/06\/2024<\/p>\t\t\t\t\t\t\t\t<\/div>\n\t\t\t\t<\/div>\n\t\t\t\t\t<\/div>\n\t\t\t\t<\/div>\n\t\t\t\t<div class=\"elementor-element elementor-element-e7a7dd3 elementor-widget-divider--view-line elementor-widget elementor-widget-divider\" data-id=\"e7a7dd3\" data-element_type=\"widget\" data-widget_type=\"divider.default\">\n\t\t\t\t<div class=\"elementor-widget-container\">\n\t\t\t\t\t\t\t<div class=\"elementor-divider\">\n\t\t\t<span class=\"elementor-divider-separator\">\n\t\t\t\t\t\t<\/span>\n\t\t<\/div>\n\t\t\t\t\t\t<\/div>\n\t\t\t\t<\/div>\n\t\t<div class=\"elementor-element elementor-element-62dc264 e-flex e-con-boxed e-con e-child\" data-id=\"62dc264\" data-element_type=\"container\" data-settings=\"{&quot;jet_parallax_layout_list&quot;:[]}\">\n\t\t\t\t\t<div class=\"e-con-inner\">\n\t\t\t\t<div class=\"elementor-element elementor-element-b760b09 elementor-widget__width-initial elementor-widget-tablet__width-initial elementor-widget elementor-widget-text-editor\" data-id=\"b760b09\" data-element_type=\"widget\" data-widget_type=\"text-editor.default\">\n\t\t\t\t<div class=\"elementor-widget-container\">\n\t\t\t\t\t\t\t\t\t<p>Em junho de 2024, a revista VEJA publicou o depoimento concedido por Fernando Goldsztein, Fundador da The Medulloblastoma Initiative, \u00e0 jornalista Simone Blanes.<\/p><p>Fernando abordou os desafios do tratamento do meduloblastoma, o nascimento da iniciativa e a evolu\u00e7\u00e3o r\u00e1pida da MBI desde sua funda\u00e7\u00e3o.<\/p><p>A MBI agradece a revista VEJA e a Jornalista Simone Blanes pela oportunidade!<\/p><p>Leia a mat\u00e9ria completa em <a href=\"https:\/\/veja.abril.com.br\/saude\/encontrar-a-cura-e-a-missao-da-minha-vida-diz-pai-de-filho-com-cancer\">veja.abril.com.br<\/a><\/p>\t\t\t\t\t\t\t\t<\/div>\n\t\t\t\t<\/div>\n\t\t\t\t<div class=\"elementor-element elementor-element-7bdf26e elementor-widget elementor-widget-image\" data-id=\"7bdf26e\" data-element_type=\"widget\" data-widget_type=\"image.default\">\n\t\t\t\t<div class=\"elementor-widget-container\">\n\t\t\t\t\t\t\t\t\t\t\t\t<figure class=\"wp-caption\">\n\t\t\t\t\t\t\t\t\t\t\t<a href=\"https:\/\/mbinitiative.org\/wp-content\/uploads\/2024\/11\/Veja-EN.jpg\" data-elementor-open-lightbox=\"no\">\n\t\t\t\t\t\t\t<img fetchpriority=\"high\" decoding=\"async\" width=\"1536\" height=\"2313\" src=\"https:\/\/mbinitiative.org\/wp-content\/uploads\/2024\/11\/Veja-EN.jpg\" class=\"attachment-full size-full wp-image-3034\" alt=\"\" srcset=\"https:\/\/mbinitiative.org\/wp-content\/uploads\/2024\/11\/Veja-EN.jpg 1536w, https:\/\/mbinitiative.org\/wp-content\/uploads\/2024\/11\/Veja-EN-199x300.jpg 199w, https:\/\/mbinitiative.org\/wp-content\/uploads\/2024\/11\/Veja-EN-680x1024.jpg 680w, https:\/\/mbinitiative.org\/wp-content\/uploads\/2024\/11\/Veja-EN-768x1157.jpg 768w, https:\/\/mbinitiative.org\/wp-content\/uploads\/2024\/11\/Veja-EN-1020x1536.jpg 1020w, https:\/\/mbinitiative.org\/wp-content\/uploads\/2024\/11\/Veja-EN-1360x2048.jpg 1360w, https:\/\/mbinitiative.org\/wp-content\/uploads\/2024\/11\/Veja-EN-8x12.jpg 8w\" sizes=\"(max-width: 1536px) 100vw, 1536px\" \/>\t\t\t\t\t\t\t\t<\/a>\n\t\t\t\t\t\t\t\t\t\t\t<figcaption class=\"widget-image-caption wp-caption-text\">*Diagramado pela MBI<\/figcaption>\n\t\t\t\t\t\t\t\t\t\t<\/figure>\n\t\t\t\t\t\t\t\t\t<\/div>\n\t\t\t\t<\/div>\n\t\t\t\t\t<\/div>\n\t\t\t\t<\/div>\n\t\t\t\t<div class=\"elementor-element elementor-element-1b1b2a5 elementor-align-right elementor-widget elementor-widget-button\" data-id=\"1b1b2a5\" data-element_type=\"widget\" data-widget_type=\"button.default\">\n\t\t\t\t<div class=\"elementor-widget-container\">\n\t\t\t\t\t\t\t\t\t<div class=\"elementor-button-wrapper\">\n\t\t\t\t\t<a class=\"elementor-button elementor-button-link elementor-size-sm\" href=\"https:\/\/mbinitiative.org\/pt\/#namidia\">\n\t\t\t\t\t\t<span class=\"elementor-button-content-wrapper\">\n\t\t\t\t\t\t<span class=\"elementor-button-icon\">\n\t\t\t\t<i aria-hidden=\"true\" class=\"fas fa-chevron-left\"><\/i>\t\t\t<\/span>\n\t\t\t\t\t\t\t\t\t<span class=\"elementor-button-text\">VOLTAR<\/span>\n\t\t\t\t\t<\/span>\n\t\t\t\t\t<\/a>\n\t\t\t\t<\/div>\n\t\t\t\t\t\t\t\t<\/div>\n\t\t\t\t<\/div>\n\t\t\t\t\t<\/div>\n\t\t\t\t<\/div>\n\t\t\t\t<\/div>","protected":false},"excerpt":{"rendered":"<p>Discover the inspiring mission to find a cure for medulloblastoma, a journey of hope led by those who believe in transforming lives.<\/p>","protected":false},"author":4,"featured_media":3034,"parent":0,"menu_order":0,"comment_status":"closed","ping_status":"closed","template":"","meta":{"footnotes":""},"class_list":["post-3027","page","type-page","status-publish","has-post-thumbnail","hentry"],"yoast_head":"<!-- This site is optimized with the Yoast SEO plugin v26.0 - https:\/\/yoast.com\/wordpress\/plugins\/seo\/ -->\n<title>Life Mission: Curing Cancer | The Medulloblastoma Initiative<\/title>\n<meta name=\"description\" content=\"Discover the inspiring mission to find a cure for medulloblastoma, a journey of hope led by those who believe in transforming lives.\" \/>\n<meta name=\"robots\" content=\"index, follow, max-snippet:-1, max-image-preview:large, max-video-preview:-1\" \/>\n<link rel=\"canonical\" href=\"https:\/\/mbinitiative.org\/pt\/encontrar-a-cura-e-a-missao-da-minha-vida\/\" \/>\n<meta property=\"og:locale\" content=\"pt_BR\" \/>\n<meta property=\"og:type\" content=\"article\" \/>\n<meta property=\"og:title\" content=\"Life Mission: Curing Cancer | The Medulloblastoma Initiative\" \/>\n<meta property=\"og:description\" content=\"Discover the inspiring mission to find a cure for medulloblastoma, a journey of hope led by those who believe in transforming lives.\" \/>\n<meta property=\"og:url\" content=\"https:\/\/mbinitiative.org\/pt\/encontrar-a-cura-e-a-missao-da-minha-vida\/\" \/>\n<meta property=\"og:site_name\" content=\"The Medulloblastoma Initiative\" \/>\n<meta property=\"article:publisher\" content=\"https:\/\/www.facebook.com\/themedulloblastomainitiative\" \/>\n<meta property=\"article:modified_time\" content=\"2025-02-10T15:03:16+00:00\" \/>\n<meta property=\"og:image\" content=\"https:\/\/mbinitiative.org\/wp-content\/uploads\/2024\/11\/Veja-EN.jpg\" \/>\n\t<meta property=\"og:image:width\" content=\"1536\" \/>\n\t<meta property=\"og:image:height\" content=\"2313\" \/>\n\t<meta property=\"og:image:type\" content=\"image\/jpeg\" \/>\n<meta name=\"twitter:card\" content=\"summary_large_image\" \/>\n<meta name=\"twitter:label1\" content=\"Est. tempo de leitura\" \/>\n\t<meta name=\"twitter:data1\" content=\"1 minuto\" \/>\n<script type=\"application\/ld+json\" class=\"yoast-schema-graph\">{\"@context\":\"https:\/\/schema.org\",\"@graph\":[{\"@type\":\"NewsArticle\",\"@id\":\"https:\/\/mbinitiative.org\/to-find-a-cure-is-my-lifes-mission-2\/#article\",\"isPartOf\":{\"@id\":\"https:\/\/mbinitiative.org\/to-find-a-cure-is-my-lifes-mission-2\/\"},\"author\":{\"name\":\"MBI\",\"@id\":\"https:\/\/mbinitiative.org\/#\/schema\/person\/466abe8aeac08de69ff51a723b647b7f\"},\"headline\":\"To find a cure is my life\u2019s mission\",\"datePublished\":\"2024-11-06T18:57:37+00:00\",\"dateModified\":\"2025-02-10T15:03:16+00:00\",\"mainEntityOfPage\":{\"@id\":\"https:\/\/mbinitiative.org\/to-find-a-cure-is-my-lifes-mission-2\/\"},\"wordCount\":87,\"publisher\":{\"@id\":\"https:\/\/mbinitiative.org\/#organization\"},\"image\":{\"@id\":\"https:\/\/mbinitiative.org\/to-find-a-cure-is-my-lifes-mission-2\/#primaryimage\"},\"thumbnailUrl\":\"https:\/\/mbinitiative.org\/wp-content\/uploads\/2024\/11\/Veja-EN.jpg\",\"inLanguage\":\"pt-BR\"},{\"@type\":\"WebPage\",\"@id\":\"https:\/\/mbinitiative.org\/to-find-a-cure-is-my-lifes-mission-2\/\",\"url\":\"https:\/\/mbinitiative.org\/to-find-a-cure-is-my-lifes-mission-2\/\",\"name\":\"Life Mission: Curing Cancer | The Medulloblastoma Initiative\",\"isPartOf\":{\"@id\":\"https:\/\/mbinitiative.org\/#website\"},\"primaryImageOfPage\":{\"@id\":\"https:\/\/mbinitiative.org\/to-find-a-cure-is-my-lifes-mission-2\/#primaryimage\"},\"image\":{\"@id\":\"https:\/\/mbinitiative.org\/to-find-a-cure-is-my-lifes-mission-2\/#primaryimage\"},\"thumbnailUrl\":\"https:\/\/mbinitiative.org\/wp-content\/uploads\/2024\/11\/Veja-EN.jpg\",\"datePublished\":\"2024-11-06T18:57:37+00:00\",\"dateModified\":\"2025-02-10T15:03:16+00:00\",\"description\":\"Discover the inspiring mission to find a cure for medulloblastoma, a journey of hope led by those who believe in transforming lives.\",\"breadcrumb\":{\"@id\":\"https:\/\/mbinitiative.org\/to-find-a-cure-is-my-lifes-mission-2\/#breadcrumb\"},\"inLanguage\":\"pt-BR\",\"potentialAction\":[{\"@type\":\"ReadAction\",\"target\":[\"https:\/\/mbinitiative.org\/to-find-a-cure-is-my-lifes-mission-2\/\"]}]},{\"@type\":\"ImageObject\",\"inLanguage\":\"pt-BR\",\"@id\":\"https:\/\/mbinitiative.org\/to-find-a-cure-is-my-lifes-mission-2\/#primaryimage\",\"url\":\"https:\/\/mbinitiative.org\/wp-content\/uploads\/2024\/11\/Veja-EN.jpg\",\"contentUrl\":\"https:\/\/mbinitiative.org\/wp-content\/uploads\/2024\/11\/Veja-EN.jpg\",\"width\":1536,\"height\":2313},{\"@type\":\"BreadcrumbList\",\"@id\":\"https:\/\/mbinitiative.org\/to-find-a-cure-is-my-lifes-mission-2\/#breadcrumb\",\"itemListElement\":[{\"@type\":\"ListItem\",\"position\":1,\"name\":\"In\u00edcio\",\"item\":\"https:\/\/mbinitiative.org\/\"},{\"@type\":\"ListItem\",\"position\":2,\"name\":\"To find a cure is my life\u2019s mission\"}]},{\"@type\":\"WebSite\",\"@id\":\"https:\/\/mbinitiative.org\/#website\",\"url\":\"https:\/\/mbinitiative.org\/\",\"name\":\"The Medulloblastoma Initiative\",\"description\":\"Cura do Meduloblastoma Infantil\",\"publisher\":{\"@id\":\"https:\/\/mbinitiative.org\/#organization\"},\"potentialAction\":[{\"@type\":\"SearchAction\",\"target\":{\"@type\":\"EntryPoint\",\"urlTemplate\":\"https:\/\/mbinitiative.org\/?s={search_term_string}\"},\"query-input\":{\"@type\":\"PropertyValueSpecification\",\"valueRequired\":true,\"valueName\":\"search_term_string\"}}],\"inLanguage\":\"pt-BR\"},{\"@type\":\"Organization\",\"@id\":\"https:\/\/mbinitiative.org\/#organization\",\"name\":\"The Medulloblastoma Initiative\",\"url\":\"https:\/\/mbinitiative.org\/\",\"logo\":{\"@type\":\"ImageObject\",\"inLanguage\":\"pt-BR\",\"@id\":\"https:\/\/mbinitiative.org\/#\/schema\/logo\/image\/\",\"url\":\"https:\/\/mbinitiative.org\/wp-content\/uploads\/2023\/10\/LOGO-MBI.png\",\"contentUrl\":\"https:\/\/mbinitiative.org\/wp-content\/uploads\/2023\/10\/LOGO-MBI.png\",\"width\":354,\"height\":168,\"caption\":\"The Medulloblastoma Initiative\"},\"image\":{\"@id\":\"https:\/\/mbinitiative.org\/#\/schema\/logo\/image\/\"},\"sameAs\":[\"https:\/\/www.facebook.com\/themedulloblastomainitiative\",\"https:\/\/www.instagram.com\/medulloblastomainitiative\/\",\"https:\/\/www.linkedin.com\/company\/medulloblastomainitiative\/\",\"https:\/\/www.youtube.com\/@mbinitiative\"]},{\"@type\":\"Person\",\"@id\":\"https:\/\/mbinitiative.org\/#\/schema\/person\/466abe8aeac08de69ff51a723b647b7f\",\"name\":\"MBI\",\"image\":{\"@type\":\"ImageObject\",\"inLanguage\":\"pt-BR\",\"@id\":\"https:\/\/mbinitiative.org\/#\/schema\/person\/image\/\",\"url\":\"https:\/\/secure.gravatar.com\/avatar\/6446aa8591e99bf1553d89bc19db5af72fd25b4c6593ea37fd3dae05f7f06bb2?s=96&d=mm&r=g\",\"contentUrl\":\"https:\/\/secure.gravatar.com\/avatar\/6446aa8591e99bf1553d89bc19db5af72fd25b4c6593ea37fd3dae05f7f06bb2?s=96&d=mm&r=g\",\"caption\":\"MBI\"},\"url\":\"https:\/\/mbinitiative.org\/pt\/author\/mbi\/\"}]}<\/script>\n<!-- \/ Yoast SEO plugin. -->","yoast_head_json":{"title":"Encontrar a cura \u00e9 a miss\u00e3o da minha vida | The Medulloblastoma Initiative","description":"Discover the inspiring mission to find a cure for medulloblastoma, a journey of hope led by those who believe in transforming lives.","robots":{"index":"index","follow":"follow","max-snippet":"max-snippet:-1","max-image-preview":"max-image-preview:large","max-video-preview":"max-video-preview:-1"},"canonical":"https:\/\/mbinitiative.org\/pt\/encontrar-a-cura-e-a-missao-da-minha-vida\/","og_locale":"pt_BR","og_type":"article","og_title":"Life Mission: Curing Cancer | The Medulloblastoma Initiative","og_description":"Discover the inspiring mission to find a cure for medulloblastoma, a journey of hope led by those who believe in transforming lives.","og_url":"https:\/\/mbinitiative.org\/pt\/encontrar-a-cura-e-a-missao-da-minha-vida\/","og_site_name":"The Medulloblastoma Initiative","article_publisher":"https:\/\/www.facebook.com\/themedulloblastomainitiative","article_modified_time":"2025-02-10T15:03:16+00:00","og_image":[{"width":1536,"height":2313,"url":"https:\/\/mbinitiative.org\/wp-content\/uploads\/2024\/11\/Veja-EN.jpg","type":"image\/jpeg"}],"twitter_card":"summary_large_image","twitter_misc":{"Est. tempo de leitura":"1 minuto"},"schema":{"@context":"https:\/\/schema.org","@graph":[{"@type":"NewsArticle","@id":"https:\/\/mbinitiative.org\/to-find-a-cure-is-my-lifes-mission-2\/#article","isPartOf":{"@id":"https:\/\/mbinitiative.org\/to-find-a-cure-is-my-lifes-mission-2\/"},"author":{"name":"MBI","@id":"https:\/\/mbinitiative.org\/#\/schema\/person\/466abe8aeac08de69ff51a723b647b7f"},"headline":"To find a cure is my life\u2019s mission","datePublished":"2024-11-06T18:57:37+00:00","dateModified":"2025-02-10T15:03:16+00:00","mainEntityOfPage":{"@id":"https:\/\/mbinitiative.org\/to-find-a-cure-is-my-lifes-mission-2\/"},"wordCount":87,"publisher":{"@id":"https:\/\/mbinitiative.org\/#organization"},"image":{"@id":"https:\/\/mbinitiative.org\/to-find-a-cure-is-my-lifes-mission-2\/#primaryimage"},"thumbnailUrl":"https:\/\/mbinitiative.org\/wp-content\/uploads\/2024\/11\/Veja-EN.jpg","inLanguage":"pt-BR"},{"@type":"WebPage","@id":"https:\/\/mbinitiative.org\/to-find-a-cure-is-my-lifes-mission-2\/","url":"https:\/\/mbinitiative.org\/to-find-a-cure-is-my-lifes-mission-2\/","name":"Encontrar a cura \u00e9 a miss\u00e3o da minha vida | The Medulloblastoma Initiative","isPartOf":{"@id":"https:\/\/mbinitiative.org\/#website"},"primaryImageOfPage":{"@id":"https:\/\/mbinitiative.org\/to-find-a-cure-is-my-lifes-mission-2\/#primaryimage"},"image":{"@id":"https:\/\/mbinitiative.org\/to-find-a-cure-is-my-lifes-mission-2\/#primaryimage"},"thumbnailUrl":"https:\/\/mbinitiative.org\/wp-content\/uploads\/2024\/11\/Veja-EN.jpg","datePublished":"2024-11-06T18:57:37+00:00","dateModified":"2025-02-10T15:03:16+00:00","description":"Discover the inspiring mission to find a cure for medulloblastoma, a journey of hope led by those who believe in transforming lives.","breadcrumb":{"@id":"https:\/\/mbinitiative.org\/to-find-a-cure-is-my-lifes-mission-2\/#breadcrumb"},"inLanguage":"pt-BR","potentialAction":[{"@type":"ReadAction","target":["https:\/\/mbinitiative.org\/to-find-a-cure-is-my-lifes-mission-2\/"]}]},{"@type":"ImageObject","inLanguage":"pt-BR","@id":"https:\/\/mbinitiative.org\/to-find-a-cure-is-my-lifes-mission-2\/#primaryimage","url":"https:\/\/mbinitiative.org\/wp-content\/uploads\/2024\/11\/Veja-EN.jpg","contentUrl":"https:\/\/mbinitiative.org\/wp-content\/uploads\/2024\/11\/Veja-EN.jpg","width":1536,"height":2313},{"@type":"BreadcrumbList","@id":"https:\/\/mbinitiative.org\/to-find-a-cure-is-my-lifes-mission-2\/#breadcrumb","itemListElement":[{"@type":"ListItem","position":1,"name":"In\u00edcio","item":"https:\/\/mbinitiative.org\/"},{"@type":"ListItem","position":2,"name":"To find a cure is my life\u2019s mission"}]},{"@type":"WebSite","@id":"https:\/\/mbinitiative.org\/#website","url":"https:\/\/mbinitiative.org\/","name":"(The Medulloblastoma Initiative)","description":"Cura do Meduloblastoma Infantil","publisher":{"@id":"https:\/\/mbinitiative.org\/#organization"},"potentialAction":[{"@type":"SearchAction","target":{"@type":"EntryPoint","urlTemplate":"https:\/\/mbinitiative.org\/?s={search_term_string}"},"query-input":{"@type":"PropertyValueSpecification","valueRequired":true,"valueName":"search_term_string"}}],"inLanguage":"pt-BR"},{"@type":"Organization","@id":"https:\/\/mbinitiative.org\/#organization","name":"(The Medulloblastoma Initiative)","url":"https:\/\/mbinitiative.org\/","logo":{"@type":"ImageObject","inLanguage":"pt-BR","@id":"https:\/\/mbinitiative.org\/#\/schema\/logo\/image\/","url":"https:\/\/mbinitiative.org\/wp-content\/uploads\/2023\/10\/LOGO-MBI.png","contentUrl":"https:\/\/mbinitiative.org\/wp-content\/uploads\/2023\/10\/LOGO-MBI.png","width":354,"height":168,"caption":"The Medulloblastoma Initiative"},"image":{"@id":"https:\/\/mbinitiative.org\/#\/schema\/logo\/image\/"},"sameAs":["https:\/\/www.facebook.com\/themedulloblastomainitiative","https:\/\/www.instagram.com\/medulloblastomainitiative\/","https:\/\/www.linkedin.com\/company\/medulloblastomainitiative\/","https:\/\/www.youtube.com\/@mbinitiative"]},{"@type":"Person","@id":"https:\/\/mbinitiative.org\/#\/schema\/person\/466abe8aeac08de69ff51a723b647b7f","name":"MBI","image":{"@type":"ImageObject","inLanguage":"pt-BR","@id":"https:\/\/mbinitiative.org\/#\/schema\/person\/image\/","url":"https:\/\/secure.gravatar.com\/avatar\/6446aa8591e99bf1553d89bc19db5af72fd25b4c6593ea37fd3dae05f7f06bb2?s=96&d=mm&r=g","contentUrl":"https:\/\/secure.gravatar.com\/avatar\/6446aa8591e99bf1553d89bc19db5af72fd25b4c6593ea37fd3dae05f7f06bb2?s=96&d=mm&r=g","caption":"MBI"},"url":"https:\/\/mbinitiative.org\/pt\/author\/mbi\/"}]}},"_links":{"self":[{"href":"https:\/\/mbinitiative.org\/pt\/wp-json\/wp\/v2\/pages\/3027","targetHints":{"allow":["GET"]}}],"collection":[{"href":"https:\/\/mbinitiative.org\/pt\/wp-json\/wp\/v2\/pages"}],"about":[{"href":"https:\/\/mbinitiative.org\/pt\/wp-json\/wp\/v2\/types\/page"}],"author":[{"embeddable":true,"href":"https:\/\/mbinitiative.org\/pt\/wp-json\/wp\/v2\/users\/4"}],"replies":[{"embeddable":true,"href":"https:\/\/mbinitiative.org\/pt\/wp-json\/wp\/v2\/comments?post=3027"}],"version-history":[{"count":22,"href":"https:\/\/mbinitiative.org\/pt\/wp-json\/wp\/v2\/pages\/3027\/revisions"}],"predecessor-version":[{"id":4271,"href":"https:\/\/mbinitiative.org\/pt\/wp-json\/wp\/v2\/pages\/3027\/revisions\/4271"}],"wp:featuredmedia":[{"embeddable":true,"href":"https:\/\/mbinitiative.org\/pt\/wp-json\/wp\/v2\/media\/3034"}],"wp:attachment":[{"href":"https:\/\/mbinitiative.org\/pt\/wp-json\/wp\/v2\/media?parent=3027"}],"curies":[{"name":"wp","href":"https:\/\/api.w.org\/{rel}","templated":true}]}}