{"id":2889,"date":"2024-10-22T17:21:17","date_gmt":"2024-10-22T20:21:17","guid":{"rendered":"https:\/\/mbinitiative.org\/?page_id=2889"},"modified":"2025-02-10T11:55:23","modified_gmt":"2025-02-10T14:55:23","slug":"iniciativa-de-empresario-pela-cura-do-cancer-infantil-chega-a-fase-de-testes","status":"publish","type":"page","link":"https:\/\/mbinitiative.org\/pt\/iniciativa-de-empresario-pela-cura-do-cancer-infantil-chega-a-fase-de-testes\/","title":{"rendered":"Brazilian entrepreneur&#8217;s initiative to cure childhood brain cancer enters testing phase"},"content":{"rendered":"<div data-elementor-type=\"wp-page\" data-elementor-id=\"2889\" class=\"elementor elementor-2889\" data-elementor-post-type=\"page\">\n\t\t\t\t<div class=\"elementor-element elementor-element-ea9f624 e-flex e-con-boxed e-con e-parent\" data-id=\"ea9f624\" data-element_type=\"container\" data-settings=\"{&quot;jet_parallax_layout_list&quot;:[]}\">\n\t\t\t\t\t<div class=\"e-con-inner\">\n\t\t<div class=\"elementor-element elementor-element-d560df1 e-flex e-con-boxed e-con e-child\" data-id=\"d560df1\" data-element_type=\"container\" data-settings=\"{&quot;jet_parallax_layout_list&quot;:[]}\">\n\t\t\t\t\t<div class=\"e-con-inner\">\n\t\t\t\t<div class=\"elementor-element elementor-element-d8d8b52 elementor-widget__width-auto elementor-widget elementor-widget-text-editor\" data-id=\"d8d8b52\" data-element_type=\"widget\" data-widget_type=\"text-editor.default\">\n\t\t\t\t<div class=\"elementor-widget-container\">\n\t\t\t\t\t\t\t\t\t<p>Por Lucas Amorim<\/p>\t\t\t\t\t\t\t\t<\/div>\n\t\t\t\t<\/div>\n\t\t\t\t<div class=\"elementor-element elementor-element-f6529cd elementor-widget__width-auto elementor-widget elementor-widget-text-editor\" data-id=\"f6529cd\" data-element_type=\"widget\" data-widget_type=\"text-editor.default\">\n\t\t\t\t<div class=\"elementor-widget-container\">\n\t\t\t\t\t\t\t\t\t<p>Exame &#8211; 27\/06\/2023<\/p>\t\t\t\t\t\t\t\t<\/div>\n\t\t\t\t<\/div>\n\t\t\t\t\t<\/div>\n\t\t\t\t<\/div>\n\t\t\t\t<div class=\"elementor-element elementor-element-296b965 elementor-widget elementor-widget-heading\" data-id=\"296b965\" data-element_type=\"widget\" data-widget_type=\"heading.default\">\n\t\t\t\t<div class=\"elementor-widget-container\">\n\t\t\t\t\t<h2 class=\"elementor-heading-title elementor-size-default\">Iniciativa de empres\u00e1rio brasileiro pela cura do c\u00e2ncer cerebral infantil chega \u00e0 fase de testes<\/h2>\t\t\t\t<\/div>\n\t\t\t\t<\/div>\n\t\t\t\t<div class=\"elementor-element elementor-element-e7a7dd3 elementor-widget-divider--view-line elementor-widget elementor-widget-divider\" data-id=\"e7a7dd3\" data-element_type=\"widget\" data-widget_type=\"divider.default\">\n\t\t\t\t<div class=\"elementor-widget-container\">\n\t\t\t\t\t\t\t<div class=\"elementor-divider\">\n\t\t\t<span class=\"elementor-divider-separator\">\n\t\t\t\t\t\t<\/span>\n\t\t<\/div>\n\t\t\t\t\t\t<\/div>\n\t\t\t\t<\/div>\n\t\t<div class=\"elementor-element elementor-element-62dc264 e-flex e-con-boxed e-con e-child\" data-id=\"62dc264\" data-element_type=\"container\" data-settings=\"{&quot;jet_parallax_layout_list&quot;:[]}\">\n\t\t\t\t\t<div class=\"e-con-inner\">\n\t\t\t\t<div class=\"elementor-element elementor-element-b760b09 elementor-widget__width-initial elementor-widget-tablet__width-initial elementor-widget elementor-widget-text-editor\" data-id=\"b760b09\" data-element_type=\"widget\" data-widget_type=\"text-editor.default\">\n\t\t\t\t<div class=\"elementor-widget-container\">\n\t\t\t\t\t\t\t\t\t<p>\u201cCrian\u00e7as n\u00e3o deviam ter c\u00e2ncer\u201d, afirma o empres\u00e1rio ga\u00facho Fernando Goldsztein em entrevista por v\u00eddeo \u00e0 EXAME. Goldsztein \u00e9 conselheiro da incorporadora Cyrela, mas fala como presidente da The Medulloblastoma Initiative (MBI), uma organiza\u00e7\u00e3o global com um objetivo mais do que nobre: curar o medulablastoma, um c\u00e2ncer cerebral que acomete cerca de 30.000 crian\u00e7as por ano no mundo.<\/p><p>O empres\u00e1rio criou a iniciativa em 2021 impulsionado por uma hist\u00f3ria familiar. Em 2015, seu filho, ent\u00e3o com 9 anos, foi diagnosticado com o tumor. A taxa de cura \u00e9 de 65%. Mas em 2019 o tumor voltou, um quadro que derruba a chance de cura para apenas 5%. \u201cHoje meu filho est\u00e1 est\u00e1vel, mas n\u00e3o curado\u201d, diz o empreendedor. \u201cQuando o tumor voltou, buscamos tratamento nos Estados Unidos e nos demos conta do desafio global de tratar esta doen\u00e7a. A sociedade ignorou essas crian\u00e7as e investiu em c\u00e2nceres mais frequentes\u201d.(\u2026)<\/p><p>Agradecemos \u00e0 revista Exame e ao jornalista Lucas Amorim por compartilhar a nossa hist\u00f3ria.<\/p><p>A mat\u00e9ria completa voc\u00ea acessa<a href=\"https:\/\/exame.com\/insight\/iniciativa-de-empresario-brasileiro-pela-cura-do-cancer-cerebral-infantil-chega-a-fase-de-testes\/p\"> aqui.<\/a><\/p>\t\t\t\t\t\t\t\t<\/div>\n\t\t\t\t<\/div>\n\t\t\t\t<div class=\"elementor-element elementor-element-7bdf26e elementor-widget elementor-widget-image\" data-id=\"7bdf26e\" data-element_type=\"widget\" data-widget_type=\"image.default\">\n\t\t\t\t<div class=\"elementor-widget-container\">\n\t\t\t\t\t\t\t\t\t\t\t\t<figure class=\"wp-caption\">\n\t\t\t\t\t\t\t\t\t\t\t<a href=\"https:\/\/mbinitiative.org\/wp-content\/uploads\/2024\/10\/Revista-exame.png\" data-elementor-open-lightbox=\"no\">\n\t\t\t\t\t\t\t<img fetchpriority=\"high\" decoding=\"async\" width=\"989\" height=\"3850\" src=\"https:\/\/mbinitiative.org\/wp-content\/uploads\/2024\/10\/Revista-exame.png\" class=\"attachment-full size-full wp-image-2895\" alt=\"\" srcset=\"https:\/\/mbinitiative.org\/wp-content\/uploads\/2024\/10\/Revista-exame.png 989w, https:\/\/mbinitiative.org\/wp-content\/uploads\/2024\/10\/Revista-exame-77x300.png 77w, https:\/\/mbinitiative.org\/wp-content\/uploads\/2024\/10\/Revista-exame-263x1024.png 263w, https:\/\/mbinitiative.org\/wp-content\/uploads\/2024\/10\/Revista-exame-768x2990.png 768w, https:\/\/mbinitiative.org\/wp-content\/uploads\/2024\/10\/Revista-exame-526x2048.png 526w, https:\/\/mbinitiative.org\/wp-content\/uploads\/2024\/10\/Revista-exame-3x12.png 3w\" sizes=\"(max-width: 989px) 100vw, 989px\" \/>\t\t\t\t\t\t\t\t<\/a>\n\t\t\t\t\t\t\t\t\t\t\t<figcaption class=\"widget-image-caption wp-caption-text\">*Diagramado pela MBI<\/figcaption>\n\t\t\t\t\t\t\t\t\t\t<\/figure>\n\t\t\t\t\t\t\t\t\t<\/div>\n\t\t\t\t<\/div>\n\t\t\t\t\t<\/div>\n\t\t\t\t<\/div>\n\t\t\t\t<div class=\"elementor-element elementor-element-1b1b2a5 elementor-align-right elementor-widget elementor-widget-button\" data-id=\"1b1b2a5\" data-element_type=\"widget\" data-widget_type=\"button.default\">\n\t\t\t\t<div class=\"elementor-widget-container\">\n\t\t\t\t\t\t\t\t\t<div class=\"elementor-button-wrapper\">\n\t\t\t\t\t<a class=\"elementor-button elementor-button-link elementor-size-sm\" href=\"https:\/\/mbinitiative.org\/pt\/#namidia\">\n\t\t\t\t\t\t<span class=\"elementor-button-content-wrapper\">\n\t\t\t\t\t\t<span class=\"elementor-button-icon\">\n\t\t\t\t<i aria-hidden=\"true\" class=\"fas fa-chevron-left\"><\/i>\t\t\t<\/span>\n\t\t\t\t\t\t\t\t\t<span class=\"elementor-button-text\">VOLTAR<\/span>\n\t\t\t\t\t<\/span>\n\t\t\t\t\t<\/a>\n\t\t\t\t<\/div>\n\t\t\t\t\t\t\t\t<\/div>\n\t\t\t\t<\/div>\n\t\t\t\t\t<\/div>\n\t\t\t\t<\/div>\n\t\t\t\t<\/div>","protected":false},"excerpt":{"rendered":"<p>Brazilian entrepreneur&#8217;s initiative to cure childhood cancer advances to the testing phase through The Medulloblastoma Initiative.<\/p>","protected":false},"author":4,"featured_media":3139,"parent":0,"menu_order":0,"comment_status":"closed","ping_status":"closed","template":"","meta":{"footnotes":""},"class_list":["post-2889","page","type-page","status-publish","has-post-thumbnail","hentry"],"yoast_head":"<!-- This site is optimized with the Yoast SEO plugin v26.0 - https:\/\/yoast.com\/wordpress\/plugins\/seo\/ -->\n<title>Cancer Cure Initiative | The Medulloblastoma Initiative<\/title>\n<meta name=\"description\" content=\"Brazilian entrepreneur&#039;s initiative to cure childhood cancer advances to the testing phase through The Medulloblastoma Initiative.\" \/>\n<meta name=\"robots\" content=\"index, follow, max-snippet:-1, max-image-preview:large, max-video-preview:-1\" \/>\n<link rel=\"canonical\" href=\"https:\/\/mbinitiative.org\/pt\/iniciativa-de-empresario-pela-cura-do-cancer-infantil-chega-a-fase-de-testes\/\" \/>\n<meta property=\"og:locale\" content=\"pt_BR\" \/>\n<meta property=\"og:type\" content=\"article\" \/>\n<meta property=\"og:title\" content=\"Cancer Cure Initiative | The Medulloblastoma Initiative\" \/>\n<meta property=\"og:description\" content=\"Brazilian entrepreneur&#039;s initiative to cure childhood cancer advances to the testing phase through The Medulloblastoma Initiative.\" \/>\n<meta property=\"og:url\" content=\"https:\/\/mbinitiative.org\/pt\/iniciativa-de-empresario-pela-cura-do-cancer-infantil-chega-a-fase-de-testes\/\" \/>\n<meta property=\"og:site_name\" content=\"The Medulloblastoma Initiative\" \/>\n<meta property=\"article:publisher\" content=\"https:\/\/www.facebook.com\/themedulloblastomainitiative\" \/>\n<meta property=\"article:modified_time\" content=\"2025-02-10T14:55:23+00:00\" \/>\n<meta property=\"og:image\" content=\"https:\/\/mbinitiative.org\/wp-content\/uploads\/2024\/11\/imagem_2024-11-28_142333569.png\" \/>\n\t<meta property=\"og:image:width\" content=\"279\" \/>\n\t<meta property=\"og:image:height\" content=\"186\" \/>\n\t<meta property=\"og:image:type\" content=\"image\/png\" \/>\n<meta name=\"twitter:card\" content=\"summary_large_image\" \/>\n<meta name=\"twitter:label1\" content=\"Est. tempo de leitura\" \/>\n\t<meta name=\"twitter:data1\" content=\"2 minutos\" \/>\n<script type=\"application\/ld+json\" class=\"yoast-schema-graph\">{\"@context\":\"https:\/\/schema.org\",\"@graph\":[{\"@type\":\"NewsArticle\",\"@id\":\"https:\/\/mbinitiative.org\/brazilian-entrepreneur-initiative-for-cure-of-childhood-brain-cancer-reaches-testing-phase-2\/#article\",\"isPartOf\":{\"@id\":\"https:\/\/mbinitiative.org\/brazilian-entrepreneur-initiative-for-cure-of-childhood-brain-cancer-reaches-testing-phase-2\/\"},\"author\":{\"name\":\"MBI\",\"@id\":\"https:\/\/mbinitiative.org\/#\/schema\/person\/466abe8aeac08de69ff51a723b647b7f\"},\"headline\":\"Brazilian entrepreneur&#8217;s initiative to cure childhood brain cancer enters testing phase\",\"datePublished\":\"2024-10-22T20:21:17+00:00\",\"dateModified\":\"2025-02-10T14:55:23+00:00\",\"mainEntityOfPage\":{\"@id\":\"https:\/\/mbinitiative.org\/brazilian-entrepreneur-initiative-for-cure-of-childhood-brain-cancer-reaches-testing-phase-2\/\"},\"wordCount\":197,\"publisher\":{\"@id\":\"https:\/\/mbinitiative.org\/#organization\"},\"image\":{\"@id\":\"https:\/\/mbinitiative.org\/brazilian-entrepreneur-initiative-for-cure-of-childhood-brain-cancer-reaches-testing-phase-2\/#primaryimage\"},\"thumbnailUrl\":\"https:\/\/mbinitiative.org\/wp-content\/uploads\/2024\/11\/imagem_2024-11-28_142333569.png\",\"inLanguage\":\"pt-BR\"},{\"@type\":\"WebPage\",\"@id\":\"https:\/\/mbinitiative.org\/brazilian-entrepreneur-initiative-for-cure-of-childhood-brain-cancer-reaches-testing-phase-2\/\",\"url\":\"https:\/\/mbinitiative.org\/brazilian-entrepreneur-initiative-for-cure-of-childhood-brain-cancer-reaches-testing-phase-2\/\",\"name\":\"Cancer Cure Initiative | The Medulloblastoma Initiative\",\"isPartOf\":{\"@id\":\"https:\/\/mbinitiative.org\/#website\"},\"primaryImageOfPage\":{\"@id\":\"https:\/\/mbinitiative.org\/brazilian-entrepreneur-initiative-for-cure-of-childhood-brain-cancer-reaches-testing-phase-2\/#primaryimage\"},\"image\":{\"@id\":\"https:\/\/mbinitiative.org\/brazilian-entrepreneur-initiative-for-cure-of-childhood-brain-cancer-reaches-testing-phase-2\/#primaryimage\"},\"thumbnailUrl\":\"https:\/\/mbinitiative.org\/wp-content\/uploads\/2024\/11\/imagem_2024-11-28_142333569.png\",\"datePublished\":\"2024-10-22T20:21:17+00:00\",\"dateModified\":\"2025-02-10T14:55:23+00:00\",\"description\":\"Brazilian entrepreneur's initiative to cure childhood cancer advances to the testing phase through The Medulloblastoma Initiative.\",\"breadcrumb\":{\"@id\":\"https:\/\/mbinitiative.org\/brazilian-entrepreneur-initiative-for-cure-of-childhood-brain-cancer-reaches-testing-phase-2\/#breadcrumb\"},\"inLanguage\":\"pt-BR\",\"potentialAction\":[{\"@type\":\"ReadAction\",\"target\":[\"https:\/\/mbinitiative.org\/brazilian-entrepreneur-initiative-for-cure-of-childhood-brain-cancer-reaches-testing-phase-2\/\"]}]},{\"@type\":\"ImageObject\",\"inLanguage\":\"pt-BR\",\"@id\":\"https:\/\/mbinitiative.org\/brazilian-entrepreneur-initiative-for-cure-of-childhood-brain-cancer-reaches-testing-phase-2\/#primaryimage\",\"url\":\"https:\/\/mbinitiative.org\/wp-content\/uploads\/2024\/11\/imagem_2024-11-28_142333569.png\",\"contentUrl\":\"https:\/\/mbinitiative.org\/wp-content\/uploads\/2024\/11\/imagem_2024-11-28_142333569.png\",\"width\":279,\"height\":186},{\"@type\":\"BreadcrumbList\",\"@id\":\"https:\/\/mbinitiative.org\/brazilian-entrepreneur-initiative-for-cure-of-childhood-brain-cancer-reaches-testing-phase-2\/#breadcrumb\",\"itemListElement\":[{\"@type\":\"ListItem\",\"position\":1,\"name\":\"In\u00edcio\",\"item\":\"https:\/\/mbinitiative.org\/\"},{\"@type\":\"ListItem\",\"position\":2,\"name\":\"Brazilian entrepreneur&#8217;s initiative to cure childhood brain cancer enters testing phase\"}]},{\"@type\":\"WebSite\",\"@id\":\"https:\/\/mbinitiative.org\/#website\",\"url\":\"https:\/\/mbinitiative.org\/\",\"name\":\"The Medulloblastoma Initiative\",\"description\":\"Cura do Meduloblastoma Infantil\",\"publisher\":{\"@id\":\"https:\/\/mbinitiative.org\/#organization\"},\"potentialAction\":[{\"@type\":\"SearchAction\",\"target\":{\"@type\":\"EntryPoint\",\"urlTemplate\":\"https:\/\/mbinitiative.org\/?s={search_term_string}\"},\"query-input\":{\"@type\":\"PropertyValueSpecification\",\"valueRequired\":true,\"valueName\":\"search_term_string\"}}],\"inLanguage\":\"pt-BR\"},{\"@type\":\"Organization\",\"@id\":\"https:\/\/mbinitiative.org\/#organization\",\"name\":\"The Medulloblastoma Initiative\",\"url\":\"https:\/\/mbinitiative.org\/\",\"logo\":{\"@type\":\"ImageObject\",\"inLanguage\":\"pt-BR\",\"@id\":\"https:\/\/mbinitiative.org\/#\/schema\/logo\/image\/\",\"url\":\"https:\/\/mbinitiative.org\/wp-content\/uploads\/2023\/10\/LOGO-MBI.png\",\"contentUrl\":\"https:\/\/mbinitiative.org\/wp-content\/uploads\/2023\/10\/LOGO-MBI.png\",\"width\":354,\"height\":168,\"caption\":\"The Medulloblastoma Initiative\"},\"image\":{\"@id\":\"https:\/\/mbinitiative.org\/#\/schema\/logo\/image\/\"},\"sameAs\":[\"https:\/\/www.facebook.com\/themedulloblastomainitiative\",\"https:\/\/www.instagram.com\/medulloblastomainitiative\/\",\"https:\/\/www.linkedin.com\/company\/medulloblastomainitiative\/\",\"https:\/\/www.youtube.com\/@mbinitiative\"]},{\"@type\":\"Person\",\"@id\":\"https:\/\/mbinitiative.org\/#\/schema\/person\/466abe8aeac08de69ff51a723b647b7f\",\"name\":\"MBI\",\"image\":{\"@type\":\"ImageObject\",\"inLanguage\":\"pt-BR\",\"@id\":\"https:\/\/mbinitiative.org\/#\/schema\/person\/image\/\",\"url\":\"https:\/\/secure.gravatar.com\/avatar\/6446aa8591e99bf1553d89bc19db5af72fd25b4c6593ea37fd3dae05f7f06bb2?s=96&d=mm&r=g\",\"contentUrl\":\"https:\/\/secure.gravatar.com\/avatar\/6446aa8591e99bf1553d89bc19db5af72fd25b4c6593ea37fd3dae05f7f06bb2?s=96&d=mm&r=g\",\"caption\":\"MBI\"},\"url\":\"https:\/\/mbinitiative.org\/pt\/author\/mbi\/\"}]}<\/script>\n<!-- \/ Yoast SEO plugin. -->","yoast_head_json":{"title":"Iniciativa de empres\u00e1rio pela cura do c\u00e2ncer infantil chega a fase de testes | The Medulloblastoma Initiative","description":"Brazilian entrepreneur's initiative to cure childhood cancer advances to the testing phase through The Medulloblastoma Initiative.","robots":{"index":"index","follow":"follow","max-snippet":"max-snippet:-1","max-image-preview":"max-image-preview:large","max-video-preview":"max-video-preview:-1"},"canonical":"https:\/\/mbinitiative.org\/pt\/iniciativa-de-empresario-pela-cura-do-cancer-infantil-chega-a-fase-de-testes\/","og_locale":"pt_BR","og_type":"article","og_title":"Cancer Cure Initiative | The Medulloblastoma Initiative","og_description":"Brazilian entrepreneur's initiative to cure childhood cancer advances to the testing phase through The Medulloblastoma Initiative.","og_url":"https:\/\/mbinitiative.org\/pt\/iniciativa-de-empresario-pela-cura-do-cancer-infantil-chega-a-fase-de-testes\/","og_site_name":"The Medulloblastoma Initiative","article_publisher":"https:\/\/www.facebook.com\/themedulloblastomainitiative","article_modified_time":"2025-02-10T14:55:23+00:00","og_image":[{"width":279,"height":186,"url":"https:\/\/mbinitiative.org\/wp-content\/uploads\/2024\/11\/imagem_2024-11-28_142333569.png","type":"image\/png"}],"twitter_card":"summary_large_image","twitter_misc":{"Est. tempo de leitura":"2 minutos"},"schema":{"@context":"https:\/\/schema.org","@graph":[{"@type":"NewsArticle","@id":"https:\/\/mbinitiative.org\/brazilian-entrepreneur-initiative-for-cure-of-childhood-brain-cancer-reaches-testing-phase-2\/#article","isPartOf":{"@id":"https:\/\/mbinitiative.org\/brazilian-entrepreneur-initiative-for-cure-of-childhood-brain-cancer-reaches-testing-phase-2\/"},"author":{"name":"MBI","@id":"https:\/\/mbinitiative.org\/#\/schema\/person\/466abe8aeac08de69ff51a723b647b7f"},"headline":"Brazilian entrepreneur&#8217;s initiative to cure childhood brain cancer enters testing phase","datePublished":"2024-10-22T20:21:17+00:00","dateModified":"2025-02-10T14:55:23+00:00","mainEntityOfPage":{"@id":"https:\/\/mbinitiative.org\/brazilian-entrepreneur-initiative-for-cure-of-childhood-brain-cancer-reaches-testing-phase-2\/"},"wordCount":197,"publisher":{"@id":"https:\/\/mbinitiative.org\/#organization"},"image":{"@id":"https:\/\/mbinitiative.org\/brazilian-entrepreneur-initiative-for-cure-of-childhood-brain-cancer-reaches-testing-phase-2\/#primaryimage"},"thumbnailUrl":"https:\/\/mbinitiative.org\/wp-content\/uploads\/2024\/11\/imagem_2024-11-28_142333569.png","inLanguage":"pt-BR"},{"@type":"WebPage","@id":"https:\/\/mbinitiative.org\/brazilian-entrepreneur-initiative-for-cure-of-childhood-brain-cancer-reaches-testing-phase-2\/","url":"https:\/\/mbinitiative.org\/brazilian-entrepreneur-initiative-for-cure-of-childhood-brain-cancer-reaches-testing-phase-2\/","name":"Iniciativa de empres\u00e1rio pela cura do c\u00e2ncer infantil chega a fase de testes | The Medulloblastoma Initiative","isPartOf":{"@id":"https:\/\/mbinitiative.org\/#website"},"primaryImageOfPage":{"@id":"https:\/\/mbinitiative.org\/brazilian-entrepreneur-initiative-for-cure-of-childhood-brain-cancer-reaches-testing-phase-2\/#primaryimage"},"image":{"@id":"https:\/\/mbinitiative.org\/brazilian-entrepreneur-initiative-for-cure-of-childhood-brain-cancer-reaches-testing-phase-2\/#primaryimage"},"thumbnailUrl":"https:\/\/mbinitiative.org\/wp-content\/uploads\/2024\/11\/imagem_2024-11-28_142333569.png","datePublished":"2024-10-22T20:21:17+00:00","dateModified":"2025-02-10T14:55:23+00:00","description":"Brazilian entrepreneur's initiative to cure childhood cancer advances to the testing phase through The Medulloblastoma Initiative.","breadcrumb":{"@id":"https:\/\/mbinitiative.org\/brazilian-entrepreneur-initiative-for-cure-of-childhood-brain-cancer-reaches-testing-phase-2\/#breadcrumb"},"inLanguage":"pt-BR","potentialAction":[{"@type":"ReadAction","target":["https:\/\/mbinitiative.org\/brazilian-entrepreneur-initiative-for-cure-of-childhood-brain-cancer-reaches-testing-phase-2\/"]}]},{"@type":"ImageObject","inLanguage":"pt-BR","@id":"https:\/\/mbinitiative.org\/brazilian-entrepreneur-initiative-for-cure-of-childhood-brain-cancer-reaches-testing-phase-2\/#primaryimage","url":"https:\/\/mbinitiative.org\/wp-content\/uploads\/2024\/11\/imagem_2024-11-28_142333569.png","contentUrl":"https:\/\/mbinitiative.org\/wp-content\/uploads\/2024\/11\/imagem_2024-11-28_142333569.png","width":279,"height":186},{"@type":"BreadcrumbList","@id":"https:\/\/mbinitiative.org\/brazilian-entrepreneur-initiative-for-cure-of-childhood-brain-cancer-reaches-testing-phase-2\/#breadcrumb","itemListElement":[{"@type":"ListItem","position":1,"name":"In\u00edcio","item":"https:\/\/mbinitiative.org\/"},{"@type":"ListItem","position":2,"name":"Brazilian entrepreneur&#8217;s initiative to cure childhood brain cancer enters testing phase"}]},{"@type":"WebSite","@id":"https:\/\/mbinitiative.org\/#website","url":"https:\/\/mbinitiative.org\/","name":"(The Medulloblastoma Initiative)","description":"Cura do Meduloblastoma Infantil","publisher":{"@id":"https:\/\/mbinitiative.org\/#organization"},"potentialAction":[{"@type":"SearchAction","target":{"@type":"EntryPoint","urlTemplate":"https:\/\/mbinitiative.org\/?s={search_term_string}"},"query-input":{"@type":"PropertyValueSpecification","valueRequired":true,"valueName":"search_term_string"}}],"inLanguage":"pt-BR"},{"@type":"Organization","@id":"https:\/\/mbinitiative.org\/#organization","name":"(The Medulloblastoma Initiative)","url":"https:\/\/mbinitiative.org\/","logo":{"@type":"ImageObject","inLanguage":"pt-BR","@id":"https:\/\/mbinitiative.org\/#\/schema\/logo\/image\/","url":"https:\/\/mbinitiative.org\/wp-content\/uploads\/2023\/10\/LOGO-MBI.png","contentUrl":"https:\/\/mbinitiative.org\/wp-content\/uploads\/2023\/10\/LOGO-MBI.png","width":354,"height":168,"caption":"The Medulloblastoma Initiative"},"image":{"@id":"https:\/\/mbinitiative.org\/#\/schema\/logo\/image\/"},"sameAs":["https:\/\/www.facebook.com\/themedulloblastomainitiative","https:\/\/www.instagram.com\/medulloblastomainitiative\/","https:\/\/www.linkedin.com\/company\/medulloblastomainitiative\/","https:\/\/www.youtube.com\/@mbinitiative"]},{"@type":"Person","@id":"https:\/\/mbinitiative.org\/#\/schema\/person\/466abe8aeac08de69ff51a723b647b7f","name":"MBI","image":{"@type":"ImageObject","inLanguage":"pt-BR","@id":"https:\/\/mbinitiative.org\/#\/schema\/person\/image\/","url":"https:\/\/secure.gravatar.com\/avatar\/6446aa8591e99bf1553d89bc19db5af72fd25b4c6593ea37fd3dae05f7f06bb2?s=96&d=mm&r=g","contentUrl":"https:\/\/secure.gravatar.com\/avatar\/6446aa8591e99bf1553d89bc19db5af72fd25b4c6593ea37fd3dae05f7f06bb2?s=96&d=mm&r=g","caption":"MBI"},"url":"https:\/\/mbinitiative.org\/pt\/author\/mbi\/"}]}},"_links":{"self":[{"href":"https:\/\/mbinitiative.org\/pt\/wp-json\/wp\/v2\/pages\/2889","targetHints":{"allow":["GET"]}}],"collection":[{"href":"https:\/\/mbinitiative.org\/pt\/wp-json\/wp\/v2\/pages"}],"about":[{"href":"https:\/\/mbinitiative.org\/pt\/wp-json\/wp\/v2\/types\/page"}],"author":[{"embeddable":true,"href":"https:\/\/mbinitiative.org\/pt\/wp-json\/wp\/v2\/users\/4"}],"replies":[{"embeddable":true,"href":"https:\/\/mbinitiative.org\/pt\/wp-json\/wp\/v2\/comments?post=2889"}],"version-history":[{"count":23,"href":"https:\/\/mbinitiative.org\/pt\/wp-json\/wp\/v2\/pages\/2889\/revisions"}],"predecessor-version":[{"id":4272,"href":"https:\/\/mbinitiative.org\/pt\/wp-json\/wp\/v2\/pages\/2889\/revisions\/4272"}],"wp:featuredmedia":[{"embeddable":true,"href":"https:\/\/mbinitiative.org\/pt\/wp-json\/wp\/v2\/media\/3139"}],"wp:attachment":[{"href":"https:\/\/mbinitiative.org\/pt\/wp-json\/wp\/v2\/media?parent=2889"}],"curies":[{"name":"wp","href":"https:\/\/api.w.org\/{rel}","templated":true}]}}