{"id":2850,"date":"2024-10-16T15:42:54","date_gmt":"2024-10-16T18:42:54","guid":{"rendered":"https:\/\/mbinitiative.org\/?page_id=2850"},"modified":"2025-02-12T12:49:00","modified_gmt":"2025-02-12T15:49:00","slug":"father-invests-3m-and-creates-global-research-network-in-search-of-a-cure-for-his-sons-cancer","status":"publish","type":"page","link":"https:\/\/mbinitiative.org\/pt\/father-invests-3m-and-creates-global-research-network-in-search-of-a-cure-for-his-sons-cancer\/","title":{"rendered":"Pai investe US$ 3 mi e cria rede mundial de pesquisas em busca de cura de c\u00e2ncer que afeta o filho"},"content":{"rendered":"<div data-elementor-type=\"wp-page\" data-elementor-id=\"2850\" class=\"elementor elementor-2850\" data-elementor-post-type=\"page\">\n\t\t\t\t<div class=\"elementor-element elementor-element-ea9f624 e-flex e-con-boxed e-con e-parent\" data-id=\"ea9f624\" data-element_type=\"container\" data-settings=\"{&quot;jet_parallax_layout_list&quot;:[]}\">\n\t\t\t\t\t<div class=\"e-con-inner\">\n\t\t\t\t<div class=\"elementor-element elementor-element-296b965 elementor-widget elementor-widget-heading\" data-id=\"296b965\" data-element_type=\"widget\" data-widget_type=\"heading.default\">\n\t\t\t\t<div class=\"elementor-widget-container\">\n\t\t\t\t\t<h2 class=\"elementor-heading-title elementor-size-default\">Pai investe US$ 3 mi e cria rede mundial de pesquisas em busca de cura de c\u00e2ncer que afeta o filho<\/h2>\t\t\t\t<\/div>\n\t\t\t\t<\/div>\n\t\t<div class=\"elementor-element elementor-element-d560df1 e-flex e-con-boxed e-con e-child\" data-id=\"d560df1\" data-element_type=\"container\" data-settings=\"{&quot;jet_parallax_layout_list&quot;:[]}\">\n\t\t\t\t\t<div class=\"e-con-inner\">\n\t\t\t\t<div class=\"elementor-element elementor-element-d8d8b52 elementor-widget__width-auto elementor-widget elementor-widget-text-editor\" data-id=\"d8d8b52\" data-element_type=\"widget\" data-widget_type=\"text-editor.default\">\n\t\t\t\t<div class=\"elementor-widget-container\">\n\t\t\t\t\t\t\t\t\t<p>Por Cl\u00e1udia Collucci <span style=\"white-space-collapse: preserve; font-family: var( --e-global-typography-abc911e-font-family ), Sans-serif; font-size: var( --e-global-typography-abc911e-font-size ); font-weight: var( --e-global-typography-abc911e-font-weight ); letter-spacing: var( --e-global-typography-abc911e-letter-spacing ); word-spacing: var( --e-global-typography-abc911e-word-spacing );\">Cl\u00e1udia Collucci<\/span><\/p>\t\t\t\t\t\t\t\t<\/div>\n\t\t\t\t<\/div>\n\t\t\t\t<div class=\"elementor-element elementor-element-f6529cd elementor-widget__width-auto elementor-widget elementor-widget-text-editor\" data-id=\"f6529cd\" data-element_type=\"widget\" data-widget_type=\"text-editor.default\">\n\t\t\t\t<div class=\"elementor-widget-container\">\n\t\t\t\t\t\t\t\t\t<p>Folha de S\u00e3o Paulo \u2013 12\/08\/2023<\/p>\t\t\t\t\t\t\t\t<\/div>\n\t\t\t\t<\/div>\n\t\t\t\t\t<\/div>\n\t\t\t\t<\/div>\n\t\t\t\t<div class=\"elementor-element elementor-element-e7a7dd3 elementor-widget-divider--view-line elementor-widget elementor-widget-divider\" data-id=\"e7a7dd3\" data-element_type=\"widget\" data-widget_type=\"divider.default\">\n\t\t\t\t<div class=\"elementor-widget-container\">\n\t\t\t\t\t\t\t<div class=\"elementor-divider\">\n\t\t\t<span class=\"elementor-divider-separator\">\n\t\t\t\t\t\t<\/span>\n\t\t<\/div>\n\t\t\t\t\t\t<\/div>\n\t\t\t\t<\/div>\n\t\t<div class=\"elementor-element elementor-element-62dc264 e-flex e-con-boxed e-con e-child\" data-id=\"62dc264\" data-element_type=\"container\" data-settings=\"{&quot;jet_parallax_layout_list&quot;:[]}\">\n\t\t\t\t\t<div class=\"e-con-inner\">\n\t\t\t\t<div class=\"elementor-element elementor-element-b760b09 elementor-widget__width-initial elementor-widget-tablet__width-initial elementor-widget elementor-widget-text-editor\" data-id=\"b760b09\" data-element_type=\"widget\" data-widget_type=\"text-editor.default\">\n\t\t\t\t<div class=\"elementor-widget-container\">\n\t\t\t\t\t\t\t\t\t<p>\u201cUm pai recebe a not\u00edcia de que o filho de nove anos tem um tumor cerebral e, diante de um progn\u00f3stico ruim, cria uma rede internacional em busca de fundos para o financiamento de pesquisas que busquem a cura da doen\u00e7a. Ele pr\u00f3prio faz uma doa\u00e7\u00e3o inicial de US$ 3 milh\u00f5es (R$ 14,7 milh\u00f5es).<\/p><p>O protagonista desta hist\u00f3ria \u00e9 o empres\u00e1rio ga\u00facho Fernando Goldsztein, 56, um dos s\u00f3cios da construtora Cyrela. H\u00e1 oito anos, o filho Frederico, hoje com 16 anos, foi diagnosticado com meduloblastoma, a forma mais comum de c\u00e2ncer cerebral a afetar crian\u00e7as e adolescentes, presente em cerca de 20% desses casos. (\u2026)\u201d<\/p><p>Agradecemos \u00e0 Folha de S\u00e3o Paulo e \u00e0 jornalista Cl\u00e1udia Collucci por compartilhar a nossa hist\u00f3ria.<\/p><p>A mat\u00e9ria completa voc\u00ea acessa <a href=\"http:\/\/&quot;A father receives the news that his nine-year-old son has a brain tumor and, faced with a poor prognosis, creates an international network in search of funds to finance research to find a cure for the disease. He himself makes an initial donation of US$3 million (R$14.7 million).  The protagonist of this story is the Rio Grande do Sul businessman Fernando Goldsztein, 56, one of the partners in the construction company Cyrela. Eight years ago, his son Frederico, now 16, was diagnosed with medulloblastoma, the most common form of brain cancer affecting children and adolescents, present in about 20% of these cases. (...)&quot;  We would like to thank Folha de S\u00e3o Paulo and journalist Cl\u00e1udia Collucci for sharing our story.  You can access the full article\" data-wplink-url-error=\"true\">aqui<\/a>.<\/p>\t\t\t\t\t\t\t\t<\/div>\n\t\t\t\t<\/div>\n\t\t\t\t<div class=\"elementor-element elementor-element-7bdf26e elementor-widget elementor-widget-image\" data-id=\"7bdf26e\" data-element_type=\"widget\" data-widget_type=\"image.default\">\n\t\t\t\t<div class=\"elementor-widget-container\">\n\t\t\t\t\t\t\t\t\t\t\t\t<figure class=\"wp-caption\">\n\t\t\t\t\t\t\t\t\t\t\t<a href=\"https:\/\/mbinitiative.org\/wp-content\/uploads\/2024\/08\/Folha_BR.pdf\">\n\t\t\t\t\t\t\t<img fetchpriority=\"high\" decoding=\"async\" width=\"989\" height=\"7107\" src=\"https:\/\/mbinitiative.org\/wp-content\/uploads\/2024\/10\/Folha-de-SP.png\" class=\"attachment-full size-full wp-image-2925\" alt=\"\" srcset=\"https:\/\/mbinitiative.org\/wp-content\/uploads\/2024\/10\/Folha-de-SP.png 989w, https:\/\/mbinitiative.org\/wp-content\/uploads\/2024\/10\/Folha-de-SP-768x5519.png 768w, https:\/\/mbinitiative.org\/wp-content\/uploads\/2024\/10\/Folha-de-SP-285x2048.png 285w\" sizes=\"(max-width: 989px) 100vw, 989px\" \/>\t\t\t\t\t\t\t\t<\/a>\n\t\t\t\t\t\t\t\t\t\t\t<figcaption class=\"widget-image-caption wp-caption-text\">*Diagramado pela MBI<\/figcaption>\n\t\t\t\t\t\t\t\t\t\t<\/figure>\n\t\t\t\t\t\t\t\t\t<\/div>\n\t\t\t\t<\/div>\n\t\t\t\t\t<\/div>\n\t\t\t\t<\/div>\n\t\t\t\t<div class=\"elementor-element elementor-element-1b1b2a5 elementor-align-right elementor-widget elementor-widget-button\" data-id=\"1b1b2a5\" data-element_type=\"widget\" data-widget_type=\"button.default\">\n\t\t\t\t<div class=\"elementor-widget-container\">\n\t\t\t\t\t\t\t\t\t<div class=\"elementor-button-wrapper\">\n\t\t\t\t\t<a class=\"elementor-button elementor-button-link elementor-size-sm\" href=\"https:\/\/mbinitiative.org\/pt\/#namidia\">\n\t\t\t\t\t\t<span class=\"elementor-button-content-wrapper\">\n\t\t\t\t\t\t<span class=\"elementor-button-icon\">\n\t\t\t\t<i aria-hidden=\"true\" class=\"fas fa-chevron-left\"><\/i>\t\t\t<\/span>\n\t\t\t\t\t\t\t\t\t<span class=\"elementor-button-text\">VOLTAR<\/span>\n\t\t\t\t\t<\/span>\n\t\t\t\t\t<\/a>\n\t\t\t\t<\/div>\n\t\t\t\t\t\t\t\t<\/div>\n\t\t\t\t<\/div>\n\t\t\t\t\t<\/div>\n\t\t\t\t<\/div>\n\t\t\t\t<\/div>","protected":false},"excerpt":{"rendered":"<p>A father receives the news that his nine-year-old son has a brain tumor, so he creates an international network in search of funds to finance research into a cure for the disease.<\/p>","protected":false},"author":4,"featured_media":3065,"parent":0,"menu_order":0,"comment_status":"closed","ping_status":"closed","template":"","meta":{"footnotes":""},"class_list":["post-2850","page","type-page","status-publish","has-post-thumbnail","hentry"],"yoast_head":"<!-- This site is optimized with the Yoast SEO plugin v26.0 - https:\/\/yoast.com\/wordpress\/plugins\/seo\/ -->\n<title>Father invests US$3 million and creates a global research network in search of a cure for the cancer that affects his son<\/title>\n<meta name=\"description\" content=\"A father receives the news that his nine-year-old son has a brain tumor, so he creates an international network in search of funds to finance research into a cure for the disease.\" \/>\n<meta name=\"robots\" content=\"index, follow, max-snippet:-1, max-image-preview:large, max-video-preview:-1\" \/>\n<link rel=\"canonical\" href=\"https:\/\/mbinitiative.org\/pt\/father-invests-3m-and-creates-global-research-network-in-search-of-a-cure-for-his-sons-cancer\/\" \/>\n<meta property=\"og:locale\" content=\"pt_BR\" \/>\n<meta property=\"og:type\" content=\"article\" \/>\n<meta property=\"og:title\" content=\"Father invests US$3 million and creates a global research network in search of a cure for the cancer that affects his son\" \/>\n<meta property=\"og:description\" content=\"A father receives the news that his nine-year-old son has a brain tumor, so he creates an international network in search of funds to finance research into a cure for the disease.\" \/>\n<meta property=\"og:url\" content=\"https:\/\/mbinitiative.org\/pt\/father-invests-3m-and-creates-global-research-network-in-search-of-a-cure-for-his-sons-cancer\/\" \/>\n<meta property=\"og:site_name\" content=\"The Medulloblastoma Initiative\" \/>\n<meta property=\"article:publisher\" content=\"https:\/\/www.facebook.com\/themedulloblastomainitiative\" \/>\n<meta property=\"article:modified_time\" content=\"2025-02-12T15:49:00+00:00\" \/>\n<meta property=\"og:image\" content=\"https:\/\/mbinitiative.org\/wp-content\/uploads\/2024\/11\/image.png\" \/>\n\t<meta property=\"og:image:width\" content=\"1098\" \/>\n\t<meta property=\"og:image:height\" content=\"1121\" \/>\n\t<meta property=\"og:image:type\" content=\"image\/png\" \/>\n<meta name=\"twitter:card\" content=\"summary_large_image\" \/>\n<meta name=\"twitter:label1\" content=\"Est. tempo de leitura\" \/>\n\t<meta name=\"twitter:data1\" content=\"2 minutos\" \/>\n<script type=\"application\/ld+json\" class=\"yoast-schema-graph\">{\"@context\":\"https:\/\/schema.org\",\"@graph\":[{\"@type\":\"NewsArticle\",\"@id\":\"https:\/\/mbinitiative.org\/father-invests-3m-and-creates-global-research-network-in-search-of-a-cure-for-his-sons-cancer\/#article\",\"isPartOf\":{\"@id\":\"https:\/\/mbinitiative.org\/father-invests-3m-and-creates-global-research-network-in-search-of-a-cure-for-his-sons-cancer\/\"},\"author\":{\"name\":\"MBI\",\"@id\":\"https:\/\/mbinitiative.org\/#\/schema\/person\/466abe8aeac08de69ff51a723b647b7f\"},\"headline\":\"Father invests US$3 million and creates a global research network in search of a cure for the cancer that affects his son\",\"datePublished\":\"2024-10-16T18:42:54+00:00\",\"dateModified\":\"2025-02-12T15:49:00+00:00\",\"mainEntityOfPage\":{\"@id\":\"https:\/\/mbinitiative.org\/father-invests-3m-and-creates-global-research-network-in-search-of-a-cure-for-his-sons-cancer\/\"},\"wordCount\":183,\"publisher\":{\"@id\":\"https:\/\/mbinitiative.org\/#organization\"},\"image\":{\"@id\":\"https:\/\/mbinitiative.org\/father-invests-3m-and-creates-global-research-network-in-search-of-a-cure-for-his-sons-cancer\/#primaryimage\"},\"thumbnailUrl\":\"https:\/\/mbinitiative.org\/wp-content\/uploads\/2024\/11\/image.png\",\"inLanguage\":\"pt-BR\"},{\"@type\":\"WebPage\",\"@id\":\"https:\/\/mbinitiative.org\/father-invests-3m-and-creates-global-research-network-in-search-of-a-cure-for-his-sons-cancer\/\",\"url\":\"https:\/\/mbinitiative.org\/father-invests-3m-and-creates-global-research-network-in-search-of-a-cure-for-his-sons-cancer\/\",\"name\":\"Father invests US$3 million and creates a global research network in search of a cure for the cancer that affects his son\",\"isPartOf\":{\"@id\":\"https:\/\/mbinitiative.org\/#website\"},\"primaryImageOfPage\":{\"@id\":\"https:\/\/mbinitiative.org\/father-invests-3m-and-creates-global-research-network-in-search-of-a-cure-for-his-sons-cancer\/#primaryimage\"},\"image\":{\"@id\":\"https:\/\/mbinitiative.org\/father-invests-3m-and-creates-global-research-network-in-search-of-a-cure-for-his-sons-cancer\/#primaryimage\"},\"thumbnailUrl\":\"https:\/\/mbinitiative.org\/wp-content\/uploads\/2024\/11\/image.png\",\"datePublished\":\"2024-10-16T18:42:54+00:00\",\"dateModified\":\"2025-02-12T15:49:00+00:00\",\"description\":\"A father receives the news that his nine-year-old son has a brain tumor, so he creates an international network in search of funds to finance research into a cure for the disease.\",\"breadcrumb\":{\"@id\":\"https:\/\/mbinitiative.org\/father-invests-3m-and-creates-global-research-network-in-search-of-a-cure-for-his-sons-cancer\/#breadcrumb\"},\"inLanguage\":\"pt-BR\",\"potentialAction\":[{\"@type\":\"ReadAction\",\"target\":[\"https:\/\/mbinitiative.org\/father-invests-3m-and-creates-global-research-network-in-search-of-a-cure-for-his-sons-cancer\/\"]}]},{\"@type\":\"ImageObject\",\"inLanguage\":\"pt-BR\",\"@id\":\"https:\/\/mbinitiative.org\/father-invests-3m-and-creates-global-research-network-in-search-of-a-cure-for-his-sons-cancer\/#primaryimage\",\"url\":\"https:\/\/mbinitiative.org\/wp-content\/uploads\/2024\/11\/image.png\",\"contentUrl\":\"https:\/\/mbinitiative.org\/wp-content\/uploads\/2024\/11\/image.png\",\"width\":1098,\"height\":1121},{\"@type\":\"BreadcrumbList\",\"@id\":\"https:\/\/mbinitiative.org\/father-invests-3m-and-creates-global-research-network-in-search-of-a-cure-for-his-sons-cancer\/#breadcrumb\",\"itemListElement\":[{\"@type\":\"ListItem\",\"position\":1,\"name\":\"In\u00edcio\",\"item\":\"https:\/\/mbinitiative.org\/\"},{\"@type\":\"ListItem\",\"position\":2,\"name\":\"Father invests US$3 million and creates a global research network in search of a cure for the cancer that affects his son\"}]},{\"@type\":\"WebSite\",\"@id\":\"https:\/\/mbinitiative.org\/#website\",\"url\":\"https:\/\/mbinitiative.org\/\",\"name\":\"The Medulloblastoma Initiative\",\"description\":\"Cura do Meduloblastoma Infantil\",\"publisher\":{\"@id\":\"https:\/\/mbinitiative.org\/#organization\"},\"potentialAction\":[{\"@type\":\"SearchAction\",\"target\":{\"@type\":\"EntryPoint\",\"urlTemplate\":\"https:\/\/mbinitiative.org\/?s={search_term_string}\"},\"query-input\":{\"@type\":\"PropertyValueSpecification\",\"valueRequired\":true,\"valueName\":\"search_term_string\"}}],\"inLanguage\":\"pt-BR\"},{\"@type\":\"Organization\",\"@id\":\"https:\/\/mbinitiative.org\/#organization\",\"name\":\"The Medulloblastoma Initiative\",\"url\":\"https:\/\/mbinitiative.org\/\",\"logo\":{\"@type\":\"ImageObject\",\"inLanguage\":\"pt-BR\",\"@id\":\"https:\/\/mbinitiative.org\/#\/schema\/logo\/image\/\",\"url\":\"https:\/\/mbinitiative.org\/wp-content\/uploads\/2023\/10\/LOGO-MBI.png\",\"contentUrl\":\"https:\/\/mbinitiative.org\/wp-content\/uploads\/2023\/10\/LOGO-MBI.png\",\"width\":354,\"height\":168,\"caption\":\"The Medulloblastoma Initiative\"},\"image\":{\"@id\":\"https:\/\/mbinitiative.org\/#\/schema\/logo\/image\/\"},\"sameAs\":[\"https:\/\/www.facebook.com\/themedulloblastomainitiative\",\"https:\/\/www.instagram.com\/medulloblastomainitiative\/\",\"https:\/\/www.linkedin.com\/company\/medulloblastomainitiative\/\",\"https:\/\/www.youtube.com\/@mbinitiative\"]},{\"@type\":\"Person\",\"@id\":\"https:\/\/mbinitiative.org\/#\/schema\/person\/466abe8aeac08de69ff51a723b647b7f\",\"name\":\"MBI\",\"image\":{\"@type\":\"ImageObject\",\"inLanguage\":\"pt-BR\",\"@id\":\"https:\/\/mbinitiative.org\/#\/schema\/person\/image\/\",\"url\":\"https:\/\/secure.gravatar.com\/avatar\/6446aa8591e99bf1553d89bc19db5af72fd25b4c6593ea37fd3dae05f7f06bb2?s=96&d=mm&r=g\",\"contentUrl\":\"https:\/\/secure.gravatar.com\/avatar\/6446aa8591e99bf1553d89bc19db5af72fd25b4c6593ea37fd3dae05f7f06bb2?s=96&d=mm&r=g\",\"caption\":\"MBI\"},\"url\":\"https:\/\/mbinitiative.org\/pt\/author\/mbi\/\"}]}<\/script>\n<!-- \/ Yoast SEO plugin. -->","yoast_head_json":{"title":"Pai investe US$ 3 mi e cria rede mundial de pesquisas em busca de cura de c\u00e2ncer que afeta o filho","description":"A father receives the news that his nine-year-old son has a brain tumor, so he creates an international network in search of funds to finance research into a cure for the disease.","robots":{"index":"index","follow":"follow","max-snippet":"max-snippet:-1","max-image-preview":"max-image-preview:large","max-video-preview":"max-video-preview:-1"},"canonical":"https:\/\/mbinitiative.org\/pt\/father-invests-3m-and-creates-global-research-network-in-search-of-a-cure-for-his-sons-cancer\/","og_locale":"pt_BR","og_type":"article","og_title":"Father invests US$3 million and creates a global research network in search of a cure for the cancer that affects his son","og_description":"A father receives the news that his nine-year-old son has a brain tumor, so he creates an international network in search of funds to finance research into a cure for the disease.","og_url":"https:\/\/mbinitiative.org\/pt\/father-invests-3m-and-creates-global-research-network-in-search-of-a-cure-for-his-sons-cancer\/","og_site_name":"The Medulloblastoma Initiative","article_publisher":"https:\/\/www.facebook.com\/themedulloblastomainitiative","article_modified_time":"2025-02-12T15:49:00+00:00","og_image":[{"width":1098,"height":1121,"url":"https:\/\/mbinitiative.org\/wp-content\/uploads\/2024\/11\/image.png","type":"image\/png"}],"twitter_card":"summary_large_image","twitter_misc":{"Est. tempo de leitura":"2 minutos"},"schema":{"@context":"https:\/\/schema.org","@graph":[{"@type":"NewsArticle","@id":"https:\/\/mbinitiative.org\/father-invests-3m-and-creates-global-research-network-in-search-of-a-cure-for-his-sons-cancer\/#article","isPartOf":{"@id":"https:\/\/mbinitiative.org\/father-invests-3m-and-creates-global-research-network-in-search-of-a-cure-for-his-sons-cancer\/"},"author":{"name":"MBI","@id":"https:\/\/mbinitiative.org\/#\/schema\/person\/466abe8aeac08de69ff51a723b647b7f"},"headline":"Father invests US$3 million and creates a global research network in search of a cure for the cancer that affects his son","datePublished":"2024-10-16T18:42:54+00:00","dateModified":"2025-02-12T15:49:00+00:00","mainEntityOfPage":{"@id":"https:\/\/mbinitiative.org\/father-invests-3m-and-creates-global-research-network-in-search-of-a-cure-for-his-sons-cancer\/"},"wordCount":183,"publisher":{"@id":"https:\/\/mbinitiative.org\/#organization"},"image":{"@id":"https:\/\/mbinitiative.org\/father-invests-3m-and-creates-global-research-network-in-search-of-a-cure-for-his-sons-cancer\/#primaryimage"},"thumbnailUrl":"https:\/\/mbinitiative.org\/wp-content\/uploads\/2024\/11\/image.png","inLanguage":"pt-BR"},{"@type":"WebPage","@id":"https:\/\/mbinitiative.org\/father-invests-3m-and-creates-global-research-network-in-search-of-a-cure-for-his-sons-cancer\/","url":"https:\/\/mbinitiative.org\/father-invests-3m-and-creates-global-research-network-in-search-of-a-cure-for-his-sons-cancer\/","name":"Pai investe US$ 3 mi e cria rede mundial de pesquisas em busca de cura de c\u00e2ncer que afeta o filho","isPartOf":{"@id":"https:\/\/mbinitiative.org\/#website"},"primaryImageOfPage":{"@id":"https:\/\/mbinitiative.org\/father-invests-3m-and-creates-global-research-network-in-search-of-a-cure-for-his-sons-cancer\/#primaryimage"},"image":{"@id":"https:\/\/mbinitiative.org\/father-invests-3m-and-creates-global-research-network-in-search-of-a-cure-for-his-sons-cancer\/#primaryimage"},"thumbnailUrl":"https:\/\/mbinitiative.org\/wp-content\/uploads\/2024\/11\/image.png","datePublished":"2024-10-16T18:42:54+00:00","dateModified":"2025-02-12T15:49:00+00:00","description":"A father receives the news that his nine-year-old son has a brain tumor, so he creates an international network in search of funds to finance research into a cure for the disease.","breadcrumb":{"@id":"https:\/\/mbinitiative.org\/father-invests-3m-and-creates-global-research-network-in-search-of-a-cure-for-his-sons-cancer\/#breadcrumb"},"inLanguage":"pt-BR","potentialAction":[{"@type":"ReadAction","target":["https:\/\/mbinitiative.org\/father-invests-3m-and-creates-global-research-network-in-search-of-a-cure-for-his-sons-cancer\/"]}]},{"@type":"ImageObject","inLanguage":"pt-BR","@id":"https:\/\/mbinitiative.org\/father-invests-3m-and-creates-global-research-network-in-search-of-a-cure-for-his-sons-cancer\/#primaryimage","url":"https:\/\/mbinitiative.org\/wp-content\/uploads\/2024\/11\/image.png","contentUrl":"https:\/\/mbinitiative.org\/wp-content\/uploads\/2024\/11\/image.png","width":1098,"height":1121},{"@type":"BreadcrumbList","@id":"https:\/\/mbinitiative.org\/father-invests-3m-and-creates-global-research-network-in-search-of-a-cure-for-his-sons-cancer\/#breadcrumb","itemListElement":[{"@type":"ListItem","position":1,"name":"In\u00edcio","item":"https:\/\/mbinitiative.org\/"},{"@type":"ListItem","position":2,"name":"Father invests US$3 million and creates a global research network in search of a cure for the cancer that affects his son"}]},{"@type":"WebSite","@id":"https:\/\/mbinitiative.org\/#website","url":"https:\/\/mbinitiative.org\/","name":"(The Medulloblastoma Initiative)","description":"Cura do Meduloblastoma Infantil","publisher":{"@id":"https:\/\/mbinitiative.org\/#organization"},"potentialAction":[{"@type":"SearchAction","target":{"@type":"EntryPoint","urlTemplate":"https:\/\/mbinitiative.org\/?s={search_term_string}"},"query-input":{"@type":"PropertyValueSpecification","valueRequired":true,"valueName":"search_term_string"}}],"inLanguage":"pt-BR"},{"@type":"Organization","@id":"https:\/\/mbinitiative.org\/#organization","name":"(The Medulloblastoma Initiative)","url":"https:\/\/mbinitiative.org\/","logo":{"@type":"ImageObject","inLanguage":"pt-BR","@id":"https:\/\/mbinitiative.org\/#\/schema\/logo\/image\/","url":"https:\/\/mbinitiative.org\/wp-content\/uploads\/2023\/10\/LOGO-MBI.png","contentUrl":"https:\/\/mbinitiative.org\/wp-content\/uploads\/2023\/10\/LOGO-MBI.png","width":354,"height":168,"caption":"The Medulloblastoma Initiative"},"image":{"@id":"https:\/\/mbinitiative.org\/#\/schema\/logo\/image\/"},"sameAs":["https:\/\/www.facebook.com\/themedulloblastomainitiative","https:\/\/www.instagram.com\/medulloblastomainitiative\/","https:\/\/www.linkedin.com\/company\/medulloblastomainitiative\/","https:\/\/www.youtube.com\/@mbinitiative"]},{"@type":"Person","@id":"https:\/\/mbinitiative.org\/#\/schema\/person\/466abe8aeac08de69ff51a723b647b7f","name":"MBI","image":{"@type":"ImageObject","inLanguage":"pt-BR","@id":"https:\/\/mbinitiative.org\/#\/schema\/person\/image\/","url":"https:\/\/secure.gravatar.com\/avatar\/6446aa8591e99bf1553d89bc19db5af72fd25b4c6593ea37fd3dae05f7f06bb2?s=96&d=mm&r=g","contentUrl":"https:\/\/secure.gravatar.com\/avatar\/6446aa8591e99bf1553d89bc19db5af72fd25b4c6593ea37fd3dae05f7f06bb2?s=96&d=mm&r=g","caption":"MBI"},"url":"https:\/\/mbinitiative.org\/pt\/author\/mbi\/"}]}},"_links":{"self":[{"href":"https:\/\/mbinitiative.org\/pt\/wp-json\/wp\/v2\/pages\/2850","targetHints":{"allow":["GET"]}}],"collection":[{"href":"https:\/\/mbinitiative.org\/pt\/wp-json\/wp\/v2\/pages"}],"about":[{"href":"https:\/\/mbinitiative.org\/pt\/wp-json\/wp\/v2\/types\/page"}],"author":[{"embeddable":true,"href":"https:\/\/mbinitiative.org\/pt\/wp-json\/wp\/v2\/users\/4"}],"replies":[{"embeddable":true,"href":"https:\/\/mbinitiative.org\/pt\/wp-json\/wp\/v2\/comments?post=2850"}],"version-history":[{"count":22,"href":"https:\/\/mbinitiative.org\/pt\/wp-json\/wp\/v2\/pages\/2850\/revisions"}],"predecessor-version":[{"id":4299,"href":"https:\/\/mbinitiative.org\/pt\/wp-json\/wp\/v2\/pages\/2850\/revisions\/4299"}],"wp:featuredmedia":[{"embeddable":true,"href":"https:\/\/mbinitiative.org\/pt\/wp-json\/wp\/v2\/media\/3065"}],"wp:attachment":[{"href":"https:\/\/mbinitiative.org\/pt\/wp-json\/wp\/v2\/media?parent=2850"}],"curies":[{"name":"wp","href":"https:\/\/api.w.org\/{rel}","templated":true}]}}