{"id":2837,"date":"2024-10-16T08:32:37","date_gmt":"2024-10-16T11:32:37","guid":{"rendered":"https:\/\/mbinitiative.org\/?page_id=2837"},"modified":"2025-02-12T12:41:16","modified_gmt":"2025-02-12T15:41:16","slug":"exchanging-waiting-for-hope-2","status":"publish","type":"page","link":"https:\/\/mbinitiative.org\/pt\/exchanging-waiting-for-hope-2\/","title":{"rendered":"Trocando a espera pela esperan\u00e7a"},"content":{"rendered":"<div data-elementor-type=\"wp-page\" data-elementor-id=\"2837\" class=\"elementor elementor-2837\" data-elementor-post-type=\"page\">\n\t\t\t\t<div class=\"elementor-element elementor-element-ea9f624 e-flex e-con-boxed e-con e-parent\" data-id=\"ea9f624\" data-element_type=\"container\" data-settings=\"{&quot;jet_parallax_layout_list&quot;:[]}\">\n\t\t\t\t\t<div class=\"e-con-inner\">\n\t\t\t\t<div class=\"elementor-element elementor-element-296b965 elementor-widget elementor-widget-heading\" data-id=\"296b965\" data-element_type=\"widget\" data-widget_type=\"heading.default\">\n\t\t\t\t<div class=\"elementor-widget-container\">\n\t\t\t\t\t<h2 class=\"elementor-heading-title elementor-size-default\">Trocando a espera pela esperan\u00e7a<\/h2>\t\t\t\t<\/div>\n\t\t\t\t<\/div>\n\t\t<div class=\"elementor-element elementor-element-d560df1 e-flex e-con-boxed e-con e-child\" data-id=\"d560df1\" data-element_type=\"container\" data-settings=\"{&quot;jet_parallax_layout_list&quot;:[]}\">\n\t\t\t\t\t<div class=\"e-con-inner\">\n\t\t\t\t<div class=\"elementor-element elementor-element-d8d8b52 elementor-widget__width-auto elementor-widget elementor-widget-text-editor\" data-id=\"d8d8b52\" data-element_type=\"widget\" data-widget_type=\"text-editor.default\">\n\t\t\t\t<div class=\"elementor-widget-container\">\n\t\t\t\t\t\t\t\t\t<p>Por Cl\u00e1udia Collucci <span style=\"white-space-collapse: preserve; font-family: var( --e-global-typography-abc911e-font-family ), Sans-serif; font-size: var( --e-global-typography-abc911e-font-size ); font-weight: var( --e-global-typography-abc911e-font-weight ); letter-spacing: var( --e-global-typography-abc911e-letter-spacing ); word-spacing: var( --e-global-typography-abc911e-word-spacing );\">Por Fernando Goldztein<\/span><\/p>\t\t\t\t\t\t\t\t<\/div>\n\t\t\t\t<\/div>\n\t\t\t\t<div class=\"elementor-element elementor-element-f6529cd elementor-widget__width-auto elementor-widget elementor-widget-text-editor\" data-id=\"f6529cd\" data-element_type=\"widget\" data-widget_type=\"text-editor.default\">\n\t\t\t\t<div class=\"elementor-widget-container\">\n\t\t\t\t\t\t\t\t\t<p>Folha de s\u00e3o Paulo- 29\/08\/2023<\/p>\t\t\t\t\t\t\t\t<\/div>\n\t\t\t\t<\/div>\n\t\t\t\t\t<\/div>\n\t\t\t\t<\/div>\n\t\t\t\t<div class=\"elementor-element elementor-element-e7a7dd3 elementor-widget-divider--view-line elementor-widget elementor-widget-divider\" data-id=\"e7a7dd3\" data-element_type=\"widget\" data-widget_type=\"divider.default\">\n\t\t\t\t<div class=\"elementor-widget-container\">\n\t\t\t\t\t\t\t<div class=\"elementor-divider\">\n\t\t\t<span class=\"elementor-divider-separator\">\n\t\t\t\t\t\t<\/span>\n\t\t<\/div>\n\t\t\t\t\t\t<\/div>\n\t\t\t\t<\/div>\n\t\t<div class=\"elementor-element elementor-element-62dc264 e-flex e-con-boxed e-con e-child\" data-id=\"62dc264\" data-element_type=\"container\" data-settings=\"{&quot;jet_parallax_layout_list&quot;:[]}\">\n\t\t\t\t\t<div class=\"e-con-inner\">\n\t\t\t\t<div class=\"elementor-element elementor-element-b760b09 elementor-widget__width-initial elementor-widget-tablet__width-initial elementor-widget elementor-widget-text-editor\" data-id=\"b760b09\" data-element_type=\"widget\" data-widget_type=\"text-editor.default\">\n\t\t\t\t<div class=\"elementor-widget-container\">\n\t\t\t\t\t\t\t\t\t<p>\u201cDepois de viver cinco anos tratando o meu filho Frederico contra o meduloblastoma (MB), o mais frequente tumor pedi\u00e1trico cerebral, conheci e convivi com muitas hist\u00f3rias tristes de pacientes acometidos por essa trai\u00e7oeira doen\u00e7a. Ver um adulto padecer de c\u00e2ncer \u00e9 muito dif\u00edcil. Imaginem uma crian\u00e7a!<\/p><p>Segundo o Instituto Nacional de C\u00e2ncer (Inca), cerca de 30 casos de c\u00e2ncer infantil s\u00e3o diagnosticados por dia no Brasil. Entre as doen\u00e7as, \u00e9 a principal causa de morte infantojuvenil; e, dentre os tipos de c\u00e2ncer que ocorrem nessa faixa et\u00e1ria, cerca de 20% acometem o c\u00e9rebro.(\u2026)\u201d<\/p><p>Agradecemos \u00e0 Folha de S\u00e3o Paulo e ao Fernando Goldztein por compartilhar a sua hist\u00f3ria!<\/p><p>A mat\u00e9ria completa voc\u00ea acessa <a href=\"https:\/\/www1.folha.uol.com.br\/opiniao\/2023\/08\/trocando-a-espera-pela-esperanca.shtml\">aqui.<\/a><\/p>\t\t\t\t\t\t\t\t<\/div>\n\t\t\t\t<\/div>\n\t\t\t\t<div class=\"elementor-element elementor-element-7bdf26e elementor-widget elementor-widget-image\" data-id=\"7bdf26e\" data-element_type=\"widget\" data-widget_type=\"image.default\">\n\t\t\t\t<div class=\"elementor-widget-container\">\n\t\t\t\t\t\t\t\t\t\t\t\t<figure class=\"wp-caption\">\n\t\t\t\t\t\t\t\t\t\t\t<a href=\"https:\/\/mbinitiative.org\/wp-content\/uploads\/2024\/10\/Folha-SP-2-1.png\" data-elementor-open-lightbox=\"no\">\n\t\t\t\t\t\t\t<img fetchpriority=\"high\" decoding=\"async\" width=\"989\" height=\"3221\" src=\"https:\/\/mbinitiative.org\/wp-content\/uploads\/2024\/10\/Folha-SP-2-1.png\" class=\"attachment-full size-full wp-image-2926\" alt=\"\" srcset=\"https:\/\/mbinitiative.org\/wp-content\/uploads\/2024\/10\/Folha-SP-2-1.png 989w, https:\/\/mbinitiative.org\/wp-content\/uploads\/2024\/10\/Folha-SP-2-1-92x300.png 92w, https:\/\/mbinitiative.org\/wp-content\/uploads\/2024\/10\/Folha-SP-2-1-314x1024.png 314w, https:\/\/mbinitiative.org\/wp-content\/uploads\/2024\/10\/Folha-SP-2-1-768x2501.png 768w, https:\/\/mbinitiative.org\/wp-content\/uploads\/2024\/10\/Folha-SP-2-1-472x1536.png 472w, https:\/\/mbinitiative.org\/wp-content\/uploads\/2024\/10\/Folha-SP-2-1-629x2048.png 629w, https:\/\/mbinitiative.org\/wp-content\/uploads\/2024\/10\/Folha-SP-2-1-4x12.png 4w\" sizes=\"(max-width: 989px) 100vw, 989px\" \/>\t\t\t\t\t\t\t\t<\/a>\n\t\t\t\t\t\t\t\t\t\t\t<figcaption class=\"widget-image-caption wp-caption-text\">*Diagramado pela MBI<\/figcaption>\n\t\t\t\t\t\t\t\t\t\t<\/figure>\n\t\t\t\t\t\t\t\t\t<\/div>\n\t\t\t\t<\/div>\n\t\t\t\t\t<\/div>\n\t\t\t\t<\/div>\n\t\t\t\t<div class=\"elementor-element elementor-element-1b1b2a5 elementor-align-right elementor-widget elementor-widget-button\" data-id=\"1b1b2a5\" data-element_type=\"widget\" data-widget_type=\"button.default\">\n\t\t\t\t<div class=\"elementor-widget-container\">\n\t\t\t\t\t\t\t\t\t<div class=\"elementor-button-wrapper\">\n\t\t\t\t\t<a class=\"elementor-button elementor-button-link elementor-size-sm\" href=\"https:\/\/mbinitiative.org\/pt\/#namidia\">\n\t\t\t\t\t\t<span class=\"elementor-button-content-wrapper\">\n\t\t\t\t\t\t<span class=\"elementor-button-icon\">\n\t\t\t\t<i aria-hidden=\"true\" class=\"fas fa-chevron-left\"><\/i>\t\t\t<\/span>\n\t\t\t\t\t\t\t\t\t<span class=\"elementor-button-text\">Voltar<\/span>\n\t\t\t\t\t<\/span>\n\t\t\t\t\t<\/a>\n\t\t\t\t<\/div>\n\t\t\t\t\t\t\t\t<\/div>\n\t\t\t\t<\/div>\n\t\t\t\t\t<\/div>\n\t\t\t\t<\/div>\n\t\t\t\t<\/div>","protected":false},"excerpt":{"rendered":"<p>Exchanging waiting for hope By Fernando Goldztein Folha de s\u00e3o Paulo- 29\/08\/2023 &#8220;After spending five years treating my son Frederico for medulloblastoma (MB), the most common pediatric brain tumor, I have come to know and experience many sad stories of patients affected by this treacherous disease. Seeing an adult suffer from cancer is very difficult. [&hellip;]<\/p>","protected":false},"author":4,"featured_media":3154,"parent":0,"menu_order":0,"comment_status":"closed","ping_status":"closed","template":"","meta":{"footnotes":""},"class_list":["post-2837","page","type-page","status-publish","has-post-thumbnail","hentry"],"yoast_head":"<!-- This site is optimized with the Yoast SEO plugin v26.0 - https:\/\/yoast.com\/wordpress\/plugins\/seo\/ -->\n<title>Waiting vs. Hope for Healing | The Medulloblastoma Initiative<\/title>\n<meta name=\"description\" content=\"Conhe\u00e7a hist\u00f3rias inspiradoras de quem est\u00e1 trocando a espera pela esperan\u00e7a na cura do MBI com o apoio da The Medulloblastoma Initiative.\" \/>\n<meta name=\"robots\" content=\"index, follow, max-snippet:-1, max-image-preview:large, max-video-preview:-1\" \/>\n<link rel=\"canonical\" href=\"https:\/\/mbinitiative.org\/pt\/exchanging-waiting-for-hope-2\/\" \/>\n<meta property=\"og:locale\" content=\"pt_BR\" \/>\n<meta property=\"og:type\" content=\"article\" \/>\n<meta property=\"og:title\" content=\"Waiting vs. Hope for Healing | The Medulloblastoma Initiative\" \/>\n<meta property=\"og:description\" content=\"Conhe\u00e7a hist\u00f3rias inspiradoras de quem est\u00e1 trocando a espera pela esperan\u00e7a na cura do MBI com o apoio da The Medulloblastoma Initiative.\" \/>\n<meta property=\"og:url\" content=\"https:\/\/mbinitiative.org\/pt\/exchanging-waiting-for-hope-2\/\" \/>\n<meta property=\"og:site_name\" content=\"The Medulloblastoma Initiative\" \/>\n<meta property=\"article:publisher\" content=\"https:\/\/www.facebook.com\/themedulloblastomainitiative\" \/>\n<meta property=\"article:modified_time\" content=\"2025-02-12T15:41:16+00:00\" \/>\n<meta property=\"og:image\" content=\"https:\/\/mbinitiative.org\/wp-content\/uploads\/2024\/12\/Captura-de-tela-2024-12-05-105911.png\" \/>\n\t<meta property=\"og:image:width\" content=\"730\" \/>\n\t<meta property=\"og:image:height\" content=\"660\" \/>\n\t<meta property=\"og:image:type\" content=\"image\/png\" \/>\n<meta name=\"twitter:card\" content=\"summary_large_image\" \/>\n<meta name=\"twitter:label1\" content=\"Est. tempo de leitura\" \/>\n\t<meta name=\"twitter:data1\" content=\"2 minutos\" \/>\n<script type=\"application\/ld+json\" class=\"yoast-schema-graph\">{\"@context\":\"https:\/\/schema.org\",\"@graph\":[{\"@type\":\"NewsArticle\",\"@id\":\"https:\/\/mbinitiative.org\/exchanging-waiting-for-hope-2\/#article\",\"isPartOf\":{\"@id\":\"https:\/\/mbinitiative.org\/exchanging-waiting-for-hope-2\/\"},\"author\":{\"name\":\"MBI\",\"@id\":\"https:\/\/mbinitiative.org\/#\/schema\/person\/466abe8aeac08de69ff51a723b647b7f\"},\"headline\":\"Exchanging waiting for hope\",\"datePublished\":\"2024-10-16T11:32:37+00:00\",\"dateModified\":\"2025-02-12T15:41:16+00:00\",\"mainEntityOfPage\":{\"@id\":\"https:\/\/mbinitiative.org\/exchanging-waiting-for-hope-2\/\"},\"wordCount\":137,\"publisher\":{\"@id\":\"https:\/\/mbinitiative.org\/#organization\"},\"image\":{\"@id\":\"https:\/\/mbinitiative.org\/exchanging-waiting-for-hope-2\/#primaryimage\"},\"thumbnailUrl\":\"https:\/\/mbinitiative.org\/wp-content\/uploads\/2024\/12\/Captura-de-tela-2024-12-05-105911.png\",\"inLanguage\":\"pt-BR\"},{\"@type\":\"WebPage\",\"@id\":\"https:\/\/mbinitiative.org\/exchanging-waiting-for-hope-2\/\",\"url\":\"https:\/\/mbinitiative.org\/exchanging-waiting-for-hope-2\/\",\"name\":\"Waiting vs. Hope for Healing | The Medulloblastoma Initiative\",\"isPartOf\":{\"@id\":\"https:\/\/mbinitiative.org\/#website\"},\"primaryImageOfPage\":{\"@id\":\"https:\/\/mbinitiative.org\/exchanging-waiting-for-hope-2\/#primaryimage\"},\"image\":{\"@id\":\"https:\/\/mbinitiative.org\/exchanging-waiting-for-hope-2\/#primaryimage\"},\"thumbnailUrl\":\"https:\/\/mbinitiative.org\/wp-content\/uploads\/2024\/12\/Captura-de-tela-2024-12-05-105911.png\",\"datePublished\":\"2024-10-16T11:32:37+00:00\",\"dateModified\":\"2025-02-12T15:41:16+00:00\",\"description\":\"Conhe\u00e7a hist\u00f3rias inspiradoras de quem est\u00e1 trocando a espera pela esperan\u00e7a na cura do MBI com o apoio da The Medulloblastoma Initiative.\",\"breadcrumb\":{\"@id\":\"https:\/\/mbinitiative.org\/exchanging-waiting-for-hope-2\/#breadcrumb\"},\"inLanguage\":\"pt-BR\",\"potentialAction\":[{\"@type\":\"ReadAction\",\"target\":[\"https:\/\/mbinitiative.org\/exchanging-waiting-for-hope-2\/\"]}]},{\"@type\":\"ImageObject\",\"inLanguage\":\"pt-BR\",\"@id\":\"https:\/\/mbinitiative.org\/exchanging-waiting-for-hope-2\/#primaryimage\",\"url\":\"https:\/\/mbinitiative.org\/wp-content\/uploads\/2024\/12\/Captura-de-tela-2024-12-05-105911.png\",\"contentUrl\":\"https:\/\/mbinitiative.org\/wp-content\/uploads\/2024\/12\/Captura-de-tela-2024-12-05-105911.png\",\"width\":730,\"height\":660},{\"@type\":\"BreadcrumbList\",\"@id\":\"https:\/\/mbinitiative.org\/exchanging-waiting-for-hope-2\/#breadcrumb\",\"itemListElement\":[{\"@type\":\"ListItem\",\"position\":1,\"name\":\"In\u00edcio\",\"item\":\"https:\/\/mbinitiative.org\/\"},{\"@type\":\"ListItem\",\"position\":2,\"name\":\"Exchanging waiting for hope\"}]},{\"@type\":\"WebSite\",\"@id\":\"https:\/\/mbinitiative.org\/#website\",\"url\":\"https:\/\/mbinitiative.org\/\",\"name\":\"The Medulloblastoma Initiative\",\"description\":\"Cura do Meduloblastoma Infantil\",\"publisher\":{\"@id\":\"https:\/\/mbinitiative.org\/#organization\"},\"potentialAction\":[{\"@type\":\"SearchAction\",\"target\":{\"@type\":\"EntryPoint\",\"urlTemplate\":\"https:\/\/mbinitiative.org\/?s={search_term_string}\"},\"query-input\":{\"@type\":\"PropertyValueSpecification\",\"valueRequired\":true,\"valueName\":\"search_term_string\"}}],\"inLanguage\":\"pt-BR\"},{\"@type\":\"Organization\",\"@id\":\"https:\/\/mbinitiative.org\/#organization\",\"name\":\"The Medulloblastoma Initiative\",\"url\":\"https:\/\/mbinitiative.org\/\",\"logo\":{\"@type\":\"ImageObject\",\"inLanguage\":\"pt-BR\",\"@id\":\"https:\/\/mbinitiative.org\/#\/schema\/logo\/image\/\",\"url\":\"https:\/\/mbinitiative.org\/wp-content\/uploads\/2023\/10\/LOGO-MBI.png\",\"contentUrl\":\"https:\/\/mbinitiative.org\/wp-content\/uploads\/2023\/10\/LOGO-MBI.png\",\"width\":354,\"height\":168,\"caption\":\"The Medulloblastoma Initiative\"},\"image\":{\"@id\":\"https:\/\/mbinitiative.org\/#\/schema\/logo\/image\/\"},\"sameAs\":[\"https:\/\/www.facebook.com\/themedulloblastomainitiative\",\"https:\/\/www.instagram.com\/medulloblastomainitiative\/\",\"https:\/\/www.linkedin.com\/company\/medulloblastomainitiative\/\",\"https:\/\/www.youtube.com\/@mbinitiative\"]},{\"@type\":\"Person\",\"@id\":\"https:\/\/mbinitiative.org\/#\/schema\/person\/466abe8aeac08de69ff51a723b647b7f\",\"name\":\"MBI\",\"image\":{\"@type\":\"ImageObject\",\"inLanguage\":\"pt-BR\",\"@id\":\"https:\/\/mbinitiative.org\/#\/schema\/person\/image\/\",\"url\":\"https:\/\/secure.gravatar.com\/avatar\/6446aa8591e99bf1553d89bc19db5af72fd25b4c6593ea37fd3dae05f7f06bb2?s=96&d=mm&r=g\",\"contentUrl\":\"https:\/\/secure.gravatar.com\/avatar\/6446aa8591e99bf1553d89bc19db5af72fd25b4c6593ea37fd3dae05f7f06bb2?s=96&d=mm&r=g\",\"caption\":\"MBI\"},\"url\":\"https:\/\/mbinitiative.org\/pt\/author\/mbi\/\"}]}<\/script>\n<!-- \/ Yoast SEO plugin. -->","yoast_head_json":{"title":"Trocando a espera pela esperan\u00e7a | The Medulloblastoma Initiative","description":"Conhe\u00e7a hist\u00f3rias inspiradoras de quem est\u00e1 trocando a espera pela esperan\u00e7a na cura do MBI com o apoio da The Medulloblastoma Initiative.","robots":{"index":"index","follow":"follow","max-snippet":"max-snippet:-1","max-image-preview":"max-image-preview:large","max-video-preview":"max-video-preview:-1"},"canonical":"https:\/\/mbinitiative.org\/pt\/exchanging-waiting-for-hope-2\/","og_locale":"pt_BR","og_type":"article","og_title":"Waiting vs. Hope for Healing | The Medulloblastoma Initiative","og_description":"Conhe\u00e7a hist\u00f3rias inspiradoras de quem est\u00e1 trocando a espera pela esperan\u00e7a na cura do MBI com o apoio da The Medulloblastoma Initiative.","og_url":"https:\/\/mbinitiative.org\/pt\/exchanging-waiting-for-hope-2\/","og_site_name":"The Medulloblastoma Initiative","article_publisher":"https:\/\/www.facebook.com\/themedulloblastomainitiative","article_modified_time":"2025-02-12T15:41:16+00:00","og_image":[{"width":730,"height":660,"url":"https:\/\/mbinitiative.org\/wp-content\/uploads\/2024\/12\/Captura-de-tela-2024-12-05-105911.png","type":"image\/png"}],"twitter_card":"summary_large_image","twitter_misc":{"Est. tempo de leitura":"2 minutos"},"schema":{"@context":"https:\/\/schema.org","@graph":[{"@type":"NewsArticle","@id":"https:\/\/mbinitiative.org\/exchanging-waiting-for-hope-2\/#article","isPartOf":{"@id":"https:\/\/mbinitiative.org\/exchanging-waiting-for-hope-2\/"},"author":{"name":"MBI","@id":"https:\/\/mbinitiative.org\/#\/schema\/person\/466abe8aeac08de69ff51a723b647b7f"},"headline":"Exchanging waiting for hope","datePublished":"2024-10-16T11:32:37+00:00","dateModified":"2025-02-12T15:41:16+00:00","mainEntityOfPage":{"@id":"https:\/\/mbinitiative.org\/exchanging-waiting-for-hope-2\/"},"wordCount":137,"publisher":{"@id":"https:\/\/mbinitiative.org\/#organization"},"image":{"@id":"https:\/\/mbinitiative.org\/exchanging-waiting-for-hope-2\/#primaryimage"},"thumbnailUrl":"https:\/\/mbinitiative.org\/wp-content\/uploads\/2024\/12\/Captura-de-tela-2024-12-05-105911.png","inLanguage":"pt-BR"},{"@type":"WebPage","@id":"https:\/\/mbinitiative.org\/exchanging-waiting-for-hope-2\/","url":"https:\/\/mbinitiative.org\/exchanging-waiting-for-hope-2\/","name":"Trocando a espera pela esperan\u00e7a | The Medulloblastoma Initiative","isPartOf":{"@id":"https:\/\/mbinitiative.org\/#website"},"primaryImageOfPage":{"@id":"https:\/\/mbinitiative.org\/exchanging-waiting-for-hope-2\/#primaryimage"},"image":{"@id":"https:\/\/mbinitiative.org\/exchanging-waiting-for-hope-2\/#primaryimage"},"thumbnailUrl":"https:\/\/mbinitiative.org\/wp-content\/uploads\/2024\/12\/Captura-de-tela-2024-12-05-105911.png","datePublished":"2024-10-16T11:32:37+00:00","dateModified":"2025-02-12T15:41:16+00:00","description":"Conhe\u00e7a hist\u00f3rias inspiradoras de quem est\u00e1 trocando a espera pela esperan\u00e7a na cura do MBI com o apoio da The Medulloblastoma Initiative.","breadcrumb":{"@id":"https:\/\/mbinitiative.org\/exchanging-waiting-for-hope-2\/#breadcrumb"},"inLanguage":"pt-BR","potentialAction":[{"@type":"ReadAction","target":["https:\/\/mbinitiative.org\/exchanging-waiting-for-hope-2\/"]}]},{"@type":"ImageObject","inLanguage":"pt-BR","@id":"https:\/\/mbinitiative.org\/exchanging-waiting-for-hope-2\/#primaryimage","url":"https:\/\/mbinitiative.org\/wp-content\/uploads\/2024\/12\/Captura-de-tela-2024-12-05-105911.png","contentUrl":"https:\/\/mbinitiative.org\/wp-content\/uploads\/2024\/12\/Captura-de-tela-2024-12-05-105911.png","width":730,"height":660},{"@type":"BreadcrumbList","@id":"https:\/\/mbinitiative.org\/exchanging-waiting-for-hope-2\/#breadcrumb","itemListElement":[{"@type":"ListItem","position":1,"name":"In\u00edcio","item":"https:\/\/mbinitiative.org\/"},{"@type":"ListItem","position":2,"name":"Exchanging waiting for hope"}]},{"@type":"WebSite","@id":"https:\/\/mbinitiative.org\/#website","url":"https:\/\/mbinitiative.org\/","name":"(The Medulloblastoma Initiative)","description":"Cura do Meduloblastoma Infantil","publisher":{"@id":"https:\/\/mbinitiative.org\/#organization"},"potentialAction":[{"@type":"SearchAction","target":{"@type":"EntryPoint","urlTemplate":"https:\/\/mbinitiative.org\/?s={search_term_string}"},"query-input":{"@type":"PropertyValueSpecification","valueRequired":true,"valueName":"search_term_string"}}],"inLanguage":"pt-BR"},{"@type":"Organization","@id":"https:\/\/mbinitiative.org\/#organization","name":"(The Medulloblastoma Initiative)","url":"https:\/\/mbinitiative.org\/","logo":{"@type":"ImageObject","inLanguage":"pt-BR","@id":"https:\/\/mbinitiative.org\/#\/schema\/logo\/image\/","url":"https:\/\/mbinitiative.org\/wp-content\/uploads\/2023\/10\/LOGO-MBI.png","contentUrl":"https:\/\/mbinitiative.org\/wp-content\/uploads\/2023\/10\/LOGO-MBI.png","width":354,"height":168,"caption":"The Medulloblastoma Initiative"},"image":{"@id":"https:\/\/mbinitiative.org\/#\/schema\/logo\/image\/"},"sameAs":["https:\/\/www.facebook.com\/themedulloblastomainitiative","https:\/\/www.instagram.com\/medulloblastomainitiative\/","https:\/\/www.linkedin.com\/company\/medulloblastomainitiative\/","https:\/\/www.youtube.com\/@mbinitiative"]},{"@type":"Person","@id":"https:\/\/mbinitiative.org\/#\/schema\/person\/466abe8aeac08de69ff51a723b647b7f","name":"MBI","image":{"@type":"ImageObject","inLanguage":"pt-BR","@id":"https:\/\/mbinitiative.org\/#\/schema\/person\/image\/","url":"https:\/\/secure.gravatar.com\/avatar\/6446aa8591e99bf1553d89bc19db5af72fd25b4c6593ea37fd3dae05f7f06bb2?s=96&d=mm&r=g","contentUrl":"https:\/\/secure.gravatar.com\/avatar\/6446aa8591e99bf1553d89bc19db5af72fd25b4c6593ea37fd3dae05f7f06bb2?s=96&d=mm&r=g","caption":"MBI"},"url":"https:\/\/mbinitiative.org\/pt\/author\/mbi\/"}]}},"_links":{"self":[{"href":"https:\/\/mbinitiative.org\/pt\/wp-json\/wp\/v2\/pages\/2837","targetHints":{"allow":["GET"]}}],"collection":[{"href":"https:\/\/mbinitiative.org\/pt\/wp-json\/wp\/v2\/pages"}],"about":[{"href":"https:\/\/mbinitiative.org\/pt\/wp-json\/wp\/v2\/types\/page"}],"author":[{"embeddable":true,"href":"https:\/\/mbinitiative.org\/pt\/wp-json\/wp\/v2\/users\/4"}],"replies":[{"embeddable":true,"href":"https:\/\/mbinitiative.org\/pt\/wp-json\/wp\/v2\/comments?post=2837"}],"version-history":[{"count":30,"href":"https:\/\/mbinitiative.org\/pt\/wp-json\/wp\/v2\/pages\/2837\/revisions"}],"predecessor-version":[{"id":4298,"href":"https:\/\/mbinitiative.org\/pt\/wp-json\/wp\/v2\/pages\/2837\/revisions\/4298"}],"wp:featuredmedia":[{"embeddable":true,"href":"https:\/\/mbinitiative.org\/pt\/wp-json\/wp\/v2\/media\/3154"}],"wp:attachment":[{"href":"https:\/\/mbinitiative.org\/pt\/wp-json\/wp\/v2\/media?parent=2837"}],"curies":[{"name":"wp","href":"https:\/\/api.w.org\/{rel}","templated":true}]}}