{"id":2835,"date":"2024-10-16T08:29:32","date_gmt":"2024-10-16T11:29:32","guid":{"rendered":"https:\/\/mbinitiative.org\/?page_id=2835"},"modified":"2025-01-20T14:52:58","modified_gmt":"2025-01-20T17:52:58","slug":"rs-no-centro-da-pesquisa-medica","status":"publish","type":"page","link":"https:\/\/mbinitiative.org\/pt\/rs-no-centro-da-pesquisa-medica\/","title":{"rendered":"O RS no centro da pesquisa m\u00e9dica"},"content":{"rendered":"<div data-elementor-type=\"wp-page\" data-elementor-id=\"2835\" class=\"elementor elementor-2835\" data-elementor-post-type=\"page\">\n\t\t\t\t<div class=\"elementor-element elementor-element-ea9f624 e-flex e-con-boxed e-con e-parent\" data-id=\"ea9f624\" data-element_type=\"container\" data-settings=\"{&quot;jet_parallax_layout_list&quot;:[]}\">\n\t\t\t\t\t<div class=\"e-con-inner\">\n\t\t\t\t<div class=\"elementor-element elementor-element-296b965 elementor-widget elementor-widget-heading\" data-id=\"296b965\" data-element_type=\"widget\" data-widget_type=\"heading.default\">\n\t\t\t\t<div class=\"elementor-widget-container\">\n\t\t\t\t\t<h2 class=\"elementor-heading-title elementor-size-default\">O RS no centro da pesquisa m\u00e9dica<\/h2>\t\t\t\t<\/div>\n\t\t\t\t<\/div>\n\t\t<div class=\"elementor-element elementor-element-d560df1 e-flex e-con-boxed e-con e-child\" data-id=\"d560df1\" data-element_type=\"container\" data-settings=\"{&quot;jet_parallax_layout_list&quot;:[]}\">\n\t\t\t\t\t<div class=\"e-con-inner\">\n\t\t\t\t<div class=\"elementor-element elementor-element-d8d8b52 elementor-widget__width-auto elementor-widget elementor-widget-text-editor\" data-id=\"d8d8b52\" data-element_type=\"widget\" data-widget_type=\"text-editor.default\">\n\t\t\t\t<div class=\"elementor-widget-container\">\n\t\t\t\t\t\t\t\t\t<p>Por Daniel Scola<\/p>\t\t\t\t\t\t\t\t<\/div>\n\t\t\t\t<\/div>\n\t\t\t\t<div class=\"elementor-element elementor-element-f6529cd elementor-widget__width-auto elementor-widget elementor-widget-text-editor\" data-id=\"f6529cd\" data-element_type=\"widget\" data-widget_type=\"text-editor.default\">\n\t\t\t\t<div class=\"elementor-widget-container\">\n\t\t\t\t\t\t\t\t\t<p>GZH \u2013 05\/10\/2023<\/p>\t\t\t\t\t\t\t\t<\/div>\n\t\t\t\t<\/div>\n\t\t\t\t\t<\/div>\n\t\t\t\t<\/div>\n\t\t\t\t<div class=\"elementor-element elementor-element-e7a7dd3 elementor-widget-divider--view-line elementor-widget elementor-widget-divider\" data-id=\"e7a7dd3\" data-element_type=\"widget\" data-widget_type=\"divider.default\">\n\t\t\t\t<div class=\"elementor-widget-container\">\n\t\t\t\t\t\t\t<div class=\"elementor-divider\">\n\t\t\t<span class=\"elementor-divider-separator\">\n\t\t\t\t\t\t<\/span>\n\t\t<\/div>\n\t\t\t\t\t\t<\/div>\n\t\t\t\t<\/div>\n\t\t<div class=\"elementor-element elementor-element-62dc264 e-flex e-con-boxed e-con e-child\" data-id=\"62dc264\" data-element_type=\"container\" data-settings=\"{&quot;jet_parallax_layout_list&quot;:[]}\">\n\t\t\t\t\t<div class=\"e-con-inner\">\n\t\t\t\t<div class=\"elementor-element elementor-element-b760b09 elementor-widget__width-initial elementor-widget-tablet__width-initial elementor-widget elementor-widget-text-editor\" data-id=\"b760b09\" data-element_type=\"widget\" data-widget_type=\"text-editor.default\">\n\t\t\t\t<div class=\"elementor-widget-container\">\n\t\t\t\t\t\t\t\t\t<p>Porto Alegre sediou na \u00faltima semana um evento in\u00e9dito e internacional de medicina. O simp\u00f3sio de Neuro-oncologia Pedi\u00e1trica (1st International Symposium on Pediatric Neuro-oncology) reuniu os maiores especialistas em c\u00e2ncer cerebral em crian\u00e7as.<\/p><p>A plateia era formada por estudantes e m\u00e9dicos. O simp\u00f3sio foi organizado pelo professor e pesquisador, doutor em bioqu\u00edmica Rafael Roesler, da Universidade Federal do Rio Grande do Sul (UFRGS). Tamb\u00e9m incluiu o importante depoimento do presidente do Instituto do C\u00e2ncer Infantil (ICI), m\u00e9dico Algemir Brunetto.<\/p><p>Agradecemos \u00e0 Gaucha Zero Hora e ao jornalista Daniel Scola por compartilhar a nossa hist\u00f3ria.<\/p><p>A mat\u00e9ria completa voc\u00ea acessa <a href=\"https:\/\/gauchazh.clicrbs.com.br\/colunistas\/daniel-scola\/noticia\/2023\/10\/o-rs-no-centro-da-pesquisa-medica-clndif7yd008t013xilgfsl52.html\">aqui<\/a><\/p>\t\t\t\t\t\t\t\t<\/div>\n\t\t\t\t<\/div>\n\t\t\t\t<div class=\"elementor-element elementor-element-7bdf26e elementor-widget elementor-widget-image\" data-id=\"7bdf26e\" data-element_type=\"widget\" data-widget_type=\"image.default\">\n\t\t\t\t<div class=\"elementor-widget-container\">\n\t\t\t\t\t\t\t\t\t\t\t\t<figure class=\"wp-caption\">\n\t\t\t\t\t\t\t\t\t\t\t<a href=\"https:\/\/mbinitiative.org\/wp-content\/uploads\/2024\/08\/Folha_BR.pdf\">\n\t\t\t\t\t\t\t<img fetchpriority=\"high\" decoding=\"async\" width=\"989\" height=\"1830\" src=\"https:\/\/mbinitiative.org\/wp-content\/uploads\/2024\/11\/GZH.png\" class=\"attachment-full size-full wp-image-3051\" alt=\"\" srcset=\"https:\/\/mbinitiative.org\/wp-content\/uploads\/2024\/11\/GZH.png 989w, https:\/\/mbinitiative.org\/wp-content\/uploads\/2024\/11\/GZH-162x300.png 162w, https:\/\/mbinitiative.org\/wp-content\/uploads\/2024\/11\/GZH-553x1024.png 553w, https:\/\/mbinitiative.org\/wp-content\/uploads\/2024\/11\/GZH-768x1421.png 768w, https:\/\/mbinitiative.org\/wp-content\/uploads\/2024\/11\/GZH-830x1536.png 830w, https:\/\/mbinitiative.org\/wp-content\/uploads\/2024\/11\/GZH-6x12.png 6w\" sizes=\"(max-width: 989px) 100vw, 989px\" \/>\t\t\t\t\t\t\t\t<\/a>\n\t\t\t\t\t\t\t\t\t\t\t<figcaption class=\"widget-image-caption wp-caption-text\">*Diagramado pela MBI<\/figcaption>\n\t\t\t\t\t\t\t\t\t\t<\/figure>\n\t\t\t\t\t\t\t\t\t<\/div>\n\t\t\t\t<\/div>\n\t\t\t\t\t<\/div>\n\t\t\t\t<\/div>\n\t\t\t\t<div class=\"elementor-element elementor-element-1b1b2a5 elementor-align-right elementor-widget elementor-widget-button\" data-id=\"1b1b2a5\" data-element_type=\"widget\" data-widget_type=\"button.default\">\n\t\t\t\t<div class=\"elementor-widget-container\">\n\t\t\t\t\t\t\t\t\t<div class=\"elementor-button-wrapper\">\n\t\t\t\t\t<a class=\"elementor-button elementor-button-link elementor-size-sm\" href=\"https:\/\/mbinitiative.org\/pt\/#namidia\">\n\t\t\t\t\t\t<span class=\"elementor-button-content-wrapper\">\n\t\t\t\t\t\t<span class=\"elementor-button-icon\">\n\t\t\t\t<i aria-hidden=\"true\" class=\"fas fa-chevron-left\"><\/i>\t\t\t<\/span>\n\t\t\t\t\t\t\t\t\t<span class=\"elementor-button-text\">VOLTAR<\/span>\n\t\t\t\t\t<\/span>\n\t\t\t\t\t<\/a>\n\t\t\t\t<\/div>\n\t\t\t\t\t\t\t\t<\/div>\n\t\t\t\t<\/div>\n\t\t\t\t\t<\/div>\n\t\t\t\t<\/div>\n\t\t\t\t<\/div>","protected":false},"excerpt":{"rendered":"<p>Descubra como o RS est\u00e1 no centro da pesquisa m\u00e9dica, apoiando estudos para a cura do meduloblastoma com a The Medulloblastoma Initiative.<\/p>","protected":false},"author":4,"featured_media":3111,"parent":0,"menu_order":0,"comment_status":"closed","ping_status":"closed","template":"","meta":{"footnotes":""},"class_list":["post-2835","page","type-page","status-publish","has-post-thumbnail","hentry"],"yoast_head":"<!-- This site is optimized with the Yoast SEO plugin v26.0 - https:\/\/yoast.com\/wordpress\/plugins\/seo\/ -->\n<title>RS at the Center for Medical Research | The Medulloblastoma Initiative<\/title>\n<meta name=\"description\" content=\"Discover how RS is at the center of medical research, supporting studies for a cure for medulloblastoma with The Medulloblastoma Initiative.\" \/>\n<meta name=\"robots\" content=\"index, follow, max-snippet:-1, max-image-preview:large, max-video-preview:-1\" \/>\n<link rel=\"canonical\" href=\"https:\/\/mbinitiative.org\/pt\/rs-no-centro-da-pesquisa-medica\/\" \/>\n<meta property=\"og:locale\" content=\"pt_BR\" \/>\n<meta property=\"og:type\" content=\"article\" \/>\n<meta property=\"og:title\" content=\"RS at the Center for Medical Research | The Medulloblastoma Initiative\" \/>\n<meta property=\"og:description\" content=\"Discover how RS is at the center of medical research, supporting studies for a cure for medulloblastoma with The Medulloblastoma Initiative.\" \/>\n<meta property=\"og:url\" content=\"https:\/\/mbinitiative.org\/pt\/rs-no-centro-da-pesquisa-medica\/\" \/>\n<meta property=\"og:site_name\" content=\"The Medulloblastoma Initiative\" \/>\n<meta property=\"article:publisher\" content=\"https:\/\/www.facebook.com\/themedulloblastomainitiative\" \/>\n<meta property=\"article:modified_time\" content=\"2025-01-20T17:52:58+00:00\" \/>\n<meta property=\"og:image\" content=\"https:\/\/mbinitiative.org\/wp-content\/uploads\/2024\/11\/Captura-de-tela-2024-11-26-110542.png\" \/>\n\t<meta property=\"og:image:width\" content=\"435\" \/>\n\t<meta property=\"og:image:height\" content=\"288\" \/>\n\t<meta property=\"og:image:type\" content=\"image\/png\" \/>\n<meta name=\"twitter:card\" content=\"summary_large_image\" \/>\n<meta name=\"twitter:label1\" content=\"Est. tempo de leitura\" \/>\n\t<meta name=\"twitter:data1\" content=\"1 minuto\" \/>\n<script type=\"application\/ld+json\" class=\"yoast-schema-graph\">{\"@context\":\"https:\/\/schema.org\",\"@graph\":[{\"@type\":\"NewsArticle\",\"@id\":\"https:\/\/mbinitiative.org\/o-rs-at-the-center-of-medical-research-2\/#article\",\"isPartOf\":{\"@id\":\"https:\/\/mbinitiative.org\/o-rs-at-the-center-of-medical-research-2\/\"},\"author\":{\"name\":\"MBI\",\"@id\":\"https:\/\/mbinitiative.org\/#\/schema\/person\/466abe8aeac08de69ff51a723b647b7f\"},\"headline\":\"RS at the center of medical research\",\"datePublished\":\"2024-10-16T11:29:32+00:00\",\"dateModified\":\"2025-01-20T17:52:58+00:00\",\"mainEntityOfPage\":{\"@id\":\"https:\/\/mbinitiative.org\/o-rs-at-the-center-of-medical-research-2\/\"},\"wordCount\":124,\"publisher\":{\"@id\":\"https:\/\/mbinitiative.org\/#organization\"},\"image\":{\"@id\":\"https:\/\/mbinitiative.org\/o-rs-at-the-center-of-medical-research-2\/#primaryimage\"},\"thumbnailUrl\":\"https:\/\/mbinitiative.org\/wp-content\/uploads\/2024\/11\/Captura-de-tela-2024-11-26-110542.png\",\"inLanguage\":\"pt-BR\"},{\"@type\":\"WebPage\",\"@id\":\"https:\/\/mbinitiative.org\/o-rs-at-the-center-of-medical-research-2\/\",\"url\":\"https:\/\/mbinitiative.org\/o-rs-at-the-center-of-medical-research-2\/\",\"name\":\"RS at the Center for Medical Research | The Medulloblastoma Initiative\",\"isPartOf\":{\"@id\":\"https:\/\/mbinitiative.org\/#website\"},\"primaryImageOfPage\":{\"@id\":\"https:\/\/mbinitiative.org\/o-rs-at-the-center-of-medical-research-2\/#primaryimage\"},\"image\":{\"@id\":\"https:\/\/mbinitiative.org\/o-rs-at-the-center-of-medical-research-2\/#primaryimage\"},\"thumbnailUrl\":\"https:\/\/mbinitiative.org\/wp-content\/uploads\/2024\/11\/Captura-de-tela-2024-11-26-110542.png\",\"datePublished\":\"2024-10-16T11:29:32+00:00\",\"dateModified\":\"2025-01-20T17:52:58+00:00\",\"description\":\"Discover how RS is at the center of medical research, supporting studies for a cure for medulloblastoma with The Medulloblastoma Initiative.\",\"breadcrumb\":{\"@id\":\"https:\/\/mbinitiative.org\/o-rs-at-the-center-of-medical-research-2\/#breadcrumb\"},\"inLanguage\":\"pt-BR\",\"potentialAction\":[{\"@type\":\"ReadAction\",\"target\":[\"https:\/\/mbinitiative.org\/o-rs-at-the-center-of-medical-research-2\/\"]}]},{\"@type\":\"ImageObject\",\"inLanguage\":\"pt-BR\",\"@id\":\"https:\/\/mbinitiative.org\/o-rs-at-the-center-of-medical-research-2\/#primaryimage\",\"url\":\"https:\/\/mbinitiative.org\/wp-content\/uploads\/2024\/11\/Captura-de-tela-2024-11-26-110542.png\",\"contentUrl\":\"https:\/\/mbinitiative.org\/wp-content\/uploads\/2024\/11\/Captura-de-tela-2024-11-26-110542.png\",\"width\":435,\"height\":288},{\"@type\":\"BreadcrumbList\",\"@id\":\"https:\/\/mbinitiative.org\/o-rs-at-the-center-of-medical-research-2\/#breadcrumb\",\"itemListElement\":[{\"@type\":\"ListItem\",\"position\":1,\"name\":\"In\u00edcio\",\"item\":\"https:\/\/mbinitiative.org\/\"},{\"@type\":\"ListItem\",\"position\":2,\"name\":\"RS at the center of medical research\"}]},{\"@type\":\"WebSite\",\"@id\":\"https:\/\/mbinitiative.org\/#website\",\"url\":\"https:\/\/mbinitiative.org\/\",\"name\":\"The Medulloblastoma Initiative\",\"description\":\"Cura do Meduloblastoma Infantil\",\"publisher\":{\"@id\":\"https:\/\/mbinitiative.org\/#organization\"},\"potentialAction\":[{\"@type\":\"SearchAction\",\"target\":{\"@type\":\"EntryPoint\",\"urlTemplate\":\"https:\/\/mbinitiative.org\/?s={search_term_string}\"},\"query-input\":{\"@type\":\"PropertyValueSpecification\",\"valueRequired\":true,\"valueName\":\"search_term_string\"}}],\"inLanguage\":\"pt-BR\"},{\"@type\":\"Organization\",\"@id\":\"https:\/\/mbinitiative.org\/#organization\",\"name\":\"The Medulloblastoma Initiative\",\"url\":\"https:\/\/mbinitiative.org\/\",\"logo\":{\"@type\":\"ImageObject\",\"inLanguage\":\"pt-BR\",\"@id\":\"https:\/\/mbinitiative.org\/#\/schema\/logo\/image\/\",\"url\":\"https:\/\/mbinitiative.org\/wp-content\/uploads\/2023\/10\/LOGO-MBI.png\",\"contentUrl\":\"https:\/\/mbinitiative.org\/wp-content\/uploads\/2023\/10\/LOGO-MBI.png\",\"width\":354,\"height\":168,\"caption\":\"The Medulloblastoma Initiative\"},\"image\":{\"@id\":\"https:\/\/mbinitiative.org\/#\/schema\/logo\/image\/\"},\"sameAs\":[\"https:\/\/www.facebook.com\/themedulloblastomainitiative\",\"https:\/\/www.instagram.com\/medulloblastomainitiative\/\",\"https:\/\/www.linkedin.com\/company\/medulloblastomainitiative\/\",\"https:\/\/www.youtube.com\/@mbinitiative\"]},{\"@type\":\"Person\",\"@id\":\"https:\/\/mbinitiative.org\/#\/schema\/person\/466abe8aeac08de69ff51a723b647b7f\",\"name\":\"MBI\",\"image\":{\"@type\":\"ImageObject\",\"inLanguage\":\"pt-BR\",\"@id\":\"https:\/\/mbinitiative.org\/#\/schema\/person\/image\/\",\"url\":\"https:\/\/secure.gravatar.com\/avatar\/6446aa8591e99bf1553d89bc19db5af72fd25b4c6593ea37fd3dae05f7f06bb2?s=96&d=mm&r=g\",\"contentUrl\":\"https:\/\/secure.gravatar.com\/avatar\/6446aa8591e99bf1553d89bc19db5af72fd25b4c6593ea37fd3dae05f7f06bb2?s=96&d=mm&r=g\",\"caption\":\"MBI\"},\"url\":\"https:\/\/mbinitiative.org\/pt\/author\/mbi\/\"}]}<\/script>\n<!-- \/ Yoast SEO plugin. -->","yoast_head_json":{"title":"RS no centro da pesquisa m\u00e9dica | The Medulloblastoma Initiative","description":"Discover how RS is at the center of medical research, supporting studies for a cure for medulloblastoma with The Medulloblastoma Initiative.","robots":{"index":"index","follow":"follow","max-snippet":"max-snippet:-1","max-image-preview":"max-image-preview:large","max-video-preview":"max-video-preview:-1"},"canonical":"https:\/\/mbinitiative.org\/pt\/rs-no-centro-da-pesquisa-medica\/","og_locale":"pt_BR","og_type":"article","og_title":"RS at the Center for Medical Research | The Medulloblastoma Initiative","og_description":"Discover how RS is at the center of medical research, supporting studies for a cure for medulloblastoma with The Medulloblastoma Initiative.","og_url":"https:\/\/mbinitiative.org\/pt\/rs-no-centro-da-pesquisa-medica\/","og_site_name":"The Medulloblastoma Initiative","article_publisher":"https:\/\/www.facebook.com\/themedulloblastomainitiative","article_modified_time":"2025-01-20T17:52:58+00:00","og_image":[{"width":435,"height":288,"url":"https:\/\/mbinitiative.org\/wp-content\/uploads\/2024\/11\/Captura-de-tela-2024-11-26-110542.png","type":"image\/png"}],"twitter_card":"summary_large_image","twitter_misc":{"Est. tempo de leitura":"1 minuto"},"schema":{"@context":"https:\/\/schema.org","@graph":[{"@type":"NewsArticle","@id":"https:\/\/mbinitiative.org\/o-rs-at-the-center-of-medical-research-2\/#article","isPartOf":{"@id":"https:\/\/mbinitiative.org\/o-rs-at-the-center-of-medical-research-2\/"},"author":{"name":"MBI","@id":"https:\/\/mbinitiative.org\/#\/schema\/person\/466abe8aeac08de69ff51a723b647b7f"},"headline":"RS at the center of medical research","datePublished":"2024-10-16T11:29:32+00:00","dateModified":"2025-01-20T17:52:58+00:00","mainEntityOfPage":{"@id":"https:\/\/mbinitiative.org\/o-rs-at-the-center-of-medical-research-2\/"},"wordCount":124,"publisher":{"@id":"https:\/\/mbinitiative.org\/#organization"},"image":{"@id":"https:\/\/mbinitiative.org\/o-rs-at-the-center-of-medical-research-2\/#primaryimage"},"thumbnailUrl":"https:\/\/mbinitiative.org\/wp-content\/uploads\/2024\/11\/Captura-de-tela-2024-11-26-110542.png","inLanguage":"pt-BR"},{"@type":"WebPage","@id":"https:\/\/mbinitiative.org\/o-rs-at-the-center-of-medical-research-2\/","url":"https:\/\/mbinitiative.org\/o-rs-at-the-center-of-medical-research-2\/","name":"RS no centro da pesquisa m\u00e9dica | The Medulloblastoma Initiative","isPartOf":{"@id":"https:\/\/mbinitiative.org\/#website"},"primaryImageOfPage":{"@id":"https:\/\/mbinitiative.org\/o-rs-at-the-center-of-medical-research-2\/#primaryimage"},"image":{"@id":"https:\/\/mbinitiative.org\/o-rs-at-the-center-of-medical-research-2\/#primaryimage"},"thumbnailUrl":"https:\/\/mbinitiative.org\/wp-content\/uploads\/2024\/11\/Captura-de-tela-2024-11-26-110542.png","datePublished":"2024-10-16T11:29:32+00:00","dateModified":"2025-01-20T17:52:58+00:00","description":"Discover how RS is at the center of medical research, supporting studies for a cure for medulloblastoma with The Medulloblastoma Initiative.","breadcrumb":{"@id":"https:\/\/mbinitiative.org\/o-rs-at-the-center-of-medical-research-2\/#breadcrumb"},"inLanguage":"pt-BR","potentialAction":[{"@type":"ReadAction","target":["https:\/\/mbinitiative.org\/o-rs-at-the-center-of-medical-research-2\/"]}]},{"@type":"ImageObject","inLanguage":"pt-BR","@id":"https:\/\/mbinitiative.org\/o-rs-at-the-center-of-medical-research-2\/#primaryimage","url":"https:\/\/mbinitiative.org\/wp-content\/uploads\/2024\/11\/Captura-de-tela-2024-11-26-110542.png","contentUrl":"https:\/\/mbinitiative.org\/wp-content\/uploads\/2024\/11\/Captura-de-tela-2024-11-26-110542.png","width":435,"height":288},{"@type":"BreadcrumbList","@id":"https:\/\/mbinitiative.org\/o-rs-at-the-center-of-medical-research-2\/#breadcrumb","itemListElement":[{"@type":"ListItem","position":1,"name":"In\u00edcio","item":"https:\/\/mbinitiative.org\/"},{"@type":"ListItem","position":2,"name":"RS at the center of medical research"}]},{"@type":"WebSite","@id":"https:\/\/mbinitiative.org\/#website","url":"https:\/\/mbinitiative.org\/","name":"(The Medulloblastoma Initiative)","description":"Cura do Meduloblastoma Infantil","publisher":{"@id":"https:\/\/mbinitiative.org\/#organization"},"potentialAction":[{"@type":"SearchAction","target":{"@type":"EntryPoint","urlTemplate":"https:\/\/mbinitiative.org\/?s={search_term_string}"},"query-input":{"@type":"PropertyValueSpecification","valueRequired":true,"valueName":"search_term_string"}}],"inLanguage":"pt-BR"},{"@type":"Organization","@id":"https:\/\/mbinitiative.org\/#organization","name":"(The Medulloblastoma Initiative)","url":"https:\/\/mbinitiative.org\/","logo":{"@type":"ImageObject","inLanguage":"pt-BR","@id":"https:\/\/mbinitiative.org\/#\/schema\/logo\/image\/","url":"https:\/\/mbinitiative.org\/wp-content\/uploads\/2023\/10\/LOGO-MBI.png","contentUrl":"https:\/\/mbinitiative.org\/wp-content\/uploads\/2023\/10\/LOGO-MBI.png","width":354,"height":168,"caption":"The Medulloblastoma Initiative"},"image":{"@id":"https:\/\/mbinitiative.org\/#\/schema\/logo\/image\/"},"sameAs":["https:\/\/www.facebook.com\/themedulloblastomainitiative","https:\/\/www.instagram.com\/medulloblastomainitiative\/","https:\/\/www.linkedin.com\/company\/medulloblastomainitiative\/","https:\/\/www.youtube.com\/@mbinitiative"]},{"@type":"Person","@id":"https:\/\/mbinitiative.org\/#\/schema\/person\/466abe8aeac08de69ff51a723b647b7f","name":"MBI","image":{"@type":"ImageObject","inLanguage":"pt-BR","@id":"https:\/\/mbinitiative.org\/#\/schema\/person\/image\/","url":"https:\/\/secure.gravatar.com\/avatar\/6446aa8591e99bf1553d89bc19db5af72fd25b4c6593ea37fd3dae05f7f06bb2?s=96&d=mm&r=g","contentUrl":"https:\/\/secure.gravatar.com\/avatar\/6446aa8591e99bf1553d89bc19db5af72fd25b4c6593ea37fd3dae05f7f06bb2?s=96&d=mm&r=g","caption":"MBI"},"url":"https:\/\/mbinitiative.org\/pt\/author\/mbi\/"}]}},"_links":{"self":[{"href":"https:\/\/mbinitiative.org\/pt\/wp-json\/wp\/v2\/pages\/2835","targetHints":{"allow":["GET"]}}],"collection":[{"href":"https:\/\/mbinitiative.org\/pt\/wp-json\/wp\/v2\/pages"}],"about":[{"href":"https:\/\/mbinitiative.org\/pt\/wp-json\/wp\/v2\/types\/page"}],"author":[{"embeddable":true,"href":"https:\/\/mbinitiative.org\/pt\/wp-json\/wp\/v2\/users\/4"}],"replies":[{"embeddable":true,"href":"https:\/\/mbinitiative.org\/pt\/wp-json\/wp\/v2\/comments?post=2835"}],"version-history":[{"count":28,"href":"https:\/\/mbinitiative.org\/pt\/wp-json\/wp\/v2\/pages\/2835\/revisions"}],"predecessor-version":[{"id":4259,"href":"https:\/\/mbinitiative.org\/pt\/wp-json\/wp\/v2\/pages\/2835\/revisions\/4259"}],"wp:featuredmedia":[{"embeddable":true,"href":"https:\/\/mbinitiative.org\/pt\/wp-json\/wp\/v2\/media\/3111"}],"wp:attachment":[{"href":"https:\/\/mbinitiative.org\/pt\/wp-json\/wp\/v2\/media?parent=2835"}],"curies":[{"name":"wp","href":"https:\/\/api.w.org\/{rel}","templated":true}]}}