{"id":2833,"date":"2024-10-16T08:27:15","date_gmt":"2024-10-16T11:27:15","guid":{"rendered":"https:\/\/mbinitiative.org\/?page_id=2833"},"modified":"2025-01-20T15:20:23","modified_gmt":"2025-01-20T18:20:23","slug":"investing-3-million-dollars-to-find-a-cure-for-my-sons-cancer-and-save-other-lives-business-account-2","status":"publish","type":"page","link":"https:\/\/mbinitiative.org\/pt\/investing-3-million-dollars-to-find-a-cure-for-my-sons-cancer-and-save-other-lives-business-account-2\/","title":{"rendered":"To find a cure is my life\u2019s mission"},"content":{"rendered":"<div data-elementor-type=\"wp-page\" data-elementor-id=\"2833\" class=\"elementor elementor-2833\" data-elementor-post-type=\"page\">\n\t\t\t\t<div class=\"elementor-element elementor-element-ea9f624 e-flex e-con-boxed e-con e-parent\" data-id=\"ea9f624\" data-element_type=\"container\" data-e-type=\"container\" data-settings=\"{&quot;jet_parallax_layout_list&quot;:[]}\">\n\t\t\t\t\t<div class=\"e-con-inner\">\n\t\t\t\t<div class=\"elementor-element elementor-element-296b965 elementor-widget elementor-widget-heading\" data-id=\"296b965\" data-element_type=\"widget\" data-e-type=\"widget\" data-widget_type=\"heading.default\">\n\t\t\t\t<div class=\"elementor-widget-container\">\n\t\t\t\t\t<h2 class=\"elementor-heading-title elementor-size-default\">To find a cure is my life\u2019s mission<\/h2>\t\t\t\t<\/div>\n\t\t\t\t<\/div>\n\t\t<div class=\"elementor-element elementor-element-d560df1 e-flex e-con-boxed e-con e-child\" data-id=\"d560df1\" data-element_type=\"container\" data-e-type=\"container\" data-settings=\"{&quot;jet_parallax_layout_list&quot;:[]}\">\n\t\t\t\t\t<div class=\"e-con-inner\">\n\t\t\t\t<div class=\"elementor-element elementor-element-d8d8b52 elementor-widget__width-auto elementor-widget elementor-widget-text-editor\" data-id=\"d8d8b52\" data-element_type=\"widget\" data-e-type=\"widget\" data-widget_type=\"text-editor.default\">\n\t\t\t\t<div class=\"elementor-widget-container\">\n\t\t\t\t\t\t\t\t\t<p><span style=\"white-space-collapse: preserve;\">Por Simone Blanes<\/span><\/p>\t\t\t\t\t\t\t\t<\/div>\n\t\t\t\t<\/div>\n\t\t\t\t<div class=\"elementor-element elementor-element-f6529cd elementor-widget__width-auto elementor-widget elementor-widget-text-editor\" data-id=\"f6529cd\" data-element_type=\"widget\" data-e-type=\"widget\" data-widget_type=\"text-editor.default\">\n\t\t\t\t<div class=\"elementor-widget-container\">\n\t\t\t\t\t\t\t\t\t<p>Veja &#8211; 07\/07\/2023<\/p>\t\t\t\t\t\t\t\t<\/div>\n\t\t\t\t<\/div>\n\t\t\t\t\t<\/div>\n\t\t\t\t<\/div>\n\t\t\t\t<div class=\"elementor-element elementor-element-e7a7dd3 elementor-widget-divider--view-line elementor-widget elementor-widget-divider\" data-id=\"e7a7dd3\" data-element_type=\"widget\" data-e-type=\"widget\" data-widget_type=\"divider.default\">\n\t\t\t\t<div class=\"elementor-widget-container\">\n\t\t\t\t\t\t\t<div class=\"elementor-divider\">\n\t\t\t<span class=\"elementor-divider-separator\">\n\t\t\t\t\t\t<\/span>\n\t\t<\/div>\n\t\t\t\t\t\t<\/div>\n\t\t\t\t<\/div>\n\t\t<div class=\"elementor-element elementor-element-62dc264 e-flex e-con-boxed e-con e-child\" data-id=\"62dc264\" data-element_type=\"container\" data-e-type=\"container\" data-settings=\"{&quot;jet_parallax_layout_list&quot;:[]}\">\n\t\t\t\t\t<div class=\"e-con-inner\">\n\t\t\t\t<div class=\"elementor-element elementor-element-b760b09 elementor-widget__width-initial elementor-widget-tablet__width-initial elementor-widget elementor-widget-text-editor\" data-id=\"b760b09\" data-element_type=\"widget\" data-e-type=\"widget\" data-widget_type=\"text-editor.default\">\n\t\t\t\t<div class=\"elementor-widget-container\">\n\t\t\t\t\t\t\t\t\t<p>Em junho de 2024, a revista VEJA publicou o depoimento concedido por Fernando Goldsztein, Fundador da The Medulloblastoma Initiative, \u00e0 jornalista Simone Blanes.<\/p><p>Fernando abordou os desafios do tratamento do meduloblastoma, o nascimento da iniciativa e a evolu\u00e7\u00e3o r\u00e1pida da MBI desde sua funda\u00e7\u00e3o.<\/p><p>A MBI agradece a revista VEJA e a Jornalista Simone Blanes pela oportunidade!<\/p><p>Leia a mat\u00e9ria completa em <a href=\"https:\/\/veja.abril.com.br\/saude\/encontrar-a-cura-e-a-missao-da-minha-vida-diz-pai-de-filho-com-cancer\">veja.abril.com.br<\/a><\/p>\t\t\t\t\t\t\t\t<\/div>\n\t\t\t\t<\/div>\n\t\t\t\t<div class=\"elementor-element elementor-element-7bdf26e elementor-widget elementor-widget-image\" data-id=\"7bdf26e\" data-element_type=\"widget\" data-e-type=\"widget\" data-widget_type=\"image.default\">\n\t\t\t\t<div class=\"elementor-widget-container\">\n\t\t\t\t\t\t\t\t\t\t\t\t<figure class=\"wp-caption\">\n\t\t\t\t\t\t\t\t\t\t\t<a href=\"https:\/\/mbinitiative.org\/wp-content\/uploads\/2024\/08\/Folha_BR.pdf\">\n\t\t\t\t\t\t\t<img fetchpriority=\"high\" decoding=\"async\" width=\"1536\" height=\"2315\" src=\"https:\/\/mbinitiative.org\/wp-content\/uploads\/2024\/11\/Veja.jpg\" class=\"attachment-full size-full wp-image-3016\" alt=\"\" srcset=\"https:\/\/mbinitiative.org\/wp-content\/uploads\/2024\/11\/Veja.jpg 1536w, https:\/\/mbinitiative.org\/wp-content\/uploads\/2024\/11\/Veja-199x300.jpg 199w, https:\/\/mbinitiative.org\/wp-content\/uploads\/2024\/11\/Veja-679x1024.jpg 679w, https:\/\/mbinitiative.org\/wp-content\/uploads\/2024\/11\/Veja-768x1158.jpg 768w, https:\/\/mbinitiative.org\/wp-content\/uploads\/2024\/11\/Veja-1019x1536.jpg 1019w, https:\/\/mbinitiative.org\/wp-content\/uploads\/2024\/11\/Veja-1359x2048.jpg 1359w, https:\/\/mbinitiative.org\/wp-content\/uploads\/2024\/11\/Veja-8x12.jpg 8w\" sizes=\"(max-width: 1536px) 100vw, 1536px\" \/>\t\t\t\t\t\t\t\t<\/a>\n\t\t\t\t\t\t\t\t\t\t\t<figcaption class=\"widget-image-caption wp-caption-text\">*Diagramado pela MBI<\/figcaption>\n\t\t\t\t\t\t\t\t\t\t<\/figure>\n\t\t\t\t\t\t\t\t\t<\/div>\n\t\t\t\t<\/div>\n\t\t\t\t\t<\/div>\n\t\t\t\t<\/div>\n\t\t\t\t<div class=\"elementor-element elementor-element-1b1b2a5 elementor-align-right elementor-widget elementor-widget-button\" data-id=\"1b1b2a5\" data-element_type=\"widget\" data-e-type=\"widget\" data-widget_type=\"button.default\">\n\t\t\t\t<div class=\"elementor-widget-container\">\n\t\t\t\t\t\t\t\t\t<div class=\"elementor-button-wrapper\">\n\t\t\t\t\t<a class=\"elementor-button elementor-button-link elementor-size-sm\" href=\"https:\/\/mbinitiative.org\/pt\/#namidia\">\n\t\t\t\t\t\t<span class=\"elementor-button-content-wrapper\">\n\t\t\t\t\t\t<span class=\"elementor-button-icon\">\n\t\t\t\t<i aria-hidden=\"true\" class=\"fas fa-chevron-left\"><\/i>\t\t\t<\/span>\n\t\t\t\t\t\t\t\t\t<span class=\"elementor-button-text\">VOLTAR<\/span>\n\t\t\t\t\t<\/span>\n\t\t\t\t\t<\/a>\n\t\t\t\t<\/div>\n\t\t\t\t\t\t\t\t<\/div>\n\t\t\t\t<\/div>\n\t\t\t\t\t<\/div>\n\t\t\t\t<\/div>\n\t\t\t\t<\/div>","protected":false},"excerpt":{"rendered":"<p>Businessman invests $3 million in search of a cure for childhood cancer, helping to save lives with The Medulloblastoma Initiative.<\/p>","protected":false},"author":4,"featured_media":3156,"parent":0,"menu_order":0,"comment_status":"closed","ping_status":"closed","template":"","meta":{"footnotes":""},"class_list":["post-2833","page","type-page","status-publish","has-post-thumbnail","hentry"],"yoast_head":"<!-- This site is optimized with the Yoast SEO plugin v27.5 - https:\/\/yoast.com\/product\/yoast-seo-wordpress\/ -->\n<title>3 Million Dollars for a Cure | The Medulloblastoma Initiative<\/title>\n<meta name=\"description\" content=\"Businessman invests $3 million in search of a cure for childhood cancer, helping to save lives with The Medulloblastoma Initiative.\" \/>\n<meta name=\"robots\" content=\"index, follow, max-snippet:-1, max-image-preview:large, max-video-preview:-1\" \/>\n<link rel=\"canonical\" href=\"https:\/\/mbinitiative.org\/pt\/investing-3-million-dollars-to-find-a-cure-for-my-sons-cancer-and-save-other-lives-business-account-2\/\" \/>\n<meta property=\"og:locale\" content=\"pt_BR\" \/>\n<meta property=\"og:type\" content=\"article\" \/>\n<meta property=\"og:title\" content=\"3 Million Dollars for a Cure | The Medulloblastoma Initiative\" \/>\n<meta property=\"og:description\" content=\"Businessman invests $3 million in search of a cure for childhood cancer, helping to save lives with The Medulloblastoma Initiative.\" \/>\n<meta property=\"og:url\" content=\"https:\/\/mbinitiative.org\/pt\/investing-3-million-dollars-to-find-a-cure-for-my-sons-cancer-and-save-other-lives-business-account-2\/\" \/>\n<meta property=\"og:site_name\" content=\"The Medulloblastoma Initiative\" \/>\n<meta property=\"article:publisher\" content=\"https:\/\/www.facebook.com\/themedulloblastomainitiative\" \/>\n<meta property=\"article:modified_time\" content=\"2025-01-20T18:20:23+00:00\" \/>\n<meta property=\"og:image\" content=\"https:\/\/mbinitiative.org\/wp-content\/uploads\/2024\/12\/Captura-de-tela-2024-12-05-111008.png\" \/>\n\t<meta property=\"og:image:width\" content=\"289\" \/>\n\t<meta property=\"og:image:height\" content=\"223\" \/>\n\t<meta property=\"og:image:type\" content=\"image\/png\" \/>\n<meta name=\"twitter:card\" content=\"summary_large_image\" \/>\n<meta name=\"twitter:label1\" content=\"Est. tempo de leitura\" \/>\n\t<meta name=\"twitter:data1\" content=\"1 minuto\" \/>\n<script type=\"application\/ld+json\" class=\"yoast-schema-graph\">{\"@context\":\"https:\\\/\\\/schema.org\",\"@graph\":[{\"@type\":\"NewsArticle\",\"@id\":\"https:\\\/\\\/mbinitiative.org\\\/investing-3-million-dollars-to-find-a-cure-for-my-sons-cancer-and-save-other-lives-business-account-2\\\/#article\",\"isPartOf\":{\"@id\":\"https:\\\/\\\/mbinitiative.org\\\/investing-3-million-dollars-to-find-a-cure-for-my-sons-cancer-and-save-other-lives-business-account-2\\\/\"},\"author\":{\"name\":\"MBI\",\"@id\":\"https:\\\/\\\/mbinitiative.org\\\/#\\\/schema\\\/person\\\/466abe8aeac08de69ff51a723b647b7f\"},\"headline\":\"To find a cure is my life\u2019s mission\",\"datePublished\":\"2024-10-16T11:27:15+00:00\",\"dateModified\":\"2025-01-20T18:20:23+00:00\",\"mainEntityOfPage\":{\"@id\":\"https:\\\/\\\/mbinitiative.org\\\/investing-3-million-dollars-to-find-a-cure-for-my-sons-cancer-and-save-other-lives-business-account-2\\\/\"},\"wordCount\":88,\"publisher\":{\"@id\":\"https:\\\/\\\/mbinitiative.org\\\/#organization\"},\"image\":{\"@id\":\"https:\\\/\\\/mbinitiative.org\\\/investing-3-million-dollars-to-find-a-cure-for-my-sons-cancer-and-save-other-lives-business-account-2\\\/#primaryimage\"},\"thumbnailUrl\":\"https:\\\/\\\/mbinitiative.org\\\/wp-content\\\/uploads\\\/2024\\\/12\\\/Captura-de-tela-2024-12-05-111008.png\",\"inLanguage\":\"pt-BR\"},{\"@type\":\"WebPage\",\"@id\":\"https:\\\/\\\/mbinitiative.org\\\/investing-3-million-dollars-to-find-a-cure-for-my-sons-cancer-and-save-other-lives-business-account-2\\\/\",\"url\":\"https:\\\/\\\/mbinitiative.org\\\/investing-3-million-dollars-to-find-a-cure-for-my-sons-cancer-and-save-other-lives-business-account-2\\\/\",\"name\":\"3 Million Dollars for a Cure | The Medulloblastoma Initiative\",\"isPartOf\":{\"@id\":\"https:\\\/\\\/mbinitiative.org\\\/#website\"},\"primaryImageOfPage\":{\"@id\":\"https:\\\/\\\/mbinitiative.org\\\/investing-3-million-dollars-to-find-a-cure-for-my-sons-cancer-and-save-other-lives-business-account-2\\\/#primaryimage\"},\"image\":{\"@id\":\"https:\\\/\\\/mbinitiative.org\\\/investing-3-million-dollars-to-find-a-cure-for-my-sons-cancer-and-save-other-lives-business-account-2\\\/#primaryimage\"},\"thumbnailUrl\":\"https:\\\/\\\/mbinitiative.org\\\/wp-content\\\/uploads\\\/2024\\\/12\\\/Captura-de-tela-2024-12-05-111008.png\",\"datePublished\":\"2024-10-16T11:27:15+00:00\",\"dateModified\":\"2025-01-20T18:20:23+00:00\",\"description\":\"Businessman invests $3 million in search of a cure for childhood cancer, helping to save lives with The Medulloblastoma Initiative.\",\"breadcrumb\":{\"@id\":\"https:\\\/\\\/mbinitiative.org\\\/investing-3-million-dollars-to-find-a-cure-for-my-sons-cancer-and-save-other-lives-business-account-2\\\/#breadcrumb\"},\"inLanguage\":\"pt-BR\",\"potentialAction\":[{\"@type\":\"ReadAction\",\"target\":[\"https:\\\/\\\/mbinitiative.org\\\/investing-3-million-dollars-to-find-a-cure-for-my-sons-cancer-and-save-other-lives-business-account-2\\\/\"]}]},{\"@type\":\"ImageObject\",\"inLanguage\":\"pt-BR\",\"@id\":\"https:\\\/\\\/mbinitiative.org\\\/investing-3-million-dollars-to-find-a-cure-for-my-sons-cancer-and-save-other-lives-business-account-2\\\/#primaryimage\",\"url\":\"https:\\\/\\\/mbinitiative.org\\\/wp-content\\\/uploads\\\/2024\\\/12\\\/Captura-de-tela-2024-12-05-111008.png\",\"contentUrl\":\"https:\\\/\\\/mbinitiative.org\\\/wp-content\\\/uploads\\\/2024\\\/12\\\/Captura-de-tela-2024-12-05-111008.png\",\"width\":289,\"height\":223},{\"@type\":\"BreadcrumbList\",\"@id\":\"https:\\\/\\\/mbinitiative.org\\\/investing-3-million-dollars-to-find-a-cure-for-my-sons-cancer-and-save-other-lives-business-account-2\\\/#breadcrumb\",\"itemListElement\":[{\"@type\":\"ListItem\",\"position\":1,\"name\":\"In\u00edcio\",\"item\":\"https:\\\/\\\/mbinitiative.org\\\/\"},{\"@type\":\"ListItem\",\"position\":2,\"name\":\"To find a cure is my life\u2019s mission\"}]},{\"@type\":\"WebSite\",\"@id\":\"https:\\\/\\\/mbinitiative.org\\\/#website\",\"url\":\"https:\\\/\\\/mbinitiative.org\\\/\",\"name\":\"The Medulloblastoma Initiative\",\"description\":\"Cura do Meduloblastoma Infantil\",\"publisher\":{\"@id\":\"https:\\\/\\\/mbinitiative.org\\\/#organization\"},\"potentialAction\":[{\"@type\":\"SearchAction\",\"target\":{\"@type\":\"EntryPoint\",\"urlTemplate\":\"https:\\\/\\\/mbinitiative.org\\\/?s={search_term_string}\"},\"query-input\":{\"@type\":\"PropertyValueSpecification\",\"valueRequired\":true,\"valueName\":\"search_term_string\"}}],\"inLanguage\":\"pt-BR\"},{\"@type\":\"Organization\",\"@id\":\"https:\\\/\\\/mbinitiative.org\\\/#organization\",\"name\":\"The Medulloblastoma Initiative\",\"url\":\"https:\\\/\\\/mbinitiative.org\\\/\",\"logo\":{\"@type\":\"ImageObject\",\"inLanguage\":\"pt-BR\",\"@id\":\"https:\\\/\\\/mbinitiative.org\\\/#\\\/schema\\\/logo\\\/image\\\/\",\"url\":\"https:\\\/\\\/mbinitiative.org\\\/wp-content\\\/uploads\\\/2023\\\/10\\\/LOGO-MBI.png\",\"contentUrl\":\"https:\\\/\\\/mbinitiative.org\\\/wp-content\\\/uploads\\\/2023\\\/10\\\/LOGO-MBI.png\",\"width\":354,\"height\":168,\"caption\":\"The Medulloblastoma Initiative\"},\"image\":{\"@id\":\"https:\\\/\\\/mbinitiative.org\\\/#\\\/schema\\\/logo\\\/image\\\/\"},\"sameAs\":[\"https:\\\/\\\/www.facebook.com\\\/themedulloblastomainitiative\",\"https:\\\/\\\/www.instagram.com\\\/medulloblastomainitiative\\\/\",\"https:\\\/\\\/www.linkedin.com\\\/company\\\/medulloblastomainitiative\\\/\",\"https:\\\/\\\/www.youtube.com\\\/@mbinitiative\"]},{\"@type\":\"Person\",\"@id\":\"https:\\\/\\\/mbinitiative.org\\\/#\\\/schema\\\/person\\\/466abe8aeac08de69ff51a723b647b7f\",\"name\":\"MBI\",\"image\":{\"@type\":\"ImageObject\",\"inLanguage\":\"pt-BR\",\"@id\":\"https:\\\/\\\/secure.gravatar.com\\\/avatar\\\/6446aa8591e99bf1553d89bc19db5af72fd25b4c6593ea37fd3dae05f7f06bb2?s=96&d=mm&r=g\",\"url\":\"https:\\\/\\\/secure.gravatar.com\\\/avatar\\\/6446aa8591e99bf1553d89bc19db5af72fd25b4c6593ea37fd3dae05f7f06bb2?s=96&d=mm&r=g\",\"contentUrl\":\"https:\\\/\\\/secure.gravatar.com\\\/avatar\\\/6446aa8591e99bf1553d89bc19db5af72fd25b4c6593ea37fd3dae05f7f06bb2?s=96&d=mm&r=g\",\"caption\":\"MBI\"},\"url\":\"https:\\\/\\\/mbinitiative.org\\\/pt\\\/author\\\/mbi\\\/\"}]}<\/script>\n<!-- \/ Yoast SEO plugin. -->","yoast_head_json":{"title":"3 Million Dollars for a Cure | The Medulloblastoma Initiative","description":"Businessman invests $3 million in search of a cure for childhood cancer, helping to save lives with The Medulloblastoma Initiative.","robots":{"index":"index","follow":"follow","max-snippet":"max-snippet:-1","max-image-preview":"max-image-preview:large","max-video-preview":"max-video-preview:-1"},"canonical":"https:\/\/mbinitiative.org\/pt\/investing-3-million-dollars-to-find-a-cure-for-my-sons-cancer-and-save-other-lives-business-account-2\/","og_locale":"pt_BR","og_type":"article","og_title":"3 Million Dollars for a Cure | The Medulloblastoma Initiative","og_description":"Businessman invests $3 million in search of a cure for childhood cancer, helping to save lives with The Medulloblastoma Initiative.","og_url":"https:\/\/mbinitiative.org\/pt\/investing-3-million-dollars-to-find-a-cure-for-my-sons-cancer-and-save-other-lives-business-account-2\/","og_site_name":"The Medulloblastoma Initiative","article_publisher":"https:\/\/www.facebook.com\/themedulloblastomainitiative","article_modified_time":"2025-01-20T18:20:23+00:00","og_image":[{"width":289,"height":223,"url":"https:\/\/mbinitiative.org\/wp-content\/uploads\/2024\/12\/Captura-de-tela-2024-12-05-111008.png","type":"image\/png"}],"twitter_card":"summary_large_image","twitter_misc":{"Est. tempo de leitura":"1 minuto"},"schema":{"@context":"https:\/\/schema.org","@graph":[{"@type":"NewsArticle","@id":"https:\/\/mbinitiative.org\/investing-3-million-dollars-to-find-a-cure-for-my-sons-cancer-and-save-other-lives-business-account-2\/#article","isPartOf":{"@id":"https:\/\/mbinitiative.org\/investing-3-million-dollars-to-find-a-cure-for-my-sons-cancer-and-save-other-lives-business-account-2\/"},"author":{"name":"MBI","@id":"https:\/\/mbinitiative.org\/#\/schema\/person\/466abe8aeac08de69ff51a723b647b7f"},"headline":"To find a cure is my life\u2019s mission","datePublished":"2024-10-16T11:27:15+00:00","dateModified":"2025-01-20T18:20:23+00:00","mainEntityOfPage":{"@id":"https:\/\/mbinitiative.org\/investing-3-million-dollars-to-find-a-cure-for-my-sons-cancer-and-save-other-lives-business-account-2\/"},"wordCount":88,"publisher":{"@id":"https:\/\/mbinitiative.org\/#organization"},"image":{"@id":"https:\/\/mbinitiative.org\/investing-3-million-dollars-to-find-a-cure-for-my-sons-cancer-and-save-other-lives-business-account-2\/#primaryimage"},"thumbnailUrl":"https:\/\/mbinitiative.org\/wp-content\/uploads\/2024\/12\/Captura-de-tela-2024-12-05-111008.png","inLanguage":"pt-BR"},{"@type":"WebPage","@id":"https:\/\/mbinitiative.org\/investing-3-million-dollars-to-find-a-cure-for-my-sons-cancer-and-save-other-lives-business-account-2\/","url":"https:\/\/mbinitiative.org\/investing-3-million-dollars-to-find-a-cure-for-my-sons-cancer-and-save-other-lives-business-account-2\/","name":"3 Million Dollars for a Cure | The Medulloblastoma Initiative","isPartOf":{"@id":"https:\/\/mbinitiative.org\/#website"},"primaryImageOfPage":{"@id":"https:\/\/mbinitiative.org\/investing-3-million-dollars-to-find-a-cure-for-my-sons-cancer-and-save-other-lives-business-account-2\/#primaryimage"},"image":{"@id":"https:\/\/mbinitiative.org\/investing-3-million-dollars-to-find-a-cure-for-my-sons-cancer-and-save-other-lives-business-account-2\/#primaryimage"},"thumbnailUrl":"https:\/\/mbinitiative.org\/wp-content\/uploads\/2024\/12\/Captura-de-tela-2024-12-05-111008.png","datePublished":"2024-10-16T11:27:15+00:00","dateModified":"2025-01-20T18:20:23+00:00","description":"Businessman invests $3 million in search of a cure for childhood cancer, helping to save lives with The Medulloblastoma Initiative.","breadcrumb":{"@id":"https:\/\/mbinitiative.org\/investing-3-million-dollars-to-find-a-cure-for-my-sons-cancer-and-save-other-lives-business-account-2\/#breadcrumb"},"inLanguage":"pt-BR","potentialAction":[{"@type":"ReadAction","target":["https:\/\/mbinitiative.org\/investing-3-million-dollars-to-find-a-cure-for-my-sons-cancer-and-save-other-lives-business-account-2\/"]}]},{"@type":"ImageObject","inLanguage":"pt-BR","@id":"https:\/\/mbinitiative.org\/investing-3-million-dollars-to-find-a-cure-for-my-sons-cancer-and-save-other-lives-business-account-2\/#primaryimage","url":"https:\/\/mbinitiative.org\/wp-content\/uploads\/2024\/12\/Captura-de-tela-2024-12-05-111008.png","contentUrl":"https:\/\/mbinitiative.org\/wp-content\/uploads\/2024\/12\/Captura-de-tela-2024-12-05-111008.png","width":289,"height":223},{"@type":"BreadcrumbList","@id":"https:\/\/mbinitiative.org\/investing-3-million-dollars-to-find-a-cure-for-my-sons-cancer-and-save-other-lives-business-account-2\/#breadcrumb","itemListElement":[{"@type":"ListItem","position":1,"name":"In\u00edcio","item":"https:\/\/mbinitiative.org\/"},{"@type":"ListItem","position":2,"name":"To find a cure is my life\u2019s mission"}]},{"@type":"WebSite","@id":"https:\/\/mbinitiative.org\/#website","url":"https:\/\/mbinitiative.org\/","name":"(The Medulloblastoma Initiative)","description":"Cura do Meduloblastoma Infantil","publisher":{"@id":"https:\/\/mbinitiative.org\/#organization"},"potentialAction":[{"@type":"SearchAction","target":{"@type":"EntryPoint","urlTemplate":"https:\/\/mbinitiative.org\/?s={search_term_string}"},"query-input":{"@type":"PropertyValueSpecification","valueRequired":true,"valueName":"search_term_string"}}],"inLanguage":"pt-BR"},{"@type":"Organization","@id":"https:\/\/mbinitiative.org\/#organization","name":"(The Medulloblastoma Initiative)","url":"https:\/\/mbinitiative.org\/","logo":{"@type":"ImageObject","inLanguage":"pt-BR","@id":"https:\/\/mbinitiative.org\/#\/schema\/logo\/image\/","url":"https:\/\/mbinitiative.org\/wp-content\/uploads\/2023\/10\/LOGO-MBI.png","contentUrl":"https:\/\/mbinitiative.org\/wp-content\/uploads\/2023\/10\/LOGO-MBI.png","width":354,"height":168,"caption":"The Medulloblastoma Initiative"},"image":{"@id":"https:\/\/mbinitiative.org\/#\/schema\/logo\/image\/"},"sameAs":["https:\/\/www.facebook.com\/themedulloblastomainitiative","https:\/\/www.instagram.com\/medulloblastomainitiative\/","https:\/\/www.linkedin.com\/company\/medulloblastomainitiative\/","https:\/\/www.youtube.com\/@mbinitiative"]},{"@type":"Person","@id":"https:\/\/mbinitiative.org\/#\/schema\/person\/466abe8aeac08de69ff51a723b647b7f","name":"MBI","image":{"@type":"ImageObject","inLanguage":"pt-BR","@id":"https:\/\/secure.gravatar.com\/avatar\/6446aa8591e99bf1553d89bc19db5af72fd25b4c6593ea37fd3dae05f7f06bb2?s=96&d=mm&r=g","url":"https:\/\/secure.gravatar.com\/avatar\/6446aa8591e99bf1553d89bc19db5af72fd25b4c6593ea37fd3dae05f7f06bb2?s=96&d=mm&r=g","contentUrl":"https:\/\/secure.gravatar.com\/avatar\/6446aa8591e99bf1553d89bc19db5af72fd25b4c6593ea37fd3dae05f7f06bb2?s=96&d=mm&r=g","caption":"MBI"},"url":"https:\/\/mbinitiative.org\/pt\/author\/mbi\/"}]}},"_links":{"self":[{"href":"https:\/\/mbinitiative.org\/pt\/wp-json\/wp\/v2\/pages\/2833","targetHints":{"allow":["GET"]}}],"collection":[{"href":"https:\/\/mbinitiative.org\/pt\/wp-json\/wp\/v2\/pages"}],"about":[{"href":"https:\/\/mbinitiative.org\/pt\/wp-json\/wp\/v2\/types\/page"}],"author":[{"embeddable":true,"href":"https:\/\/mbinitiative.org\/pt\/wp-json\/wp\/v2\/users\/4"}],"replies":[{"embeddable":true,"href":"https:\/\/mbinitiative.org\/pt\/wp-json\/wp\/v2\/comments?post=2833"}],"version-history":[{"count":32,"href":"https:\/\/mbinitiative.org\/pt\/wp-json\/wp\/v2\/pages\/2833\/revisions"}],"predecessor-version":[{"id":3804,"href":"https:\/\/mbinitiative.org\/pt\/wp-json\/wp\/v2\/pages\/2833\/revisions\/3804"}],"wp:featuredmedia":[{"embeddable":true,"href":"https:\/\/mbinitiative.org\/pt\/wp-json\/wp\/v2\/media\/3156"}],"wp:attachment":[{"href":"https:\/\/mbinitiative.org\/pt\/wp-json\/wp\/v2\/media?parent=2833"}],"curies":[{"name":"wp","href":"https:\/\/api.w.org\/{rel}","templated":true}]}}