{"id":2830,"date":"2024-10-16T08:10:58","date_gmt":"2024-10-16T11:10:58","guid":{"rendered":"https:\/\/mbinitiative.org\/?page_id=2830"},"modified":"2025-02-12T12:39:19","modified_gmt":"2025-02-12T15:39:19","slug":"for-other-peoples-children-finding-a-cure-for-childhood-brain-cancer","status":"publish","type":"page","link":"https:\/\/mbinitiative.org\/pt\/for-other-peoples-children-finding-a-cure-for-childhood-brain-cancer\/","title":{"rendered":"\u2018Pelos filhos dos outros\u2019. Buscando a cura para o c\u00e2ncer cerebral infantil"},"content":{"rendered":"<div data-elementor-type=\"wp-page\" data-elementor-id=\"2830\" class=\"elementor elementor-2830\" data-elementor-post-type=\"page\">\n\t\t\t\t<div class=\"elementor-element elementor-element-ea9f624 e-flex e-con-boxed e-con e-parent\" data-id=\"ea9f624\" data-element_type=\"container\" data-settings=\"{&quot;jet_parallax_layout_list&quot;:[]}\">\n\t\t\t\t\t<div class=\"e-con-inner\">\n\t\t\t\t<div class=\"elementor-element elementor-element-296b965 elementor-widget elementor-widget-heading\" data-id=\"296b965\" data-element_type=\"widget\" data-widget_type=\"heading.default\">\n\t\t\t\t<div class=\"elementor-widget-container\">\n\t\t\t\t\t<h1 class=\"elementor-heading-title elementor-size-default\">\u2018Pelos filhos dos outros\u2019. Buscando a cura para o c\u00e2ncer cerebral infantil<\/h1>\t\t\t\t<\/div>\n\t\t\t\t<\/div>\n\t\t<div class=\"elementor-element elementor-element-d560df1 e-flex e-con-boxed e-con e-child\" data-id=\"d560df1\" data-element_type=\"container\" data-settings=\"{&quot;jet_parallax_layout_list&quot;:[]}\">\n\t\t\t\t\t<div class=\"e-con-inner\">\n\t\t\t\t<div class=\"elementor-element elementor-element-d8d8b52 elementor-widget__width-auto elementor-widget elementor-widget-text-editor\" data-id=\"d8d8b52\" data-element_type=\"widget\" data-widget_type=\"text-editor.default\">\n\t\t\t\t<div class=\"elementor-widget-container\">\n\t\t\t\t\t\t\t\t\t<p>Giuliano Guandalini<\/p>\t\t\t\t\t\t\t\t<\/div>\n\t\t\t\t<\/div>\n\t\t\t\t<div class=\"elementor-element elementor-element-f6529cd elementor-widget__width-auto elementor-widget elementor-widget-text-editor\" data-id=\"f6529cd\" data-element_type=\"widget\" data-widget_type=\"text-editor.default\">\n\t\t\t\t<div class=\"elementor-widget-container\">\n\t\t\t\t\t\t\t\t\t<p>Brazil Journal \u2013 26\/02\/2023<\/p>\t\t\t\t\t\t\t\t<\/div>\n\t\t\t\t<\/div>\n\t\t\t\t\t<\/div>\n\t\t\t\t<\/div>\n\t\t\t\t<div class=\"elementor-element elementor-element-e7a7dd3 elementor-widget-divider--view-line elementor-widget elementor-widget-divider\" data-id=\"e7a7dd3\" data-element_type=\"widget\" data-widget_type=\"divider.default\">\n\t\t\t\t<div class=\"elementor-widget-container\">\n\t\t\t\t\t\t\t<div class=\"elementor-divider\">\n\t\t\t<span class=\"elementor-divider-separator\">\n\t\t\t\t\t\t<\/span>\n\t\t<\/div>\n\t\t\t\t\t\t<\/div>\n\t\t\t\t<\/div>\n\t\t<div class=\"elementor-element elementor-element-62dc264 e-flex e-con-boxed e-con e-child\" data-id=\"62dc264\" data-element_type=\"container\" data-settings=\"{&quot;jet_parallax_layout_list&quot;:[]}\">\n\t\t\t\t\t<div class=\"e-con-inner\">\n\t\t\t\t<div class=\"elementor-element elementor-element-b760b09 elementor-widget__width-initial elementor-widget-tablet__width-initial elementor-widget elementor-widget-text-editor\" data-id=\"b760b09\" data-element_type=\"widget\" data-widget_type=\"text-editor.default\">\n\t\t\t\t<div class=\"elementor-widget-container\">\n\t\t\t\t\t\t\t\t\t<p>\u201cA cada ano, 30 mil crian\u00e7as s\u00e3o diagnosticadas com essa doen\u00e7a em todo o mundo. Entre elas, 10 mil ter\u00e3o recidiva ap\u00f3s o tratamento convencional, que envolve cirurgia, radioterapia e qu\u00edmio. Dessas, 95% n\u00e3o viver\u00e3o por muito tempo e, entre (\u2026)\u201d<\/p><p>Agradecemos ao Brazil Journal e ao jornalista Giuliano Guandalini por compartilhar a nossa hist\u00f3ria.<\/p><p>A mat\u00e9ria completa voc\u00ea acessa <a href=\"https:\/\/braziljournal.com\/pelos-filhos-dos-outros-buscando-a-cura-para-o-cancer-cerebral-infantil\/\">aqui<\/a><\/p>\t\t\t\t\t\t\t\t<\/div>\n\t\t\t\t<\/div>\n\t\t\t\t<div class=\"elementor-element elementor-element-7bdf26e elementor-widget elementor-widget-image\" data-id=\"7bdf26e\" data-element_type=\"widget\" data-widget_type=\"image.default\">\n\t\t\t\t<div class=\"elementor-widget-container\">\n\t\t\t\t\t\t\t\t\t\t\t\t<figure class=\"wp-caption\">\n\t\t\t\t\t\t\t\t\t\t\t<a href=\"https:\/\/mbinitiative.org\/wp-content\/uploads\/2024\/08\/Folha_BR.pdf\">\n\t\t\t\t\t\t\t<img fetchpriority=\"high\" decoding=\"async\" width=\"989\" height=\"3821\" src=\"https:\/\/mbinitiative.org\/wp-content\/uploads\/2024\/10\/Brazil-Journal.png\" class=\"attachment-full size-full wp-image-2885\" alt=\"\" srcset=\"https:\/\/mbinitiative.org\/wp-content\/uploads\/2024\/10\/Brazil-Journal.png 989w, https:\/\/mbinitiative.org\/wp-content\/uploads\/2024\/10\/Brazil-Journal-78x300.png 78w, https:\/\/mbinitiative.org\/wp-content\/uploads\/2024\/10\/Brazil-Journal-265x1024.png 265w, https:\/\/mbinitiative.org\/wp-content\/uploads\/2024\/10\/Brazil-Journal-768x2967.png 768w, https:\/\/mbinitiative.org\/wp-content\/uploads\/2024\/10\/Brazil-Journal-530x2048.png 530w, https:\/\/mbinitiative.org\/wp-content\/uploads\/2024\/10\/Brazil-Journal-3x12.png 3w\" sizes=\"(max-width: 989px) 100vw, 989px\" \/>\t\t\t\t\t\t\t\t<\/a>\n\t\t\t\t\t\t\t\t\t\t\t<figcaption class=\"widget-image-caption wp-caption-text\">*Diagramado pela MBI<\/figcaption>\n\t\t\t\t\t\t\t\t\t\t<\/figure>\n\t\t\t\t\t\t\t\t\t<\/div>\n\t\t\t\t<\/div>\n\t\t\t\t\t<\/div>\n\t\t\t\t<\/div>\n\t\t\t\t<div class=\"elementor-element elementor-element-1b1b2a5 elementor-align-right elementor-widget elementor-widget-button\" data-id=\"1b1b2a5\" data-element_type=\"widget\" data-widget_type=\"button.default\">\n\t\t\t\t<div class=\"elementor-widget-container\">\n\t\t\t\t\t\t\t\t\t<div class=\"elementor-button-wrapper\">\n\t\t\t\t\t<a class=\"elementor-button elementor-button-link elementor-size-sm\" href=\"https:\/\/mbinitiative.org\/pt\/#namidia\">\n\t\t\t\t\t\t<span class=\"elementor-button-content-wrapper\">\n\t\t\t\t\t\t<span class=\"elementor-button-icon\">\n\t\t\t\t<i aria-hidden=\"true\" class=\"fas fa-chevron-left\"><\/i>\t\t\t<\/span>\n\t\t\t\t\t\t\t\t\t<span class=\"elementor-button-text\">Voltar<\/span>\n\t\t\t\t\t<\/span>\n\t\t\t\t\t<\/a>\n\t\t\t\t<\/div>\n\t\t\t\t\t\t\t\t<\/div>\n\t\t\t\t<\/div>\n\t\t\t\t\t<\/div>\n\t\t\t\t<\/div>\n\t\t\t\t<\/div>","protected":false},"excerpt":{"rendered":"<p>Support the search for a cure for childhood brain cancer and transform the lives of thousands of children. Learn more about The Medulloblastoma Initiative.<\/p>","protected":false},"author":4,"featured_media":3097,"parent":0,"menu_order":0,"comment_status":"closed","ping_status":"closed","template":"","meta":{"footnotes":""},"class_list":["post-2830","page","type-page","status-publish","has-post-thumbnail","hentry"],"yoast_head":"<!-- This site is optimized with the Yoast SEO plugin v26.0 - https:\/\/yoast.com\/wordpress\/plugins\/seo\/ -->\n<title>Seeking a Cure for Childhood Brain Cancer | The Medulloblastoma Initiative<\/title>\n<meta name=\"description\" content=\"Support the search for a cure for childhood brain cancer and transform the lives of thousands of children. Learn more about The Medulloblastoma Initiative.\" \/>\n<meta name=\"robots\" content=\"index, follow, max-snippet:-1, max-image-preview:large, max-video-preview:-1\" \/>\n<link rel=\"canonical\" href=\"https:\/\/mbinitiative.org\/pt\/for-other-peoples-children-finding-a-cure-for-childhood-brain-cancer\/\" \/>\n<meta property=\"og:locale\" content=\"pt_BR\" \/>\n<meta property=\"og:type\" content=\"article\" \/>\n<meta property=\"og:title\" content=\"Seeking a Cure for Childhood Brain Cancer | The Medulloblastoma Initiative\" \/>\n<meta property=\"og:description\" content=\"Support the search for a cure for childhood brain cancer and transform the lives of thousands of children. Learn more about The Medulloblastoma Initiative.\" \/>\n<meta property=\"og:url\" content=\"https:\/\/mbinitiative.org\/pt\/for-other-peoples-children-finding-a-cure-for-childhood-brain-cancer\/\" \/>\n<meta property=\"og:site_name\" content=\"The Medulloblastoma Initiative\" \/>\n<meta property=\"article:publisher\" content=\"https:\/\/www.facebook.com\/themedulloblastomainitiative\" \/>\n<meta property=\"article:modified_time\" content=\"2025-02-12T15:39:19+00:00\" \/>\n<meta property=\"og:image\" content=\"https:\/\/mbinitiative.org\/wp-content\/uploads\/2024\/11\/imagem_2024-11-26_105537222.png\" \/>\n\t<meta property=\"og:image:width\" content=\"274\" \/>\n\t<meta property=\"og:image:height\" content=\"151\" \/>\n\t<meta property=\"og:image:type\" content=\"image\/png\" \/>\n<meta name=\"twitter:card\" content=\"summary_large_image\" \/>\n<meta name=\"twitter:label1\" content=\"Est. tempo de leitura\" \/>\n\t<meta name=\"twitter:data1\" content=\"1 minuto\" \/>\n<script type=\"application\/ld+json\" class=\"yoast-schema-graph\">{\"@context\":\"https:\/\/schema.org\",\"@graph\":[{\"@type\":\"NewsArticle\",\"@id\":\"https:\/\/mbinitiative.org\/for-other-peoples-children-finding-a-cure-for-childhood-brain-cancer\/#article\",\"isPartOf\":{\"@id\":\"https:\/\/mbinitiative.org\/for-other-peoples-children-finding-a-cure-for-childhood-brain-cancer\/\"},\"author\":{\"name\":\"MBI\",\"@id\":\"https:\/\/mbinitiative.org\/#\/schema\/person\/466abe8aeac08de69ff51a723b647b7f\"},\"headline\":\"\u2018For other people\u2019s children.\u2019 Finding a cure for childhood brain cancer\",\"datePublished\":\"2024-10-16T11:10:58+00:00\",\"dateModified\":\"2025-02-12T15:39:19+00:00\",\"mainEntityOfPage\":{\"@id\":\"https:\/\/mbinitiative.org\/for-other-peoples-children-finding-a-cure-for-childhood-brain-cancer\/\"},\"wordCount\":84,\"publisher\":{\"@id\":\"https:\/\/mbinitiative.org\/#organization\"},\"image\":{\"@id\":\"https:\/\/mbinitiative.org\/for-other-peoples-children-finding-a-cure-for-childhood-brain-cancer\/#primaryimage\"},\"thumbnailUrl\":\"https:\/\/mbinitiative.org\/wp-content\/uploads\/2024\/11\/imagem_2024-11-26_105537222.png\",\"inLanguage\":\"pt-BR\"},{\"@type\":\"WebPage\",\"@id\":\"https:\/\/mbinitiative.org\/for-other-peoples-children-finding-a-cure-for-childhood-brain-cancer\/\",\"url\":\"https:\/\/mbinitiative.org\/for-other-peoples-children-finding-a-cure-for-childhood-brain-cancer\/\",\"name\":\"Seeking a Cure for Childhood Brain Cancer | The Medulloblastoma Initiative\",\"isPartOf\":{\"@id\":\"https:\/\/mbinitiative.org\/#website\"},\"primaryImageOfPage\":{\"@id\":\"https:\/\/mbinitiative.org\/for-other-peoples-children-finding-a-cure-for-childhood-brain-cancer\/#primaryimage\"},\"image\":{\"@id\":\"https:\/\/mbinitiative.org\/for-other-peoples-children-finding-a-cure-for-childhood-brain-cancer\/#primaryimage\"},\"thumbnailUrl\":\"https:\/\/mbinitiative.org\/wp-content\/uploads\/2024\/11\/imagem_2024-11-26_105537222.png\",\"datePublished\":\"2024-10-16T11:10:58+00:00\",\"dateModified\":\"2025-02-12T15:39:19+00:00\",\"description\":\"Support the search for a cure for childhood brain cancer and transform the lives of thousands of children. Learn more about The Medulloblastoma Initiative.\",\"breadcrumb\":{\"@id\":\"https:\/\/mbinitiative.org\/for-other-peoples-children-finding-a-cure-for-childhood-brain-cancer\/#breadcrumb\"},\"inLanguage\":\"pt-BR\",\"potentialAction\":[{\"@type\":\"ReadAction\",\"target\":[\"https:\/\/mbinitiative.org\/for-other-peoples-children-finding-a-cure-for-childhood-brain-cancer\/\"]}]},{\"@type\":\"ImageObject\",\"inLanguage\":\"pt-BR\",\"@id\":\"https:\/\/mbinitiative.org\/for-other-peoples-children-finding-a-cure-for-childhood-brain-cancer\/#primaryimage\",\"url\":\"https:\/\/mbinitiative.org\/wp-content\/uploads\/2024\/11\/imagem_2024-11-26_105537222.png\",\"contentUrl\":\"https:\/\/mbinitiative.org\/wp-content\/uploads\/2024\/11\/imagem_2024-11-26_105537222.png\",\"width\":274,\"height\":151},{\"@type\":\"BreadcrumbList\",\"@id\":\"https:\/\/mbinitiative.org\/for-other-peoples-children-finding-a-cure-for-childhood-brain-cancer\/#breadcrumb\",\"itemListElement\":[{\"@type\":\"ListItem\",\"position\":1,\"name\":\"In\u00edcio\",\"item\":\"https:\/\/mbinitiative.org\/\"},{\"@type\":\"ListItem\",\"position\":2,\"name\":\"\u2018For other people\u2019s children.\u2019 Finding a cure for childhood brain cancer\"}]},{\"@type\":\"WebSite\",\"@id\":\"https:\/\/mbinitiative.org\/#website\",\"url\":\"https:\/\/mbinitiative.org\/\",\"name\":\"The Medulloblastoma Initiative\",\"description\":\"Cura do Meduloblastoma Infantil\",\"publisher\":{\"@id\":\"https:\/\/mbinitiative.org\/#organization\"},\"potentialAction\":[{\"@type\":\"SearchAction\",\"target\":{\"@type\":\"EntryPoint\",\"urlTemplate\":\"https:\/\/mbinitiative.org\/?s={search_term_string}\"},\"query-input\":{\"@type\":\"PropertyValueSpecification\",\"valueRequired\":true,\"valueName\":\"search_term_string\"}}],\"inLanguage\":\"pt-BR\"},{\"@type\":\"Organization\",\"@id\":\"https:\/\/mbinitiative.org\/#organization\",\"name\":\"The Medulloblastoma Initiative\",\"url\":\"https:\/\/mbinitiative.org\/\",\"logo\":{\"@type\":\"ImageObject\",\"inLanguage\":\"pt-BR\",\"@id\":\"https:\/\/mbinitiative.org\/#\/schema\/logo\/image\/\",\"url\":\"https:\/\/mbinitiative.org\/wp-content\/uploads\/2023\/10\/LOGO-MBI.png\",\"contentUrl\":\"https:\/\/mbinitiative.org\/wp-content\/uploads\/2023\/10\/LOGO-MBI.png\",\"width\":354,\"height\":168,\"caption\":\"The Medulloblastoma Initiative\"},\"image\":{\"@id\":\"https:\/\/mbinitiative.org\/#\/schema\/logo\/image\/\"},\"sameAs\":[\"https:\/\/www.facebook.com\/themedulloblastomainitiative\",\"https:\/\/www.instagram.com\/medulloblastomainitiative\/\",\"https:\/\/www.linkedin.com\/company\/medulloblastomainitiative\/\",\"https:\/\/www.youtube.com\/@mbinitiative\"]},{\"@type\":\"Person\",\"@id\":\"https:\/\/mbinitiative.org\/#\/schema\/person\/466abe8aeac08de69ff51a723b647b7f\",\"name\":\"MBI\",\"image\":{\"@type\":\"ImageObject\",\"inLanguage\":\"pt-BR\",\"@id\":\"https:\/\/mbinitiative.org\/#\/schema\/person\/image\/\",\"url\":\"https:\/\/secure.gravatar.com\/avatar\/6446aa8591e99bf1553d89bc19db5af72fd25b4c6593ea37fd3dae05f7f06bb2?s=96&d=mm&r=g\",\"contentUrl\":\"https:\/\/secure.gravatar.com\/avatar\/6446aa8591e99bf1553d89bc19db5af72fd25b4c6593ea37fd3dae05f7f06bb2?s=96&d=mm&r=g\",\"caption\":\"MBI\"},\"url\":\"https:\/\/mbinitiative.org\/pt\/author\/mbi\/\"}]}<\/script>\n<!-- \/ Yoast SEO plugin. -->","yoast_head_json":{"title":"Buscando a cura para o c\u00e2ncer cerebral infantil | The Medulloblastoma Initiative","description":"Support the search for a cure for childhood brain cancer and transform the lives of thousands of children. Learn more about The Medulloblastoma Initiative.","robots":{"index":"index","follow":"follow","max-snippet":"max-snippet:-1","max-image-preview":"max-image-preview:large","max-video-preview":"max-video-preview:-1"},"canonical":"https:\/\/mbinitiative.org\/pt\/for-other-peoples-children-finding-a-cure-for-childhood-brain-cancer\/","og_locale":"pt_BR","og_type":"article","og_title":"Seeking a Cure for Childhood Brain Cancer | The Medulloblastoma Initiative","og_description":"Support the search for a cure for childhood brain cancer and transform the lives of thousands of children. Learn more about The Medulloblastoma Initiative.","og_url":"https:\/\/mbinitiative.org\/pt\/for-other-peoples-children-finding-a-cure-for-childhood-brain-cancer\/","og_site_name":"The Medulloblastoma Initiative","article_publisher":"https:\/\/www.facebook.com\/themedulloblastomainitiative","article_modified_time":"2025-02-12T15:39:19+00:00","og_image":[{"width":274,"height":151,"url":"https:\/\/mbinitiative.org\/wp-content\/uploads\/2024\/11\/imagem_2024-11-26_105537222.png","type":"image\/png"}],"twitter_card":"summary_large_image","twitter_misc":{"Est. tempo de leitura":"1 minuto"},"schema":{"@context":"https:\/\/schema.org","@graph":[{"@type":"NewsArticle","@id":"https:\/\/mbinitiative.org\/for-other-peoples-children-finding-a-cure-for-childhood-brain-cancer\/#article","isPartOf":{"@id":"https:\/\/mbinitiative.org\/for-other-peoples-children-finding-a-cure-for-childhood-brain-cancer\/"},"author":{"name":"MBI","@id":"https:\/\/mbinitiative.org\/#\/schema\/person\/466abe8aeac08de69ff51a723b647b7f"},"headline":"\u2018For other people\u2019s children.\u2019 Finding a cure for childhood brain cancer","datePublished":"2024-10-16T11:10:58+00:00","dateModified":"2025-02-12T15:39:19+00:00","mainEntityOfPage":{"@id":"https:\/\/mbinitiative.org\/for-other-peoples-children-finding-a-cure-for-childhood-brain-cancer\/"},"wordCount":84,"publisher":{"@id":"https:\/\/mbinitiative.org\/#organization"},"image":{"@id":"https:\/\/mbinitiative.org\/for-other-peoples-children-finding-a-cure-for-childhood-brain-cancer\/#primaryimage"},"thumbnailUrl":"https:\/\/mbinitiative.org\/wp-content\/uploads\/2024\/11\/imagem_2024-11-26_105537222.png","inLanguage":"pt-BR"},{"@type":"WebPage","@id":"https:\/\/mbinitiative.org\/for-other-peoples-children-finding-a-cure-for-childhood-brain-cancer\/","url":"https:\/\/mbinitiative.org\/for-other-peoples-children-finding-a-cure-for-childhood-brain-cancer\/","name":"Buscando a cura para o c\u00e2ncer cerebral infantil | The Medulloblastoma Initiative","isPartOf":{"@id":"https:\/\/mbinitiative.org\/#website"},"primaryImageOfPage":{"@id":"https:\/\/mbinitiative.org\/for-other-peoples-children-finding-a-cure-for-childhood-brain-cancer\/#primaryimage"},"image":{"@id":"https:\/\/mbinitiative.org\/for-other-peoples-children-finding-a-cure-for-childhood-brain-cancer\/#primaryimage"},"thumbnailUrl":"https:\/\/mbinitiative.org\/wp-content\/uploads\/2024\/11\/imagem_2024-11-26_105537222.png","datePublished":"2024-10-16T11:10:58+00:00","dateModified":"2025-02-12T15:39:19+00:00","description":"Support the search for a cure for childhood brain cancer and transform the lives of thousands of children. Learn more about The Medulloblastoma Initiative.","breadcrumb":{"@id":"https:\/\/mbinitiative.org\/for-other-peoples-children-finding-a-cure-for-childhood-brain-cancer\/#breadcrumb"},"inLanguage":"pt-BR","potentialAction":[{"@type":"ReadAction","target":["https:\/\/mbinitiative.org\/for-other-peoples-children-finding-a-cure-for-childhood-brain-cancer\/"]}]},{"@type":"ImageObject","inLanguage":"pt-BR","@id":"https:\/\/mbinitiative.org\/for-other-peoples-children-finding-a-cure-for-childhood-brain-cancer\/#primaryimage","url":"https:\/\/mbinitiative.org\/wp-content\/uploads\/2024\/11\/imagem_2024-11-26_105537222.png","contentUrl":"https:\/\/mbinitiative.org\/wp-content\/uploads\/2024\/11\/imagem_2024-11-26_105537222.png","width":274,"height":151},{"@type":"BreadcrumbList","@id":"https:\/\/mbinitiative.org\/for-other-peoples-children-finding-a-cure-for-childhood-brain-cancer\/#breadcrumb","itemListElement":[{"@type":"ListItem","position":1,"name":"In\u00edcio","item":"https:\/\/mbinitiative.org\/"},{"@type":"ListItem","position":2,"name":"\u2018For other people\u2019s children.\u2019 Finding a cure for childhood brain cancer"}]},{"@type":"WebSite","@id":"https:\/\/mbinitiative.org\/#website","url":"https:\/\/mbinitiative.org\/","name":"(The Medulloblastoma Initiative)","description":"Cura do Meduloblastoma Infantil","publisher":{"@id":"https:\/\/mbinitiative.org\/#organization"},"potentialAction":[{"@type":"SearchAction","target":{"@type":"EntryPoint","urlTemplate":"https:\/\/mbinitiative.org\/?s={search_term_string}"},"query-input":{"@type":"PropertyValueSpecification","valueRequired":true,"valueName":"search_term_string"}}],"inLanguage":"pt-BR"},{"@type":"Organization","@id":"https:\/\/mbinitiative.org\/#organization","name":"(The Medulloblastoma Initiative)","url":"https:\/\/mbinitiative.org\/","logo":{"@type":"ImageObject","inLanguage":"pt-BR","@id":"https:\/\/mbinitiative.org\/#\/schema\/logo\/image\/","url":"https:\/\/mbinitiative.org\/wp-content\/uploads\/2023\/10\/LOGO-MBI.png","contentUrl":"https:\/\/mbinitiative.org\/wp-content\/uploads\/2023\/10\/LOGO-MBI.png","width":354,"height":168,"caption":"The Medulloblastoma Initiative"},"image":{"@id":"https:\/\/mbinitiative.org\/#\/schema\/logo\/image\/"},"sameAs":["https:\/\/www.facebook.com\/themedulloblastomainitiative","https:\/\/www.instagram.com\/medulloblastomainitiative\/","https:\/\/www.linkedin.com\/company\/medulloblastomainitiative\/","https:\/\/www.youtube.com\/@mbinitiative"]},{"@type":"Person","@id":"https:\/\/mbinitiative.org\/#\/schema\/person\/466abe8aeac08de69ff51a723b647b7f","name":"MBI","image":{"@type":"ImageObject","inLanguage":"pt-BR","@id":"https:\/\/mbinitiative.org\/#\/schema\/person\/image\/","url":"https:\/\/secure.gravatar.com\/avatar\/6446aa8591e99bf1553d89bc19db5af72fd25b4c6593ea37fd3dae05f7f06bb2?s=96&d=mm&r=g","contentUrl":"https:\/\/secure.gravatar.com\/avatar\/6446aa8591e99bf1553d89bc19db5af72fd25b4c6593ea37fd3dae05f7f06bb2?s=96&d=mm&r=g","caption":"MBI"},"url":"https:\/\/mbinitiative.org\/pt\/author\/mbi\/"}]}},"_links":{"self":[{"href":"https:\/\/mbinitiative.org\/pt\/wp-json\/wp\/v2\/pages\/2830","targetHints":{"allow":["GET"]}}],"collection":[{"href":"https:\/\/mbinitiative.org\/pt\/wp-json\/wp\/v2\/pages"}],"about":[{"href":"https:\/\/mbinitiative.org\/pt\/wp-json\/wp\/v2\/types\/page"}],"author":[{"embeddable":true,"href":"https:\/\/mbinitiative.org\/pt\/wp-json\/wp\/v2\/users\/4"}],"replies":[{"embeddable":true,"href":"https:\/\/mbinitiative.org\/pt\/wp-json\/wp\/v2\/comments?post=2830"}],"version-history":[{"count":20,"href":"https:\/\/mbinitiative.org\/pt\/wp-json\/wp\/v2\/pages\/2830\/revisions"}],"predecessor-version":[{"id":3677,"href":"https:\/\/mbinitiative.org\/pt\/wp-json\/wp\/v2\/pages\/2830\/revisions\/3677"}],"wp:featuredmedia":[{"embeddable":true,"href":"https:\/\/mbinitiative.org\/pt\/wp-json\/wp\/v2\/media\/3097"}],"wp:attachment":[{"href":"https:\/\/mbinitiative.org\/pt\/wp-json\/wp\/v2\/media?parent=2830"}],"curies":[{"name":"wp","href":"https:\/\/api.w.org\/{rel}","templated":true}]}}