{"id":2056,"date":"2024-04-29T21:57:49","date_gmt":"2024-04-30T00:57:49","guid":{"rendered":"https:\/\/mbinitiative.org\/?page_id=2056"},"modified":"2025-01-20T14:22:53","modified_gmt":"2025-01-20T17:22:53","slug":"pai-luta-para-encontrar-cura-para-o-cancer-de-seu-filho","status":"publish","type":"page","link":"https:\/\/mbinitiative.org\/pt\/pai-luta-para-encontrar-cura-para-o-cancer-de-seu-filho\/","title":{"rendered":"Father fights to find cure for his son\u2019s cancer"},"content":{"rendered":"<div data-elementor-type=\"wp-page\" data-elementor-id=\"2056\" class=\"elementor elementor-2056\" data-elementor-post-type=\"page\">\n\t\t\t\t<div class=\"elementor-element elementor-element-ea9f624 e-flex e-con-boxed e-con e-parent\" data-id=\"ea9f624\" data-element_type=\"container\" data-settings=\"{&quot;jet_parallax_layout_list&quot;:[]}\">\n\t\t\t\t\t<div class=\"e-con-inner\">\n\t\t\t\t<div class=\"elementor-element elementor-element-bfe76a7 elementor-widget elementor-widget-image\" data-id=\"bfe76a7\" data-element_type=\"widget\" data-widget_type=\"image.default\">\n\t\t\t\t<div class=\"elementor-widget-container\">\n\t\t\t\t\t\t\t\t\t\t\t\t\t\t\t<img fetchpriority=\"high\" decoding=\"async\" width=\"2560\" height=\"2133\" src=\"https:\/\/mbinitiative.org\/wp-content\/uploads\/2024\/04\/Fox-News-1.png\" class=\"attachment-full size-full wp-image-2033\" alt=\"\" srcset=\"https:\/\/mbinitiative.org\/wp-content\/uploads\/2024\/04\/Fox-News-1.png 2560w, https:\/\/mbinitiative.org\/wp-content\/uploads\/2024\/04\/Fox-News-1-300x250.png 300w, https:\/\/mbinitiative.org\/wp-content\/uploads\/2024\/04\/Fox-News-1-1024x853.png 1024w, https:\/\/mbinitiative.org\/wp-content\/uploads\/2024\/04\/Fox-News-1-768x640.png 768w\" sizes=\"(max-width: 2560px) 100vw, 2560px\" \/>\t\t\t\t\t\t\t\t\t\t\t\t\t\t\t<\/div>\n\t\t\t\t<\/div>\n\t\t<div class=\"elementor-element elementor-element-d560df1 e-flex e-con-boxed e-con e-child\" data-id=\"d560df1\" data-element_type=\"container\" data-settings=\"{&quot;jet_parallax_layout_list&quot;:[]}\">\n\t\t\t\t\t<div class=\"e-con-inner\">\n\t\t\t\t<div class=\"elementor-element elementor-element-d8d8b52 elementor-widget__width-auto elementor-widget elementor-widget-text-editor\" data-id=\"d8d8b52\" data-element_type=\"widget\" data-widget_type=\"text-editor.default\">\n\t\t\t\t<div class=\"elementor-widget-container\">\n\t\t\t\t\t\t\t\t\t<p>Por Jennifer Griffin<\/p>\t\t\t\t\t\t\t\t<\/div>\n\t\t\t\t<\/div>\n\t\t\t\t<div class=\"elementor-element elementor-element-f6529cd elementor-widget__width-auto elementor-widget elementor-widget-text-editor\" data-id=\"f6529cd\" data-element_type=\"widget\" data-widget_type=\"text-editor.default\">\n\t\t\t\t<div class=\"elementor-widget-container\">\n\t\t\t\t\t\t\t\t\t<p>Fox News \u2013 11\/04\/2024<\/p>\t\t\t\t\t\t\t\t<\/div>\n\t\t\t\t<\/div>\n\t\t\t\t\t<\/div>\n\t\t\t\t<\/div>\n\t\t\t\t<div class=\"elementor-element elementor-element-296b965 elementor-widget elementor-widget-heading\" data-id=\"296b965\" data-element_type=\"widget\" data-widget_type=\"heading.default\">\n\t\t\t\t<div class=\"elementor-widget-container\">\n\t\t\t\t\t<h2 class=\"elementor-heading-title elementor-size-default\">Pai luta para encontrar cura para o c\u00e2ncer de seu filho<\/h2>\t\t\t\t<\/div>\n\t\t\t\t<\/div>\n\t\t\t\t<div class=\"elementor-element elementor-element-e7a7dd3 elementor-widget-divider--view-line elementor-widget elementor-widget-divider\" data-id=\"e7a7dd3\" data-element_type=\"widget\" data-widget_type=\"divider.default\">\n\t\t\t\t<div class=\"elementor-widget-container\">\n\t\t\t\t\t\t\t<div class=\"elementor-divider\">\n\t\t\t<span class=\"elementor-divider-separator\">\n\t\t\t\t\t\t<\/span>\n\t\t<\/div>\n\t\t\t\t\t\t<\/div>\n\t\t\t\t<\/div>\n\t\t<div class=\"elementor-element elementor-element-d696b2b e-flex e-con-boxed e-con e-child\" data-id=\"d696b2b\" data-element_type=\"container\" data-settings=\"{&quot;jet_parallax_layout_list&quot;:[]}\">\n\t\t\t\t\t<div class=\"e-con-inner\">\n\t\t<div class=\"elementor-element elementor-element-6ad6398 e-flex e-con-boxed e-con e-child\" data-id=\"6ad6398\" data-element_type=\"container\" data-settings=\"{&quot;jet_parallax_layout_list&quot;:[]}\">\n\t\t\t\t\t<div class=\"e-con-inner\">\n\t\t\t\t<div class=\"elementor-element elementor-element-a497b3f elementor-widget elementor-widget-text-editor\" data-id=\"a497b3f\" data-element_type=\"widget\" data-widget_type=\"text-editor.default\">\n\t\t\t\t<div class=\"elementor-widget-container\">\n\t\t\t\t\t\t\t\t\t<p>Jennifer Griffin (Fox News) relata sobre Fernando Goldsztein e os esfor\u00e7os da Medulloblastoma Initiative para combater a forma mais comum de c\u00e2ncer cerebral pedi\u00e1trico.<\/p><p>Veja a mat\u00e9ria completa<span class=\"Y2IQFc\" lang=\"pt\"> aqui: <\/span><strong><span class=\"Y2IQFc\" lang=\"pt\"><a href=\"https:\/\/www.foxnews.com\/world\/father-fights-find-cure-for-sons-cancer\">Fox News (em ingl\u00eas)\u00a0<\/a><\/span><\/strong><\/p>\t\t\t\t\t\t\t\t<\/div>\n\t\t\t\t<\/div>\n\t\t\t\t\t<\/div>\n\t\t\t\t<\/div>\n\t\t\t\t\t<\/div>\n\t\t\t\t<\/div>\n\t\t\t\t<div class=\"elementor-element elementor-element-1b1b2a5 elementor-align-right elementor-widget elementor-widget-button\" data-id=\"1b1b2a5\" data-element_type=\"widget\" data-widget_type=\"button.default\">\n\t\t\t\t<div class=\"elementor-widget-container\">\n\t\t\t\t\t\t\t\t\t<div class=\"elementor-button-wrapper\">\n\t\t\t\t\t<a class=\"elementor-button elementor-button-link elementor-size-sm\" href=\"https:\/\/mbinitiative.org\/pt\/#namidia\">\n\t\t\t\t\t\t<span class=\"elementor-button-content-wrapper\">\n\t\t\t\t\t\t<span class=\"elementor-button-icon\">\n\t\t\t\t<i aria-hidden=\"true\" class=\"fas fa-chevron-left\"><\/i>\t\t\t<\/span>\n\t\t\t\t\t\t\t\t\t<span class=\"elementor-button-text\">VOLTAR<\/span>\n\t\t\t\t\t<\/span>\n\t\t\t\t\t<\/a>\n\t\t\t\t<\/div>\n\t\t\t\t\t\t\t\t<\/div>\n\t\t\t\t<\/div>\n\t\t\t\t\t<\/div>\n\t\t\t\t<\/div>\n\t\t\t\t<\/div>","protected":false},"excerpt":{"rendered":"<p>Discover the inspiring story of a father who fights to cure his son&#8217;s cancer and supports research with The Medulloblastoma Initiative.<\/p>","protected":false},"author":4,"featured_media":3111,"parent":0,"menu_order":0,"comment_status":"closed","ping_status":"closed","template":"","meta":{"footnotes":""},"class_list":["post-2056","page","type-page","status-publish","has-post-thumbnail","hentry"],"yoast_head":"<!-- This site is optimized with the Yoast SEO plugin v26.0 - https:\/\/yoast.com\/wordpress\/plugins\/seo\/ -->\n<title>The fight for a cure for the son&#039;s cancer | The Medulloblastoma Initiative<\/title>\n<meta name=\"description\" content=\"Discover the inspiring story of a father who fights to cure his son&#039;s cancer and supports research with The Medulloblastoma Initiative.\" \/>\n<meta name=\"robots\" content=\"index, follow, max-snippet:-1, max-image-preview:large, max-video-preview:-1\" \/>\n<link rel=\"canonical\" href=\"https:\/\/mbinitiative.org\/pt\/pai-luta-para-encontrar-cura-para-o-cancer-de-seu-filho\/\" \/>\n<meta property=\"og:locale\" content=\"pt_BR\" \/>\n<meta property=\"og:type\" content=\"article\" \/>\n<meta property=\"og:title\" content=\"The fight for a cure for the son&#039;s cancer | The Medulloblastoma Initiative\" \/>\n<meta property=\"og:description\" content=\"Discover the inspiring story of a father who fights to cure his son&#039;s cancer and supports research with The Medulloblastoma Initiative.\" \/>\n<meta property=\"og:url\" content=\"https:\/\/mbinitiative.org\/pt\/pai-luta-para-encontrar-cura-para-o-cancer-de-seu-filho\/\" \/>\n<meta property=\"og:site_name\" content=\"The Medulloblastoma Initiative\" \/>\n<meta property=\"article:publisher\" content=\"https:\/\/www.facebook.com\/themedulloblastomainitiative\" \/>\n<meta property=\"article:modified_time\" content=\"2025-01-20T17:22:53+00:00\" \/>\n<meta property=\"og:image\" content=\"https:\/\/mbinitiative.org\/wp-content\/uploads\/2024\/11\/Captura-de-tela-2024-11-26-110542.png\" \/>\n\t<meta property=\"og:image:width\" content=\"435\" \/>\n\t<meta property=\"og:image:height\" content=\"288\" \/>\n\t<meta property=\"og:image:type\" content=\"image\/png\" \/>\n<meta name=\"twitter:card\" content=\"summary_large_image\" \/>\n<meta name=\"twitter:label1\" content=\"Est. tempo de leitura\" \/>\n\t<meta name=\"twitter:data1\" content=\"1 minuto\" \/>\n<script type=\"application\/ld+json\" class=\"yoast-schema-graph\">{\"@context\":\"https:\/\/schema.org\",\"@graph\":[{\"@type\":\"NewsArticle\",\"@id\":\"https:\/\/mbinitiative.org\/father-fights-to-find-cure-for-his-sons-cancer\/#article\",\"isPartOf\":{\"@id\":\"https:\/\/mbinitiative.org\/father-fights-to-find-cure-for-his-sons-cancer\/\"},\"author\":{\"name\":\"MBI\",\"@id\":\"https:\/\/mbinitiative.org\/#\/schema\/person\/466abe8aeac08de69ff51a723b647b7f\"},\"headline\":\"Father fights to find cure for his son\u2019s cancer\",\"datePublished\":\"2024-04-30T00:57:49+00:00\",\"dateModified\":\"2025-01-20T17:22:53+00:00\",\"mainEntityOfPage\":{\"@id\":\"https:\/\/mbinitiative.org\/father-fights-to-find-cure-for-his-sons-cancer\/\"},\"wordCount\":57,\"publisher\":{\"@id\":\"https:\/\/mbinitiative.org\/#organization\"},\"image\":{\"@id\":\"https:\/\/mbinitiative.org\/father-fights-to-find-cure-for-his-sons-cancer\/#primaryimage\"},\"thumbnailUrl\":\"https:\/\/mbinitiative.org\/wp-content\/uploads\/2024\/11\/Captura-de-tela-2024-11-26-110542.png\",\"inLanguage\":\"pt-BR\"},{\"@type\":\"WebPage\",\"@id\":\"https:\/\/mbinitiative.org\/father-fights-to-find-cure-for-his-sons-cancer\/\",\"url\":\"https:\/\/mbinitiative.org\/father-fights-to-find-cure-for-his-sons-cancer\/\",\"name\":\"The fight for a cure for the son's cancer | The Medulloblastoma Initiative\",\"isPartOf\":{\"@id\":\"https:\/\/mbinitiative.org\/#website\"},\"primaryImageOfPage\":{\"@id\":\"https:\/\/mbinitiative.org\/father-fights-to-find-cure-for-his-sons-cancer\/#primaryimage\"},\"image\":{\"@id\":\"https:\/\/mbinitiative.org\/father-fights-to-find-cure-for-his-sons-cancer\/#primaryimage\"},\"thumbnailUrl\":\"https:\/\/mbinitiative.org\/wp-content\/uploads\/2024\/11\/Captura-de-tela-2024-11-26-110542.png\",\"datePublished\":\"2024-04-30T00:57:49+00:00\",\"dateModified\":\"2025-01-20T17:22:53+00:00\",\"description\":\"Discover the inspiring story of a father who fights to cure his son's cancer and supports research with The Medulloblastoma Initiative.\",\"breadcrumb\":{\"@id\":\"https:\/\/mbinitiative.org\/father-fights-to-find-cure-for-his-sons-cancer\/#breadcrumb\"},\"inLanguage\":\"pt-BR\",\"potentialAction\":[{\"@type\":\"ReadAction\",\"target\":[\"https:\/\/mbinitiative.org\/father-fights-to-find-cure-for-his-sons-cancer\/\"]}]},{\"@type\":\"ImageObject\",\"inLanguage\":\"pt-BR\",\"@id\":\"https:\/\/mbinitiative.org\/father-fights-to-find-cure-for-his-sons-cancer\/#primaryimage\",\"url\":\"https:\/\/mbinitiative.org\/wp-content\/uploads\/2024\/11\/Captura-de-tela-2024-11-26-110542.png\",\"contentUrl\":\"https:\/\/mbinitiative.org\/wp-content\/uploads\/2024\/11\/Captura-de-tela-2024-11-26-110542.png\",\"width\":435,\"height\":288},{\"@type\":\"BreadcrumbList\",\"@id\":\"https:\/\/mbinitiative.org\/father-fights-to-find-cure-for-his-sons-cancer\/#breadcrumb\",\"itemListElement\":[{\"@type\":\"ListItem\",\"position\":1,\"name\":\"In\u00edcio\",\"item\":\"https:\/\/mbinitiative.org\/\"},{\"@type\":\"ListItem\",\"position\":2,\"name\":\"Father fights to find cure for his son\u2019s cancer\"}]},{\"@type\":\"WebSite\",\"@id\":\"https:\/\/mbinitiative.org\/#website\",\"url\":\"https:\/\/mbinitiative.org\/\",\"name\":\"The Medulloblastoma Initiative\",\"description\":\"Cura do Meduloblastoma Infantil\",\"publisher\":{\"@id\":\"https:\/\/mbinitiative.org\/#organization\"},\"potentialAction\":[{\"@type\":\"SearchAction\",\"target\":{\"@type\":\"EntryPoint\",\"urlTemplate\":\"https:\/\/mbinitiative.org\/?s={search_term_string}\"},\"query-input\":{\"@type\":\"PropertyValueSpecification\",\"valueRequired\":true,\"valueName\":\"search_term_string\"}}],\"inLanguage\":\"pt-BR\"},{\"@type\":\"Organization\",\"@id\":\"https:\/\/mbinitiative.org\/#organization\",\"name\":\"The Medulloblastoma Initiative\",\"url\":\"https:\/\/mbinitiative.org\/\",\"logo\":{\"@type\":\"ImageObject\",\"inLanguage\":\"pt-BR\",\"@id\":\"https:\/\/mbinitiative.org\/#\/schema\/logo\/image\/\",\"url\":\"https:\/\/mbinitiative.org\/wp-content\/uploads\/2023\/10\/LOGO-MBI.png\",\"contentUrl\":\"https:\/\/mbinitiative.org\/wp-content\/uploads\/2023\/10\/LOGO-MBI.png\",\"width\":354,\"height\":168,\"caption\":\"The Medulloblastoma Initiative\"},\"image\":{\"@id\":\"https:\/\/mbinitiative.org\/#\/schema\/logo\/image\/\"},\"sameAs\":[\"https:\/\/www.facebook.com\/themedulloblastomainitiative\",\"https:\/\/www.instagram.com\/medulloblastomainitiative\/\",\"https:\/\/www.linkedin.com\/company\/medulloblastomainitiative\/\",\"https:\/\/www.youtube.com\/@mbinitiative\"]},{\"@type\":\"Person\",\"@id\":\"https:\/\/mbinitiative.org\/#\/schema\/person\/466abe8aeac08de69ff51a723b647b7f\",\"name\":\"MBI\",\"image\":{\"@type\":\"ImageObject\",\"inLanguage\":\"pt-BR\",\"@id\":\"https:\/\/mbinitiative.org\/#\/schema\/person\/image\/\",\"url\":\"https:\/\/secure.gravatar.com\/avatar\/6446aa8591e99bf1553d89bc19db5af72fd25b4c6593ea37fd3dae05f7f06bb2?s=96&d=mm&r=g\",\"contentUrl\":\"https:\/\/secure.gravatar.com\/avatar\/6446aa8591e99bf1553d89bc19db5af72fd25b4c6593ea37fd3dae05f7f06bb2?s=96&d=mm&r=g\",\"caption\":\"MBI\"},\"url\":\"https:\/\/mbinitiative.org\/pt\/author\/mbi\/\"}]}<\/script>\n<!-- \/ Yoast SEO plugin. -->","yoast_head_json":{"title":"Pai luta para encontrar cura para o c\u00e2ncer de seu filho | The Medulloblastoma Initiative","description":"Discover the inspiring story of a father who fights to cure his son's cancer and supports research with The Medulloblastoma Initiative.","robots":{"index":"index","follow":"follow","max-snippet":"max-snippet:-1","max-image-preview":"max-image-preview:large","max-video-preview":"max-video-preview:-1"},"canonical":"https:\/\/mbinitiative.org\/pt\/pai-luta-para-encontrar-cura-para-o-cancer-de-seu-filho\/","og_locale":"pt_BR","og_type":"article","og_title":"The fight for a cure for the son's cancer | The Medulloblastoma Initiative","og_description":"Discover the inspiring story of a father who fights to cure his son's cancer and supports research with The Medulloblastoma Initiative.","og_url":"https:\/\/mbinitiative.org\/pt\/pai-luta-para-encontrar-cura-para-o-cancer-de-seu-filho\/","og_site_name":"The Medulloblastoma Initiative","article_publisher":"https:\/\/www.facebook.com\/themedulloblastomainitiative","article_modified_time":"2025-01-20T17:22:53+00:00","og_image":[{"width":435,"height":288,"url":"https:\/\/mbinitiative.org\/wp-content\/uploads\/2024\/11\/Captura-de-tela-2024-11-26-110542.png","type":"image\/png"}],"twitter_card":"summary_large_image","twitter_misc":{"Est. tempo de leitura":"1 minuto"},"schema":{"@context":"https:\/\/schema.org","@graph":[{"@type":"NewsArticle","@id":"https:\/\/mbinitiative.org\/father-fights-to-find-cure-for-his-sons-cancer\/#article","isPartOf":{"@id":"https:\/\/mbinitiative.org\/father-fights-to-find-cure-for-his-sons-cancer\/"},"author":{"name":"MBI","@id":"https:\/\/mbinitiative.org\/#\/schema\/person\/466abe8aeac08de69ff51a723b647b7f"},"headline":"Father fights to find cure for his son\u2019s cancer","datePublished":"2024-04-30T00:57:49+00:00","dateModified":"2025-01-20T17:22:53+00:00","mainEntityOfPage":{"@id":"https:\/\/mbinitiative.org\/father-fights-to-find-cure-for-his-sons-cancer\/"},"wordCount":57,"publisher":{"@id":"https:\/\/mbinitiative.org\/#organization"},"image":{"@id":"https:\/\/mbinitiative.org\/father-fights-to-find-cure-for-his-sons-cancer\/#primaryimage"},"thumbnailUrl":"https:\/\/mbinitiative.org\/wp-content\/uploads\/2024\/11\/Captura-de-tela-2024-11-26-110542.png","inLanguage":"pt-BR"},{"@type":"WebPage","@id":"https:\/\/mbinitiative.org\/father-fights-to-find-cure-for-his-sons-cancer\/","url":"https:\/\/mbinitiative.org\/father-fights-to-find-cure-for-his-sons-cancer\/","name":"Pai luta para encontrar cura para o c\u00e2ncer de seu filho | The Medulloblastoma Initiative","isPartOf":{"@id":"https:\/\/mbinitiative.org\/#website"},"primaryImageOfPage":{"@id":"https:\/\/mbinitiative.org\/father-fights-to-find-cure-for-his-sons-cancer\/#primaryimage"},"image":{"@id":"https:\/\/mbinitiative.org\/father-fights-to-find-cure-for-his-sons-cancer\/#primaryimage"},"thumbnailUrl":"https:\/\/mbinitiative.org\/wp-content\/uploads\/2024\/11\/Captura-de-tela-2024-11-26-110542.png","datePublished":"2024-04-30T00:57:49+00:00","dateModified":"2025-01-20T17:22:53+00:00","description":"Discover the inspiring story of a father who fights to cure his son's cancer and supports research with The Medulloblastoma Initiative.","breadcrumb":{"@id":"https:\/\/mbinitiative.org\/father-fights-to-find-cure-for-his-sons-cancer\/#breadcrumb"},"inLanguage":"pt-BR","potentialAction":[{"@type":"ReadAction","target":["https:\/\/mbinitiative.org\/father-fights-to-find-cure-for-his-sons-cancer\/"]}]},{"@type":"ImageObject","inLanguage":"pt-BR","@id":"https:\/\/mbinitiative.org\/father-fights-to-find-cure-for-his-sons-cancer\/#primaryimage","url":"https:\/\/mbinitiative.org\/wp-content\/uploads\/2024\/11\/Captura-de-tela-2024-11-26-110542.png","contentUrl":"https:\/\/mbinitiative.org\/wp-content\/uploads\/2024\/11\/Captura-de-tela-2024-11-26-110542.png","width":435,"height":288},{"@type":"BreadcrumbList","@id":"https:\/\/mbinitiative.org\/father-fights-to-find-cure-for-his-sons-cancer\/#breadcrumb","itemListElement":[{"@type":"ListItem","position":1,"name":"In\u00edcio","item":"https:\/\/mbinitiative.org\/"},{"@type":"ListItem","position":2,"name":"Father fights to find cure for his son\u2019s cancer"}]},{"@type":"WebSite","@id":"https:\/\/mbinitiative.org\/#website","url":"https:\/\/mbinitiative.org\/","name":"(The Medulloblastoma Initiative)","description":"Cura do Meduloblastoma Infantil","publisher":{"@id":"https:\/\/mbinitiative.org\/#organization"},"potentialAction":[{"@type":"SearchAction","target":{"@type":"EntryPoint","urlTemplate":"https:\/\/mbinitiative.org\/?s={search_term_string}"},"query-input":{"@type":"PropertyValueSpecification","valueRequired":true,"valueName":"search_term_string"}}],"inLanguage":"pt-BR"},{"@type":"Organization","@id":"https:\/\/mbinitiative.org\/#organization","name":"(The Medulloblastoma Initiative)","url":"https:\/\/mbinitiative.org\/","logo":{"@type":"ImageObject","inLanguage":"pt-BR","@id":"https:\/\/mbinitiative.org\/#\/schema\/logo\/image\/","url":"https:\/\/mbinitiative.org\/wp-content\/uploads\/2023\/10\/LOGO-MBI.png","contentUrl":"https:\/\/mbinitiative.org\/wp-content\/uploads\/2023\/10\/LOGO-MBI.png","width":354,"height":168,"caption":"The Medulloblastoma Initiative"},"image":{"@id":"https:\/\/mbinitiative.org\/#\/schema\/logo\/image\/"},"sameAs":["https:\/\/www.facebook.com\/themedulloblastomainitiative","https:\/\/www.instagram.com\/medulloblastomainitiative\/","https:\/\/www.linkedin.com\/company\/medulloblastomainitiative\/","https:\/\/www.youtube.com\/@mbinitiative"]},{"@type":"Person","@id":"https:\/\/mbinitiative.org\/#\/schema\/person\/466abe8aeac08de69ff51a723b647b7f","name":"MBI","image":{"@type":"ImageObject","inLanguage":"pt-BR","@id":"https:\/\/mbinitiative.org\/#\/schema\/person\/image\/","url":"https:\/\/secure.gravatar.com\/avatar\/6446aa8591e99bf1553d89bc19db5af72fd25b4c6593ea37fd3dae05f7f06bb2?s=96&d=mm&r=g","contentUrl":"https:\/\/secure.gravatar.com\/avatar\/6446aa8591e99bf1553d89bc19db5af72fd25b4c6593ea37fd3dae05f7f06bb2?s=96&d=mm&r=g","caption":"MBI"},"url":"https:\/\/mbinitiative.org\/pt\/author\/mbi\/"}]}},"_links":{"self":[{"href":"https:\/\/mbinitiative.org\/pt\/wp-json\/wp\/v2\/pages\/2056","targetHints":{"allow":["GET"]}}],"collection":[{"href":"https:\/\/mbinitiative.org\/pt\/wp-json\/wp\/v2\/pages"}],"about":[{"href":"https:\/\/mbinitiative.org\/pt\/wp-json\/wp\/v2\/types\/page"}],"author":[{"embeddable":true,"href":"https:\/\/mbinitiative.org\/pt\/wp-json\/wp\/v2\/users\/4"}],"replies":[{"embeddable":true,"href":"https:\/\/mbinitiative.org\/pt\/wp-json\/wp\/v2\/comments?post=2056"}],"version-history":[{"count":19,"href":"https:\/\/mbinitiative.org\/pt\/wp-json\/wp\/v2\/pages\/2056\/revisions"}],"predecessor-version":[{"id":3731,"href":"https:\/\/mbinitiative.org\/pt\/wp-json\/wp\/v2\/pages\/2056\/revisions\/3731"}],"wp:featuredmedia":[{"embeddable":true,"href":"https:\/\/mbinitiative.org\/pt\/wp-json\/wp\/v2\/media\/3111"}],"wp:attachment":[{"href":"https:\/\/mbinitiative.org\/pt\/wp-json\/wp\/v2\/media?parent=2056"}],"curies":[{"name":"wp","href":"https:\/\/api.w.org\/{rel}","templated":true}]}}