{"id":199,"date":"2023-10-02T16:48:30","date_gmt":"2023-10-02T19:48:30","guid":{"rendered":"http:\/\/an1-homologacao.com.br\/?page_id=199"},"modified":"2025-09-03T14:12:29","modified_gmt":"2025-09-03T17:12:29","slug":"como-apoiar-2","status":"publish","type":"page","link":"https:\/\/mbinitiative.org\/pt\/como-apoiar-2\/","title":{"rendered":"How to support"},"content":{"rendered":"<div data-elementor-type=\"wp-page\" data-elementor-id=\"199\" class=\"elementor elementor-199\" data-elementor-post-type=\"page\">\n\t\t\t\t<div class=\"elementor-element elementor-element-226b54de e-flex e-con-boxed e-con e-parent\" data-id=\"226b54de\" data-element_type=\"container\" id=\"valorarr\" data-settings=\"{&quot;background_background&quot;:&quot;classic&quot;,&quot;jet_parallax_layout_list&quot;:[]}\">\n\t\t\t\t\t<div class=\"e-con-inner\">\n\t\t\t\t<div class=\"elementor-element elementor-element-3975e146 elementor-invisible elementor-widget elementor-widget-heading\" data-id=\"3975e146\" data-element_type=\"widget\" data-settings=\"{&quot;_animation&quot;:&quot;fadeIn&quot;}\" data-widget_type=\"heading.default\">\n\t\t\t\t<div class=\"elementor-widget-container\">\n\t\t\t\t\t<h1 class=\"elementor-heading-title elementor-size-default\">VALOR ARRECADADO PARA A PESQUISA<\/h1>\t\t\t\t<\/div>\n\t\t\t\t<\/div>\n\t\t<div class=\"elementor-element elementor-element-dac95b7 e-flex e-con-boxed e-con e-child\" data-id=\"dac95b7\" data-element_type=\"container\" data-settings=\"{&quot;jet_parallax_layout_list&quot;:[]}\">\n\t\t\t\t\t<div class=\"e-con-inner\">\n\t\t\t\t<div class=\"elementor-element elementor-element-51ac9e0c elementor-widget__width-initial elementor-widget elementor-widget-image\" data-id=\"51ac9e0c\" data-element_type=\"widget\" data-widget_type=\"image.default\">\n\t\t\t\t<div class=\"elementor-widget-container\">\n\t\t\t\t\t\t\t\t\t\t\t\t\t\t\t<img fetchpriority=\"high\" decoding=\"async\" width=\"316\" height=\"264\" src=\"https:\/\/mbinitiative.org\/wp-content\/uploads\/2023\/10\/Vector.png\" class=\"attachment-large size-large wp-image-128\" alt=\"\" srcset=\"https:\/\/mbinitiative.org\/wp-content\/uploads\/2023\/10\/Vector.png 316w, https:\/\/mbinitiative.org\/wp-content\/uploads\/2023\/10\/Vector-300x251.png 300w\" sizes=\"(max-width: 316px) 100vw, 316px\" \/>\t\t\t\t\t\t\t\t\t\t\t\t\t\t\t<\/div>\n\t\t\t\t<\/div>\n\t\t<div class=\"elementor-element elementor-element-57fdd537 e-con-full e-flex e-con e-child\" data-id=\"57fdd537\" data-element_type=\"container\" data-settings=\"{&quot;jet_parallax_layout_list&quot;:[]}\">\n\t\t\t\t<div class=\"elementor-element elementor-element-41ea6e96 elementor-widget elementor-widget-counter\" data-id=\"41ea6e96\" data-element_type=\"widget\" data-widget_type=\"counter.default\">\n\t\t\t\t<div class=\"elementor-widget-container\">\n\t\t\t\t\t\t\t<div class=\"elementor-counter\">\n\t\t\t\t\t\t<div class=\"elementor-counter-number-wrapper\">\n\t\t\t\t<span class=\"elementor-counter-number-prefix\">US$ <\/span>\n\t\t\t\t<span class=\"elementor-counter-number\" data-duration=\"2000\" data-to-value=\"11400000\" data-from-value=\"0\" data-delimiter=\".\">0<\/span>\n\t\t\t\t<span class=\"elementor-counter-number-suffix\"><\/span>\n\t\t\t<\/div>\n\t\t<\/div>\n\t\t\t\t\t\t<\/div>\n\t\t\t\t<\/div>\n\t\t\t\t<div class=\"elementor-element elementor-element-67a2c259 elementor-widget elementor-widget-progress\" data-id=\"67a2c259\" data-element_type=\"widget\" data-widget_type=\"progress.default\">\n\t\t\t\t<div class=\"elementor-widget-container\">\n\t\t\t\t\t\t\t\t<span class=\"elementor-title\" id=\"elementor-progress-bar-67a2c259\">\n\t\t\t\tA nossa meta atual \u00e9 arrecadar US$ 15.000.000\t\t\t<\/span>\n\t\t\n\t\t<div aria-labelledby=\"elementor-progress-bar-67a2c259\" class=\"elementor-progress-wrapper\" role=\"progressbar\" aria-valuemin=\"0\" aria-valuemax=\"100\" aria-valuenow=\"68.66\">\n\t\t\t<div class=\"elementor-progress-bar\" data-max=\"68.66\">\n\t\t\t\t<span class=\"elementor-progress-text\"><\/span>\n\t\t\t\t\t\t\t<\/div>\n\t\t<\/div>\n\t\t\t\t\t\t<\/div>\n\t\t\t\t<\/div>\n\t\t\t\t<\/div>\n\t\t\t\t<div class=\"elementor-element elementor-element-134fd5f3 elementor-widget__width-initial elementor-widget elementor-widget-image\" data-id=\"134fd5f3\" data-element_type=\"widget\" data-widget_type=\"image.default\">\n\t\t\t\t<div class=\"elementor-widget-container\">\n\t\t\t\t\t\t\t\t\t\t\t\t\t\t\t<img fetchpriority=\"high\" decoding=\"async\" width=\"316\" height=\"264\" src=\"https:\/\/mbinitiative.org\/wp-content\/uploads\/2023\/10\/Vector.png\" class=\"attachment-large size-large wp-image-128\" alt=\"\" srcset=\"https:\/\/mbinitiative.org\/wp-content\/uploads\/2023\/10\/Vector.png 316w, https:\/\/mbinitiative.org\/wp-content\/uploads\/2023\/10\/Vector-300x251.png 300w\" sizes=\"(max-width: 316px) 100vw, 316px\" \/>\t\t\t\t\t\t\t\t\t\t\t\t\t\t\t<\/div>\n\t\t\t\t<\/div>\n\t\t\t\t\t<\/div>\n\t\t\t\t<\/div>\n\t\t\t\t\t<\/div>\n\t\t\t\t<\/div>\n\t\t<div class=\"elementor-element elementor-element-c962740 e-flex e-con-boxed e-con e-parent\" data-id=\"c962740\" data-element_type=\"container\" id=\"donors\" data-settings=\"{&quot;jet_parallax_layout_list&quot;:[]}\">\n\t\t\t\t\t<div class=\"e-con-inner\">\n\t\t\t\t<div class=\"elementor-element elementor-element-a665a63 elementor-widget elementor-widget-template\" data-id=\"a665a63\" data-element_type=\"widget\" data-widget_type=\"template.default\">\n\t\t\t\t<div class=\"elementor-widget-container\">\n\t\t\t\t\t\t\t<div class=\"elementor-template\">\n\t\t\t\t\t<div data-elementor-type=\"container\" data-elementor-id=\"2271\" class=\"elementor elementor-2271\" data-elementor-post-type=\"elementor_library\">\n\t\t\t\t<div class=\"elementor-element elementor-element-5ac85711 e-con-full e-flex e-con e-parent\" data-id=\"5ac85711\" data-element_type=\"container\" data-settings=\"{&quot;jet_parallax_layout_list&quot;:[]}\">\n\t\t\t\t<div class=\"elementor-element elementor-element-e70d158 elementor-widget elementor-widget-heading\" data-id=\"e70d158\" data-element_type=\"widget\" data-widget_type=\"heading.default\">\n\t\t\t\t<div class=\"elementor-widget-container\">\n\t\t\t\t\t<h2 class=\"elementor-heading-title elementor-size-default translation-block\">Nosso muito obrigado aos nossos doadores<\/h2>\t\t\t\t<\/div>\n\t\t\t\t<\/div>\n\t\t\t\t<div class=\"elementor-element elementor-element-42582d2a elementor-widget elementor-widget-heading\" data-id=\"42582d2a\" data-element_type=\"widget\" data-widget_type=\"heading.default\">\n\t\t\t\t<div class=\"elementor-widget-container\">\n\t\t\t\t\t<h2 class=\"elementor-heading-title elementor-size-default\">Quem salva uma vida <br>\nsalva o mundo inteiro<\/h2>\t\t\t\t<\/div>\n\t\t\t\t<\/div>\n\t\t\t\t<div class=\"elementor-element elementor-element-67f40ae1 elementor-widget elementor-widget-html\" data-id=\"67f40ae1\" data-element_type=\"widget\" data-widget_type=\"html.default\">\n\t\t\t\t<div class=\"elementor-widget-container\">\n\t\t\t\t\t<ul id=\"desktop\">\r\n  <li class=\"aclass logo\" style=\"background-color: #007a63; display: flex; justify-content: center; align-items: center; padding: 20px;\">\r\n    <img decoding=\"async\" src=\"https:\/\/mbinitiative.org\/wp-content\/uploads\/2025\/07\/logocyrela.webp\" alt=\"Cyrela logo\" style=\"max-width: 45%; max-height: 45%; display: block; margin: auto;\" \/>\r\n  <\/li>\r\n  <li class=\"aclass blue\">S\u00e9rgio Goldsztein<\/li>\r\n  <li class=\"cclass quote span-2\" style=\"color:#ed1e79;font-family:georgia;font-style:italic\">N\u00e3o temos tempo a perder<\/li>\r\n  <li class=\"bclass darkred\">Joseph Safra Foundation<\/li>\r\n            <li class=\"dclass\">\r\n  <span>Mariano Gargiulo<\/span>\r\n  <span>Paula A. Nesralla<\/span>\r\n  <span>Joseph G. Pulitano<\/span>\r\n  <span>Ricardo Sales<\/span>\r\n  <span>S\u00e9rgio S. Saraiva<\/span>\r\n\r\n\r\n      <\/li>\r\n   <li class=\"aclass orange\">Lu\u00eds Stuhlberger <\/li>\r\n  <li class=\"cclass orange\">Nolen Foundation<\/li>\r\n    <li class=\"aclass darkred\">Paulo Galv\u00e3o<\/li>\r\n  <li class=\"bclass darkblue\">Rodrigo Uchoa Luna<\/li>\r\n\r\n   <li class=\"cclass red\">Fam\u00edlia Gewehr <\/li>\r\n      <li class=\"cclass darkblue\"> Paulo Rutzen <\/li>\r\n  <li class=\"bclass lightpurple\">Joseph T. Elbling<\/li>\r\n    <li class=\"cclass blue\">Rodrigo Vontobel<\/li>\r\n  <li class=\"aclass orange\">Ant\u00f4nio L. Seabra<\/li>\r\n          <li class=\"dclass\">\r\n<span>Teresinha de Mello Saraiva<\/span>\r\n<span>S\u00e9rgio A. Linck de Saraiva<\/span>\r\n<span>Rodrigo Pelizzon<\/span>\r\n<\/li>\r\n  <li class=\"bclass darkred\">Jayme Garfinkel<\/li>\r\n  <li class=\"cclass red\">Jo\u00e3o Tourinho<\/li>\r\n          <li class=\"dclass\">\r\n<span>Laura Hidas<\/span>\r\n<span>Amy Durini<\/span>\r\n<span>Richard Pechter<\/span>\r\n<span>Orlando Pereira<\/span>\r\n\r\n\r\n\r\n\r\n      <\/li>\r\n   <li class=\"cclass darkblue\">Israel Vainboim<\/li>\r\n  <li class=\"cclass quote span-2\" style=\"color:#ed1e79;font-family:georgia;font-style:italic;\">Em parceria \u00e9 poss\u00edvel<\/li>\r\n  <li class=\"aclass lightpurple\">Steven J. Slutzky<\/li>\r\n  <li class=\"aclass darkred\">Leo Krakowiak<\/li>\r\n  <li class=\"dclass\">\r\n<span>Ran Shpaisman<\/span>\r\n<span>Elizabeth B. Ouellet<\/span>\r\n<span>Michal Abehsera<\/span>\r\n<span>Rodrigo Bonfim<\/span>\r\n\r\n  <\/li>\r\n  <li class=\"cclass darkblue\">Luciano Brochmann<\/li>\r\n  <li class=\"cclass blue\">Jonathan Solnicki<\/li>\r\n  <li class=\"cclass quote\" style=\"color:#ed1e79;font-family:georgia;font-style:italic\">S\u00f3 a pesquisa\npode achar a cura<\/li>\r\n  <li class=\"cclass gold\">Katten Muchin Rosenman<\/li>\r\n  <li class=\"aclass red\">Carlos Jereissati<\/li>\r\n  <li class=\"aclass lightpurple\">Nelson Sirotsky<\/li>\r\n  <li class=\"cclass gold\">Sergio Suslik Wais<\/li>\r\n     <li class=\"cclass darkblue\">Andr\u00e9 Covre<\/li>\r\n         <li class=\"aclass blue\">Fernando Goldsztein<\/li>\r\n  <li class=\"cclass blue\">Rog\u00e9rio Cazzulo Dirani<\/li>\r\n  <li class=\"cclass gold\">Alejandro Elsztain<\/li>\r\n  <li class=\"cclass red\">Rafik Djida<\/li>\r\n     <li class=\"dclass\">\r\n<span>Mehrdad Dastouri<\/span>\r\n<span>Cotswold Foundation<\/span>\r\n<span>Alice Towey<\/span>\r\n<span>Elizabeth Rossettos<\/span>\r\n<span>Sarah Fowler<\/span>\r\n\r\n<\/li>\r\n   <li class=\"aclass orange\">Fam\u00edlia Ling<\/li>\r\n   \r\n  <li class=\"bclass lightpurple\">Rodrigo von Uhlendorf<\/li>\r\n\r\n  <li class=\"aclass darkblue\">Fam\u00edlia Proakis<\/li>\r\n  <li class=\"aclass blue\">\u00c1lvaro A. de Souza<\/li>\r\n  <li class=\"dclass\">\r\n<span>Claudio Szajman<\/span>\r\n<span>Alexander Gearhart<\/span>\r\n<span>Susan Sverner<\/span>\r\n<span>Jennifer Kolb<\/span>\r\n\r\n\r\n<\/li>\r\n \r\n    <li class=\"bclass darkred\">Adalberto Baptista<\/li>\r\n      <li class=\"bclass orange\">Rog\u00e9rio Dalmagro<\/li>>\r\n    \r\n        <li class=\"aclass darkred\">Daniel Goldsztein\r\n        <\/li>\r\n          <li class=\"cclass red\">Tatiana Siaulys<\/li>\r\n        \r\n        \r\n        <li class=\"dclass\">\r\n        <span>Sylvian Mifano<\/span>\r\n<span>Suzanne Moffitt<\/span>\r\n<span>Vyshali Pakala<\/span>\r\n<span>Rodrigo Putinato<\/span>\r\n<span>Leandro Bucay<\/span>\r\n\r\n       <li class=\"bclass gold\">Ronaldo Milan <\/li>\r\n       \r\n\r\n\r\n        \r\n<\/ul>\r\n\t\t\t\t<\/div>\n\t\t\t\t<\/div>\n\t\t\t\t<div class=\"elementor-element elementor-element-55ebc0b2 elementor-widget elementor-widget-image\" data-id=\"55ebc0b2\" data-element_type=\"widget\" data-widget_type=\"image.default\">\n\t\t\t\t<div class=\"elementor-widget-container\">\n\t\t\t\t\t\t\t\t\t\t\t\t\t\t\t<img decoding=\"async\" width=\"79\" height=\"66\" src=\"https:\/\/mbinitiative.org\/wp-content\/uploads\/2023\/10\/Vector.svg\" class=\"attachment-medium size-medium wp-image-1104\" alt=\"\" \/>\t\t\t\t\t\t\t\t\t\t\t\t\t\t\t<\/div>\n\t\t\t\t<\/div>\n\t\t\t\t<\/div>\n\t\t\t\t<\/div>\n\t\t\t\t<\/div>\n\t\t\t\t\t\t<\/div>\n\t\t\t\t<\/div>\n\t\t\t\t\t<\/div>\n\t\t\t\t<\/div>\n\t\t<div class=\"elementor-element elementor-element-fb92aa9 e-flex e-con-boxed e-con e-parent\" data-id=\"fb92aa9\" data-element_type=\"container\" data-settings=\"{&quot;jet_parallax_layout_list&quot;:[]}\">\n\t\t\t\t\t<div class=\"e-con-inner\">\n\t\t\t\t<div class=\"elementor-element elementor-element-dde5d36 elementor-invisible elementor-widget elementor-widget-heading\" data-id=\"dde5d36\" data-element_type=\"widget\" data-settings=\"{&quot;_animation&quot;:&quot;fadeIn&quot;}\" data-widget_type=\"heading.default\">\n\t\t\t\t<div class=\"elementor-widget-container\">\n\t\t\t\t\t<h1 class=\"elementor-heading-title elementor-size-default\">DOE AGORA MESMO<\/h1>\t\t\t\t<\/div>\n\t\t\t\t<\/div>\n\t\t\t\t<div class=\"elementor-element elementor-element-8d04a4f elementor-invisible elementor-widget elementor-widget-heading\" data-id=\"8d04a4f\" data-element_type=\"widget\" data-settings=\"{&quot;_animation&quot;:&quot;fadeIn&quot;}\" data-widget_type=\"heading.default\">\n\t\t\t\t<div class=\"elementor-widget-container\">\n\t\t\t\t\t<h2 class=\"elementor-heading-title elementor-size-default\">Como fa\u00e7o para apoiar a MBI?<\/h2>\t\t\t\t<\/div>\n\t\t\t\t<\/div>\n\t\t<div class=\"elementor-element elementor-element-43fed43 e-con-full e-flex e-con e-child\" data-id=\"43fed43\" data-element_type=\"container\" data-settings=\"{&quot;jet_parallax_layout_list&quot;:[]}\">\n\t\t<div class=\"elementor-element elementor-element-2e03052 e-con-full e-flex e-con e-child\" data-id=\"2e03052\" data-element_type=\"container\" data-settings=\"{&quot;jet_parallax_layout_list&quot;:[]}\">\n\t\t\t\t<div class=\"elementor-element elementor-element-c158072 elementor-widget-mobile__width-initial elementor-invisible elementor-widget elementor-widget-heading\" data-id=\"c158072\" data-element_type=\"widget\" data-settings=\"{&quot;_animation&quot;:&quot;fadeInUp&quot;}\" data-widget_type=\"heading.default\">\n\t\t\t\t<div class=\"elementor-widget-container\">\n\t\t\t\t\t<h3 class=\"elementor-heading-title elementor-size-default\">\u00c9 S\u00d3 DIZER SIM!<\/h3>\t\t\t\t<\/div>\n\t\t\t\t<\/div>\n\t\t\t\t<div class=\"elementor-element elementor-element-0644269 elementor-invisible elementor-widget elementor-widget-text-editor\" data-id=\"0644269\" data-element_type=\"widget\" data-settings=\"{&quot;_animation&quot;:&quot;fadeInUp&quot;,&quot;_animation_delay&quot;:250}\" data-widget_type=\"text-editor.default\">\n\t\t\t\t<div class=\"elementor-widget-container\">\n\t\t\t\t\t\t\t\t\t<ul><li class=\"translation-block\"><b>Fa\u00e7a a sua doa\u00e7\u00e3o<\/b> aqui mesmo atrav\u00e9s do nosso site \u2013 basta clicar no bot\u00e3o abaixo.<\/li><li class=\"translation-block\"><b>Conhe\u00e7a e acompanhe a nossa causa, e compartilhe a nossa hist\u00f3ria.<\/b> Com a vida das crian\u00e7as em jogo, n\u00e3o h\u00e1 tempo a perder.<\/li><\/ul>\t\t\t\t\t\t\t\t<\/div>\n\t\t\t\t<\/div>\n\t\t\t\t<div class=\"elementor-element elementor-element-70a7736 elementor-invisible elementor-widget elementor-widget-button\" data-id=\"70a7736\" data-element_type=\"widget\" data-settings=\"{&quot;_animation&quot;:&quot;fadeIn&quot;,&quot;_animation_delay&quot;:300}\" data-widget_type=\"button.default\">\n\t\t\t\t<div class=\"elementor-widget-container\">\n\t\t\t\t\t\t\t\t\t<div class=\"elementor-button-wrapper\">\n\t\t\t\t\t<a class=\"elementor-button elementor-button-link elementor-size-sm\" href=\"https:\/\/mbinitiative.org\/pt\/donate-page\" target=\"_blank\">\n\t\t\t\t\t\t<span class=\"elementor-button-content-wrapper\">\n\t\t\t\t\t\t\t\t\t<span class=\"elementor-button-text\">DOE AGORA<\/span>\n\t\t\t\t\t<\/span>\n\t\t\t\t\t<\/a>\n\t\t\t\t<\/div>\n\t\t\t\t\t\t\t\t<\/div>\n\t\t\t\t<\/div>\n\t\t\t\t<\/div>\n\t\t<div class=\"elementor-element elementor-element-d1c5f74 e-con-full e-flex e-con e-child\" data-id=\"d1c5f74\" data-element_type=\"container\" data-settings=\"{&quot;background_background&quot;:&quot;classic&quot;,&quot;jet_parallax_layout_list&quot;:[]}\">\n\t\t\t\t<div class=\"elementor-element elementor-element-44116bc elementor-widget elementor-widget-image\" data-id=\"44116bc\" data-element_type=\"widget\" data-widget_type=\"image.default\">\n\t\t\t\t<div class=\"elementor-widget-container\">\n\t\t\t\t\t\t\t\t\t\t\t\t\t\t\t<img decoding=\"async\" width=\"800\" height=\"919\" src=\"https:\/\/mbinitiative.org\/wp-content\/uploads\/2023\/10\/Group-33-891x1024.png\" class=\"attachment-large size-large wp-image-129\" alt=\"\" srcset=\"https:\/\/mbinitiative.org\/wp-content\/uploads\/2023\/10\/Group-33-891x1024.png 891w, https:\/\/mbinitiative.org\/wp-content\/uploads\/2023\/10\/Group-33-261x300.png 261w, https:\/\/mbinitiative.org\/wp-content\/uploads\/2023\/10\/Group-33-768x883.png 768w, https:\/\/mbinitiative.org\/wp-content\/uploads\/2023\/10\/Group-33.png 896w\" sizes=\"(max-width: 800px) 100vw, 800px\" \/>\t\t\t\t\t\t\t\t\t\t\t\t\t\t\t<\/div>\n\t\t\t\t<\/div>\n\t\t\t\t<\/div>\n\t\t\t\t<\/div>\n\t\t\t\t\t<\/div>\n\t\t\t\t<\/div>\n\t\t\t\t<\/div>","protected":false},"excerpt":{"rendered":"<p>Saiba como apoiar a The Medulloblastoma Initiative e ajude na busca pela cura do meduloblastoma, transformando vidas de crian\u00e7as pelo mundo.<\/p>","protected":false},"author":1,"featured_media":3105,"parent":0,"menu_order":0,"comment_status":"closed","ping_status":"closed","template":"","meta":{"footnotes":""},"class_list":["post-199","page","type-page","status-publish","has-post-thumbnail","hentry"],"yoast_head":"<!-- This site is optimized with the Yoast SEO plugin v26.0 - https:\/\/yoast.com\/wordpress\/plugins\/seo\/ -->\n<title>Support the Cure for Medulloblastoma| The Medulloblastoma Initiative<\/title>\n<meta name=\"description\" content=\"Learn how to support The Medulloblastoma Initiative and help in the search for a cure for medulloblastoma, transforming the lives of children around the world.\" \/>\n<meta name=\"robots\" content=\"index, follow, max-snippet:-1, max-image-preview:large, max-video-preview:-1\" \/>\n<link rel=\"canonical\" href=\"https:\/\/mbinitiative.org\/pt\/como-apoiar-2\/\" \/>\n<meta property=\"og:locale\" content=\"pt_BR\" \/>\n<meta property=\"og:type\" content=\"article\" \/>\n<meta property=\"og:title\" content=\"Support the Cure for Medulloblastoma| The Medulloblastoma Initiative\" \/>\n<meta property=\"og:description\" content=\"Learn how to support The Medulloblastoma Initiative and help in the search for a cure for medulloblastoma, transforming the lives of children around the world.\" \/>\n<meta property=\"og:url\" content=\"https:\/\/mbinitiative.org\/pt\/como-apoiar-2\/\" \/>\n<meta property=\"og:site_name\" content=\"The Medulloblastoma Initiative\" \/>\n<meta property=\"article:publisher\" content=\"https:\/\/www.facebook.com\/themedulloblastomainitiative\" \/>\n<meta property=\"article:modified_time\" content=\"2025-09-03T17:12:29+00:00\" \/>\n<meta property=\"og:image\" content=\"https:\/\/mbinitiative.org\/wp-content\/uploads\/2024\/11\/Vector.png\" \/>\n\t<meta property=\"og:image:width\" content=\"316\" \/>\n\t<meta property=\"og:image:height\" content=\"264\" \/>\n\t<meta property=\"og:image:type\" content=\"image\/png\" \/>\n<meta name=\"twitter:card\" content=\"summary_large_image\" \/>\n<meta name=\"twitter:label1\" content=\"Est. tempo de leitura\" \/>\n\t<meta name=\"twitter:data1\" content=\"3 minutos\" \/>\n<script type=\"application\/ld+json\" class=\"yoast-schema-graph\">{\"@context\":\"https:\/\/schema.org\",\"@graph\":[{\"@type\":\"WebPage\",\"@id\":\"https:\/\/mbinitiative.org\/how-to-support-2\/\",\"url\":\"https:\/\/mbinitiative.org\/how-to-support-2\/\",\"name\":\"Support the Cure for Medulloblastoma| The Medulloblastoma Initiative\",\"isPartOf\":{\"@id\":\"https:\/\/mbinitiative.org\/#website\"},\"primaryImageOfPage\":{\"@id\":\"https:\/\/mbinitiative.org\/how-to-support-2\/#primaryimage\"},\"image\":{\"@id\":\"https:\/\/mbinitiative.org\/how-to-support-2\/#primaryimage\"},\"thumbnailUrl\":\"https:\/\/mbinitiative.org\/wp-content\/uploads\/2024\/11\/Vector.png\",\"datePublished\":\"2023-10-02T19:48:30+00:00\",\"dateModified\":\"2025-09-03T17:12:29+00:00\",\"description\":\"Learn how to support The Medulloblastoma Initiative and help in the search for a cure for medulloblastoma, transforming the lives of children around the world.\",\"breadcrumb\":{\"@id\":\"https:\/\/mbinitiative.org\/how-to-support-2\/#breadcrumb\"},\"inLanguage\":\"pt-BR\",\"potentialAction\":[{\"@type\":\"ReadAction\",\"target\":[\"https:\/\/mbinitiative.org\/how-to-support-2\/\"]}]},{\"@type\":\"ImageObject\",\"inLanguage\":\"pt-BR\",\"@id\":\"https:\/\/mbinitiative.org\/how-to-support-2\/#primaryimage\",\"url\":\"https:\/\/mbinitiative.org\/wp-content\/uploads\/2024\/11\/Vector.png\",\"contentUrl\":\"https:\/\/mbinitiative.org\/wp-content\/uploads\/2024\/11\/Vector.png\",\"width\":316,\"height\":264},{\"@type\":\"BreadcrumbList\",\"@id\":\"https:\/\/mbinitiative.org\/how-to-support-2\/#breadcrumb\",\"itemListElement\":[{\"@type\":\"ListItem\",\"position\":1,\"name\":\"In\u00edcio\",\"item\":\"https:\/\/mbinitiative.org\/\"},{\"@type\":\"ListItem\",\"position\":2,\"name\":\"How to support\"}]},{\"@type\":\"WebSite\",\"@id\":\"https:\/\/mbinitiative.org\/#website\",\"url\":\"https:\/\/mbinitiative.org\/\",\"name\":\"The Medulloblastoma Initiative\",\"description\":\"Cura do Meduloblastoma Infantil\",\"publisher\":{\"@id\":\"https:\/\/mbinitiative.org\/#organization\"},\"potentialAction\":[{\"@type\":\"SearchAction\",\"target\":{\"@type\":\"EntryPoint\",\"urlTemplate\":\"https:\/\/mbinitiative.org\/?s={search_term_string}\"},\"query-input\":{\"@type\":\"PropertyValueSpecification\",\"valueRequired\":true,\"valueName\":\"search_term_string\"}}],\"inLanguage\":\"pt-BR\"},{\"@type\":\"Organization\",\"@id\":\"https:\/\/mbinitiative.org\/#organization\",\"name\":\"The Medulloblastoma Initiative\",\"url\":\"https:\/\/mbinitiative.org\/\",\"logo\":{\"@type\":\"ImageObject\",\"inLanguage\":\"pt-BR\",\"@id\":\"https:\/\/mbinitiative.org\/#\/schema\/logo\/image\/\",\"url\":\"https:\/\/mbinitiative.org\/wp-content\/uploads\/2023\/10\/LOGO-MBI.png\",\"contentUrl\":\"https:\/\/mbinitiative.org\/wp-content\/uploads\/2023\/10\/LOGO-MBI.png\",\"width\":354,\"height\":168,\"caption\":\"The Medulloblastoma Initiative\"},\"image\":{\"@id\":\"https:\/\/mbinitiative.org\/#\/schema\/logo\/image\/\"},\"sameAs\":[\"https:\/\/www.facebook.com\/themedulloblastomainitiative\",\"https:\/\/www.instagram.com\/medulloblastomainitiative\/\",\"https:\/\/www.linkedin.com\/company\/medulloblastomainitiative\/\",\"https:\/\/www.youtube.com\/@mbinitiative\"]}]}<\/script>\n<!-- \/ Yoast SEO plugin. -->","yoast_head_json":{"title":"Apoie a cura do mduloblastoma | The Medulloblastoma Initiative","description":"Saiba como apoiar a The Medulloblastoma Initiative e ajude na busca pela cura do meduloblastoma, transformando vidas de crian\u00e7as pelo mundo.","robots":{"index":"index","follow":"follow","max-snippet":"max-snippet:-1","max-image-preview":"max-image-preview:large","max-video-preview":"max-video-preview:-1"},"canonical":"https:\/\/mbinitiative.org\/pt\/como-apoiar-2\/","og_locale":"pt_BR","og_type":"article","og_title":"Support the Cure for Medulloblastoma| The Medulloblastoma Initiative","og_description":"Learn how to support The Medulloblastoma Initiative and help in the search for a cure for medulloblastoma, transforming the lives of children around the world.","og_url":"https:\/\/mbinitiative.org\/pt\/como-apoiar-2\/","og_site_name":"The Medulloblastoma Initiative","article_publisher":"https:\/\/www.facebook.com\/themedulloblastomainitiative","article_modified_time":"2025-09-03T17:12:29+00:00","og_image":[{"width":316,"height":264,"url":"https:\/\/mbinitiative.org\/wp-content\/uploads\/2024\/11\/Vector.png","type":"image\/png"}],"twitter_card":"summary_large_image","twitter_misc":{"Est. tempo de leitura":"3 minutos"},"schema":{"@context":"https:\/\/schema.org","@graph":[{"@type":"WebPage","@id":"https:\/\/mbinitiative.org\/how-to-support-2\/","url":"https:\/\/mbinitiative.org\/how-to-support-2\/","name":"Apoie a cura do mduloblastoma | The Medulloblastoma Initiative","isPartOf":{"@id":"https:\/\/mbinitiative.org\/#website"},"primaryImageOfPage":{"@id":"https:\/\/mbinitiative.org\/how-to-support-2\/#primaryimage"},"image":{"@id":"https:\/\/mbinitiative.org\/how-to-support-2\/#primaryimage"},"thumbnailUrl":"https:\/\/mbinitiative.org\/wp-content\/uploads\/2024\/11\/Vector.png","datePublished":"2023-10-02T19:48:30+00:00","dateModified":"2025-09-03T17:12:29+00:00","description":"Saiba como apoiar a The Medulloblastoma Initiative e ajude na busca pela cura do meduloblastoma, transformando vidas de crian\u00e7as pelo mundo.","breadcrumb":{"@id":"https:\/\/mbinitiative.org\/how-to-support-2\/#breadcrumb"},"inLanguage":"pt-BR","potentialAction":[{"@type":"ReadAction","target":["https:\/\/mbinitiative.org\/how-to-support-2\/"]}]},{"@type":"ImageObject","inLanguage":"pt-BR","@id":"https:\/\/mbinitiative.org\/how-to-support-2\/#primaryimage","url":"https:\/\/mbinitiative.org\/wp-content\/uploads\/2024\/11\/Vector.png","contentUrl":"https:\/\/mbinitiative.org\/wp-content\/uploads\/2024\/11\/Vector.png","width":316,"height":264},{"@type":"BreadcrumbList","@id":"https:\/\/mbinitiative.org\/how-to-support-2\/#breadcrumb","itemListElement":[{"@type":"ListItem","position":1,"name":"In\u00edcio","item":"https:\/\/mbinitiative.org\/"},{"@type":"ListItem","position":2,"name":"How to support"}]},{"@type":"WebSite","@id":"https:\/\/mbinitiative.org\/#website","url":"https:\/\/mbinitiative.org\/","name":"(The Medulloblastoma Initiative)","description":"Cura do Meduloblastoma Infantil","publisher":{"@id":"https:\/\/mbinitiative.org\/#organization"},"potentialAction":[{"@type":"SearchAction","target":{"@type":"EntryPoint","urlTemplate":"https:\/\/mbinitiative.org\/?s={search_term_string}"},"query-input":{"@type":"PropertyValueSpecification","valueRequired":true,"valueName":"search_term_string"}}],"inLanguage":"pt-BR"},{"@type":"Organization","@id":"https:\/\/mbinitiative.org\/#organization","name":"(The Medulloblastoma Initiative)","url":"https:\/\/mbinitiative.org\/","logo":{"@type":"ImageObject","inLanguage":"pt-BR","@id":"https:\/\/mbinitiative.org\/#\/schema\/logo\/image\/","url":"https:\/\/mbinitiative.org\/wp-content\/uploads\/2023\/10\/LOGO-MBI.png","contentUrl":"https:\/\/mbinitiative.org\/wp-content\/uploads\/2023\/10\/LOGO-MBI.png","width":354,"height":168,"caption":"The Medulloblastoma Initiative"},"image":{"@id":"https:\/\/mbinitiative.org\/#\/schema\/logo\/image\/"},"sameAs":["https:\/\/www.facebook.com\/themedulloblastomainitiative","https:\/\/www.instagram.com\/medulloblastomainitiative\/","https:\/\/www.linkedin.com\/company\/medulloblastomainitiative\/","https:\/\/www.youtube.com\/@mbinitiative"]}]}},"_links":{"self":[{"href":"https:\/\/mbinitiative.org\/pt\/wp-json\/wp\/v2\/pages\/199","targetHints":{"allow":["GET"]}}],"collection":[{"href":"https:\/\/mbinitiative.org\/pt\/wp-json\/wp\/v2\/pages"}],"about":[{"href":"https:\/\/mbinitiative.org\/pt\/wp-json\/wp\/v2\/types\/page"}],"author":[{"embeddable":true,"href":"https:\/\/mbinitiative.org\/pt\/wp-json\/wp\/v2\/users\/1"}],"replies":[{"embeddable":true,"href":"https:\/\/mbinitiative.org\/pt\/wp-json\/wp\/v2\/comments?post=199"}],"version-history":[{"count":32,"href":"https:\/\/mbinitiative.org\/pt\/wp-json\/wp\/v2\/pages\/199\/revisions"}],"predecessor-version":[{"id":6159,"href":"https:\/\/mbinitiative.org\/pt\/wp-json\/wp\/v2\/pages\/199\/revisions\/6159"}],"wp:featuredmedia":[{"embeddable":true,"href":"https:\/\/mbinitiative.org\/pt\/wp-json\/wp\/v2\/media\/3105"}],"wp:attachment":[{"href":"https:\/\/mbinitiative.org\/pt\/wp-json\/wp\/v2\/media?parent=199"}],"curies":[{"name":"wp","href":"https:\/\/api.w.org\/{rel}","templated":true}]}}