{"id":1597,"date":"2024-03-13T15:19:24","date_gmt":"2024-03-13T18:19:24","guid":{"rendered":"https:\/\/mbinitiative.org\/?page_id=1597"},"modified":"2025-01-22T11:43:30","modified_gmt":"2025-01-22T14:43:30","slug":"salvando-vidas-do-cancer-por-zero-hora","status":"publish","type":"page","link":"https:\/\/mbinitiative.org\/pt\/salvando-vidas-do-cancer-por-zero-hora\/","title":{"rendered":"Salvando vidas do c\u00e2ncer"},"content":{"rendered":"<div data-elementor-type=\"wp-page\" data-elementor-id=\"1597\" class=\"elementor elementor-1597\" data-elementor-post-type=\"page\">\n\t\t\t\t<div class=\"elementor-element elementor-element-ea9f624 e-flex e-con-boxed e-con e-parent\" data-id=\"ea9f624\" data-element_type=\"container\" data-settings=\"{&quot;jet_parallax_layout_list&quot;:[]}\">\n\t\t\t\t\t<div class=\"e-con-inner\">\n\t\t<div class=\"elementor-element elementor-element-d560df1 e-flex e-con-boxed e-con e-child\" data-id=\"d560df1\" data-element_type=\"container\" data-settings=\"{&quot;jet_parallax_layout_list&quot;:[]}\">\n\t\t\t\t\t<div class=\"e-con-inner\">\n\t\t\t\t<div class=\"elementor-element elementor-element-d8d8b52 elementor-widget__width-auto elementor-widget elementor-widget-text-editor\" data-id=\"d8d8b52\" data-element_type=\"widget\" data-widget_type=\"text-editor.default\">\n\t\t\t\t<div class=\"elementor-widget-container\">\n\t\t\t\t\t\t\t\t\t<p>Por Daniel Scola<\/p>\t\t\t\t\t\t\t\t<\/div>\n\t\t\t\t<\/div>\n\t\t\t\t<div class=\"elementor-element elementor-element-f6529cd elementor-widget__width-auto elementor-widget elementor-widget-text-editor\" data-id=\"f6529cd\" data-element_type=\"widget\" data-widget_type=\"text-editor.default\">\n\t\t\t\t<div class=\"elementor-widget-container\">\n\t\t\t\t\t\t\t\t\t<p>Zero Hora &#8211; 12\/01\/2023<\/p>\t\t\t\t\t\t\t\t<\/div>\n\t\t\t\t<\/div>\n\t\t\t\t\t<\/div>\n\t\t\t\t<\/div>\n\t\t\t\t<div class=\"elementor-element elementor-element-296b965 elementor-widget elementor-widget-heading\" data-id=\"296b965\" data-element_type=\"widget\" data-widget_type=\"heading.default\">\n\t\t\t\t<div class=\"elementor-widget-container\">\n\t\t\t\t\t<h2 class=\"elementor-heading-title elementor-size-default\">Salvando vidas do c\u00e2ncer<\/h2>\t\t\t\t<\/div>\n\t\t\t\t<\/div>\n\t\t\t\t<div class=\"elementor-element elementor-element-e7a7dd3 elementor-widget-divider--view-line elementor-widget elementor-widget-divider\" data-id=\"e7a7dd3\" data-element_type=\"widget\" data-widget_type=\"divider.default\">\n\t\t\t\t<div class=\"elementor-widget-container\">\n\t\t\t\t\t\t\t<div class=\"elementor-divider\">\n\t\t\t<span class=\"elementor-divider-separator\">\n\t\t\t\t\t\t<\/span>\n\t\t<\/div>\n\t\t\t\t\t\t<\/div>\n\t\t\t\t<\/div>\n\t\t<div class=\"elementor-element elementor-element-d23838e e-flex e-con-boxed e-con e-child\" data-id=\"d23838e\" data-element_type=\"container\" data-settings=\"{&quot;jet_parallax_layout_list&quot;:[]}\">\n\t\t\t\t\t<div class=\"e-con-inner\">\n\t\t\t\t<div class=\"elementor-element elementor-element-9dfdd63 elementor-widget elementor-widget-text-editor\" data-id=\"9dfdd63\" data-element_type=\"widget\" data-widget_type=\"text-editor.default\">\n\t\t\t\t<div class=\"elementor-widget-container\">\n\t\t\t\t\t\t\t\t\t<p>Um empres\u00e1rio de Porto Alegre est\u00e1 empenhado f\u00edsica e financeiramente para chegar \u00e0 cura do c\u00e2ncer da cabe\u00e7a em crian\u00e7as. \u00c9 um projeto inovador e que vai representar muito para a sa\u00fade mundial. Com a Medulloblastoma Initiative (MB Initiative), Fernando Goldsztein conseguiu arrecadar em menos de dois anos cerca de US$7 milh\u00f5es (metade do pr\u00f3prio bolso) para financiar pesquisas nos Estados Unidos.<\/p>\t\t\t\t\t\t\t\t<\/div>\n\t\t\t\t<\/div>\n\t\t\t\t\t<\/div>\n\t\t\t\t<\/div>\n\t\t<div class=\"elementor-element elementor-element-6ad6398 e-flex e-con-boxed e-con e-child\" data-id=\"6ad6398\" data-element_type=\"container\" data-settings=\"{&quot;jet_parallax_layout_list&quot;:[]}\">\n\t\t\t\t\t<div class=\"e-con-inner\">\n\t\t\t\t<div class=\"elementor-element elementor-element-a497b3f elementor-widget elementor-widget-text-editor\" data-id=\"a497b3f\" data-element_type=\"widget\" data-widget_type=\"text-editor.default\">\n\t\t\t\t<div class=\"elementor-widget-container\">\n\t\t\t\t\t\t\t\t\t<p>O objetivo \u00e9 chegar a US$15 milh\u00f5es. Fernando \u00e9 humilde demais para contar os detalhes e n\u00e3o parecer autocongratula\u00e7\u00e3o. Mas eu posso falar e vou.<\/p>\t\t\t\t\t\t\t\t<\/div>\n\t\t\t\t<\/div>\n\t\t\t\t\t<\/div>\n\t\t\t\t<\/div>\n\t\t<div class=\"elementor-element elementor-element-5a2e6d3 e-flex e-con-boxed e-con e-child\" data-id=\"5a2e6d3\" data-element_type=\"container\" data-settings=\"{&quot;jet_parallax_layout_list&quot;:[]}\">\n\t\t\t\t\t<div class=\"e-con-inner\">\n\t\t\t\t<div class=\"elementor-element elementor-element-468776f elementor-widget elementor-widget-text-editor\" data-id=\"468776f\" data-element_type=\"widget\" data-widget_type=\"text-editor.default\">\n\t\t\t\t<div class=\"elementor-widget-container\">\n\t\t\t\t\t\t\t\t\t<p>Foi um caso na fam\u00edlia que mobilizou o empres\u00e1rio. Ele descobriu que n\u00e3o havia protocolo de tratamento para os pacientes de meduloblastoma recorrente que se desenvolveu em 25 mil crian\u00e7as em um ano.  Dados apontam que 10 mil crian\u00e7as morreram sem muita esperan\u00e7a. Isso j\u00e1 acontece h\u00e1 mais de 30 anos.<\/p>\t\t\t\t\t\t\t\t<\/div>\n\t\t\t\t<\/div>\n\t\t\t\t\t<\/div>\n\t\t\t\t<\/div>\n\t\t<div class=\"elementor-element elementor-element-ac234b4 e-flex e-con-boxed e-con e-child\" data-id=\"ac234b4\" data-element_type=\"container\" data-settings=\"{&quot;jet_parallax_layout_list&quot;:[]}\">\n\t\t\t\t\t<div class=\"e-con-inner\">\n\t\t\t\t<div class=\"elementor-element elementor-element-e24ff80 elementor-widget elementor-widget-text-editor\" data-id=\"e24ff80\" data-element_type=\"widget\" data-widget_type=\"text-editor.default\">\n\t\t\t\t<div class=\"elementor-widget-container\">\n\t\t\t\t\t\t\t\t\t<p>N\u00e3o sou crian\u00e7a h\u00e1 muito tempo, mas, adulto, descobri o mesmo tumor na cabe\u00e7a. Sou um dos salvos, gra\u00e7as \u00e0 ci\u00eancia, aos bons profissionais e ao bom hospital. Vi muitas crian\u00e7as pelo longo caminho que percorri e nada mais comovente do que os pequeninos padecendo.<\/p>\t\t\t\t\t\t\t\t<\/div>\n\t\t\t\t<\/div>\n\t\t\t\t\t<\/div>\n\t\t\t\t<\/div>\n\t\t<div class=\"elementor-element elementor-element-3e8e7b2 e-flex e-con-boxed e-con e-child\" data-id=\"3e8e7b2\" data-element_type=\"container\" data-settings=\"{&quot;jet_parallax_layout_list&quot;:[]}\">\n\t\t\t\t\t<div class=\"e-con-inner\">\n\t\t\t\t<div class=\"elementor-element elementor-element-bee6017 elementor-widget elementor-widget-text-editor\" data-id=\"bee6017\" data-element_type=\"widget\" data-widget_type=\"text-editor.default\">\n\t\t\t\t<div class=\"elementor-widget-container\">\n\t\t\t\t\t\t\t\t\t<p>Em setembro de 2022, a renomada revista americana Nature publicou os achados da pesquisa que est\u00e1 perto da receita para combater o c\u00e2ncer. O trabalho \u00e9 financiado pela iniciativa do empres\u00e1rio porto-alegrense e endossado por especialista brasileiro. O oncologista Andr\u00e9 Fay atesta que estas pesquisas v\u00e3o encontrar a cura.<\/p>\t\t\t\t\t\t\t\t<\/div>\n\t\t\t\t<\/div>\n\t\t\t\t\t<\/div>\n\t\t\t\t<\/div>\n\t\t<div class=\"elementor-element elementor-element-18f2929 e-flex e-con-boxed e-con e-child\" data-id=\"18f2929\" data-element_type=\"container\" data-settings=\"{&quot;jet_parallax_layout_list&quot;:[]}\">\n\t\t\t\t\t<div class=\"e-con-inner\">\n\t\t\t\t<div class=\"elementor-element elementor-element-dd98fe5 elementor-widget elementor-widget-text-editor\" data-id=\"dd98fe5\" data-element_type=\"widget\" data-widget_type=\"text-editor.default\">\n\t\t\t\t<div class=\"elementor-widget-container\">\n\t\t\t\t\t\t\t\t\t<p>O financiamento da Medulloblastoma Initiative paga as pesquisas em 11 hospitais diferentes pelo mundo: oito nos EUA, dois no Canad\u00e1 e um na Alemanha, todos capitaneados pelo m\u00e9dico americano Roger Packer, considerado o papa da oncologia pedi\u00e1trica. Fernando, de 56 anos, diz que mesmo alcan\u00e7ando sucesso na cura deste tipo de c\u00e2ncer, n\u00e3o vai parar por a\u00ed.<\/p>\t\t\t\t\t\t\t\t<\/div>\n\t\t\t\t<\/div>\n\t\t\t\t\t<\/div>\n\t\t\t\t<\/div>\n\t\t<div class=\"elementor-element elementor-element-62dc264 e-flex e-con-boxed e-con e-child\" data-id=\"62dc264\" data-element_type=\"container\" data-settings=\"{&quot;jet_parallax_layout_list&quot;:[]}\">\n\t\t\t\t\t<div class=\"e-con-inner\">\n\t\t\t\t<div class=\"elementor-element elementor-element-b760b09 elementor-widget__width-initial elementor-widget-tablet__width-initial elementor-widget elementor-widget-text-editor\" data-id=\"b760b09\" data-element_type=\"widget\" data-widget_type=\"text-editor.default\">\n\t\t\t\t<div class=\"elementor-widget-container\">\n\t\t\t\t\t\t\t\t\t<p>A explica\u00e7\u00e3o para o investimento na pesquisa fora do Brasil \u00e9 elementar: nos outros pa\u00edses, j\u00e1 existem investiga\u00e7\u00f5es em andamento. Os laborat\u00f3rios, s\u00e3o mais bem equipados e os pesquisadores est\u00e3o mais acostumados \u00e0 filantropia. Fernando tem tudo na mem\u00f3ria. Nos Estados Unidos, de cada d\u00f3lar investido no combate ao c\u00e2ncer, 96 centavos s\u00e3o para tipos que atingem adultos e apenas quatro para doen\u00e7as em crian\u00e7as. O oncologista Andr\u00e9 Fay garante que o estudo poder\u00e1 ser usado para o tratamento em qualquer parte do mundo, inclusive no Brasil.<\/p>\t\t\t\t\t\t\t\t<\/div>\n\t\t\t\t<\/div>\n\t\t\t\t<div class=\"elementor-element elementor-element-7bdf26e elementor-widget elementor-widget-image\" data-id=\"7bdf26e\" data-element_type=\"widget\" data-widget_type=\"image.default\">\n\t\t\t\t<div class=\"elementor-widget-container\">\n\t\t\t\t\t\t\t\t\t\t\t\t<figure class=\"wp-caption\">\n\t\t\t\t\t\t\t\t\t\t\t<a href=\"https:\/\/mbinitiative.org\/wp-content\/uploads\/2024\/03\/327932753_158244710331843_1593462843047231482_n-2-1.png\" data-elementor-open-lightbox=\"yes\" data-elementor-lightbox-title=\"327932753_158244710331843_1593462843047231482_n (2) 1\" data-e-action-hash=\"#elementor-action%3Aaction%3Dlightbox%26settings%3DeyJpZCI6MTYwMCwidXJsIjoiaHR0cHM6XC9cL21iaW5pdGlhdGl2ZS5vcmdcL3dwLWNvbnRlbnRcL3VwbG9hZHNcLzIwMjRcLzAzXC8zMjc5MzI3NTNfMTU4MjQ0NzEwMzMxODQzXzE1OTM0NjI4NDMwNDcyMzE0ODJfbi0yLTEucG5nIn0%3D\">\n\t\t\t\t\t\t\t<img fetchpriority=\"high\" decoding=\"async\" width=\"800\" height=\"800\" src=\"https:\/\/mbinitiative.org\/wp-content\/uploads\/2024\/03\/327932753_158244710331843_1593462843047231482_n-2-1-1024x1024.png\" class=\"attachment-large size-large wp-image-1600\" alt=\"\" srcset=\"https:\/\/mbinitiative.org\/wp-content\/uploads\/2024\/03\/327932753_158244710331843_1593462843047231482_n-2-1-1024x1024.png 1024w, https:\/\/mbinitiative.org\/wp-content\/uploads\/2024\/03\/327932753_158244710331843_1593462843047231482_n-2-1-300x300.png 300w, https:\/\/mbinitiative.org\/wp-content\/uploads\/2024\/03\/327932753_158244710331843_1593462843047231482_n-2-1-150x150.png 150w, https:\/\/mbinitiative.org\/wp-content\/uploads\/2024\/03\/327932753_158244710331843_1593462843047231482_n-2-1-768x768.png 768w, https:\/\/mbinitiative.org\/wp-content\/uploads\/2024\/03\/327932753_158244710331843_1593462843047231482_n-2-1-12x12.png 12w, https:\/\/mbinitiative.org\/wp-content\/uploads\/2024\/03\/327932753_158244710331843_1593462843047231482_n-2-1.png 1081w\" sizes=\"(max-width: 800px) 100vw, 800px\" \/>\t\t\t\t\t\t\t\t<\/a>\n\t\t\t\t\t\t\t\t\t\t\t<figcaption class=\"widget-image-caption wp-caption-text\">*Diagramado pela MBI<\/figcaption>\n\t\t\t\t\t\t\t\t\t\t<\/figure>\n\t\t\t\t\t\t\t\t\t<\/div>\n\t\t\t\t<\/div>\n\t\t\t\t\t<\/div>\n\t\t\t\t<\/div>\n\t\t<div class=\"elementor-element elementor-element-467e2ab e-flex e-con-boxed e-con e-child\" data-id=\"467e2ab\" data-element_type=\"container\" data-settings=\"{&quot;jet_parallax_layout_list&quot;:[]}\">\n\t\t\t\t\t<div class=\"e-con-inner\">\n\t\t\t\t<div class=\"elementor-element elementor-element-0196ca3 elementor-widget elementor-widget-text-editor\" data-id=\"0196ca3\" data-element_type=\"widget\" data-widget_type=\"text-editor.default\">\n\t\t\t\t<div class=\"elementor-widget-container\">\n\t\t\t\t\t\t\t\t\t<p><strong>Mat\u00e9ria original<\/strong> <strong><a style=\"color: #ed1e79;\" href=\"https:\/\/gauchazh.clicrbs.com.br\/colunistas\/daniel-scola\/noticia\/2023\/01\/salvando-vidas-do-cancer-clctqm64k00180182w7qatgkm.html\">Zero Hora<\/a><\/strong><\/p>\t\t\t\t\t\t\t\t<\/div>\n\t\t\t\t<\/div>\n\t\t\t\t\t<\/div>\n\t\t\t\t<\/div>\n\t\t\t\t<div class=\"elementor-element elementor-element-1b1b2a5 elementor-align-right elementor-widget elementor-widget-button\" data-id=\"1b1b2a5\" data-element_type=\"widget\" data-widget_type=\"button.default\">\n\t\t\t\t<div class=\"elementor-widget-container\">\n\t\t\t\t\t\t\t\t\t<div class=\"elementor-button-wrapper\">\n\t\t\t\t\t<a class=\"elementor-button elementor-button-link elementor-size-sm\" href=\"https:\/\/mbinitiative.org\/pt\/#namidia\">\n\t\t\t\t\t\t<span class=\"elementor-button-content-wrapper\">\n\t\t\t\t\t\t<span class=\"elementor-button-icon\">\n\t\t\t\t<i aria-hidden=\"true\" class=\"fas fa-chevron-left\"><\/i>\t\t\t<\/span>\n\t\t\t\t\t\t\t\t\t<span class=\"elementor-button-text\">back<\/span>\n\t\t\t\t\t<\/span>\n\t\t\t\t\t<\/a>\n\t\t\t\t<\/div>\n\t\t\t\t\t\t\t\t<\/div>\n\t\t\t\t<\/div>\n\t\t\t\t\t<\/div>\n\t\t\t\t<\/div>\n\t\t\t\t<\/div>","protected":false},"excerpt":{"rendered":"<p>Discover how The Medulloblastoma Initiative works to save lives from childhood cancer by transforming science and the future.<\/p>","protected":false},"author":4,"featured_media":3155,"parent":0,"menu_order":0,"comment_status":"closed","ping_status":"closed","template":"","meta":{"footnotes":""},"class_list":["post-1597","page","type-page","status-publish","has-post-thumbnail","hentry"],"yoast_head":"<!-- This site is optimized with the Yoast SEO plugin v26.0 - https:\/\/yoast.com\/wordpress\/plugins\/seo\/ -->\n<title>Saving Lives from Childhood Cancer | The Medulloblastoma Initiative<\/title>\n<meta name=\"description\" content=\"Descubra como a The Medulloblastoma Initiative trabalha para salvar vidas do c\u00e2ncer infantil transformando a ci\u00eancia e o futuro.\" \/>\n<meta name=\"robots\" content=\"index, follow, max-snippet:-1, max-image-preview:large, max-video-preview:-1\" \/>\n<link rel=\"canonical\" href=\"https:\/\/mbinitiative.org\/pt\/salvando-vidas-do-cancer-por-zero-hora\/\" \/>\n<meta property=\"og:locale\" content=\"pt_BR\" \/>\n<meta property=\"og:type\" content=\"article\" \/>\n<meta property=\"og:title\" content=\"Saving Lives from Childhood Cancer | The Medulloblastoma Initiative\" \/>\n<meta property=\"og:description\" content=\"Descubra como a The Medulloblastoma Initiative trabalha para salvar vidas do c\u00e2ncer infantil transformando a ci\u00eancia e o futuro.\" \/>\n<meta property=\"og:url\" content=\"https:\/\/mbinitiative.org\/pt\/salvando-vidas-do-cancer-por-zero-hora\/\" \/>\n<meta property=\"og:site_name\" content=\"The Medulloblastoma Initiative\" \/>\n<meta property=\"article:publisher\" content=\"https:\/\/www.facebook.com\/themedulloblastomainitiative\" \/>\n<meta property=\"article:modified_time\" content=\"2025-01-22T14:43:30+00:00\" \/>\n<meta property=\"og:image\" content=\"https:\/\/mbinitiative.org\/wp-content\/uploads\/2024\/12\/Captura-de-tela-2024-12-05-110607.png\" \/>\n\t<meta property=\"og:image:width\" content=\"288\" \/>\n\t<meta property=\"og:image:height\" content=\"292\" \/>\n\t<meta property=\"og:image:type\" content=\"image\/png\" \/>\n<meta name=\"twitter:card\" content=\"summary_large_image\" \/>\n<meta name=\"twitter:label1\" content=\"Est. tempo de leitura\" \/>\n\t<meta name=\"twitter:data1\" content=\"3 minutos\" \/>\n<script type=\"application\/ld+json\" class=\"yoast-schema-graph\">{\"@context\":\"https:\/\/schema.org\",\"@graph\":[{\"@type\":\"WebPage\",\"@id\":\"https:\/\/mbinitiative.org\/saving-lives-from-cancer-2\/\",\"url\":\"https:\/\/mbinitiative.org\/saving-lives-from-cancer-2\/\",\"name\":\"Saving Lives from Childhood Cancer | The Medulloblastoma Initiative\",\"isPartOf\":{\"@id\":\"https:\/\/mbinitiative.org\/#website\"},\"primaryImageOfPage\":{\"@id\":\"https:\/\/mbinitiative.org\/saving-lives-from-cancer-2\/#primaryimage\"},\"image\":{\"@id\":\"https:\/\/mbinitiative.org\/saving-lives-from-cancer-2\/#primaryimage\"},\"thumbnailUrl\":\"https:\/\/mbinitiative.org\/wp-content\/uploads\/2024\/12\/Captura-de-tela-2024-12-05-110607.png\",\"datePublished\":\"2024-03-13T18:19:24+00:00\",\"dateModified\":\"2025-01-22T14:43:30+00:00\",\"description\":\"Descubra como a The Medulloblastoma Initiative trabalha para salvar vidas do c\u00e2ncer infantil transformando a ci\u00eancia e o futuro.\",\"breadcrumb\":{\"@id\":\"https:\/\/mbinitiative.org\/saving-lives-from-cancer-2\/#breadcrumb\"},\"inLanguage\":\"pt-BR\",\"potentialAction\":[{\"@type\":\"ReadAction\",\"target\":[\"https:\/\/mbinitiative.org\/saving-lives-from-cancer-2\/\"]}]},{\"@type\":\"ImageObject\",\"inLanguage\":\"pt-BR\",\"@id\":\"https:\/\/mbinitiative.org\/saving-lives-from-cancer-2\/#primaryimage\",\"url\":\"https:\/\/mbinitiative.org\/wp-content\/uploads\/2024\/12\/Captura-de-tela-2024-12-05-110607.png\",\"contentUrl\":\"https:\/\/mbinitiative.org\/wp-content\/uploads\/2024\/12\/Captura-de-tela-2024-12-05-110607.png\",\"width\":288,\"height\":292},{\"@type\":\"BreadcrumbList\",\"@id\":\"https:\/\/mbinitiative.org\/saving-lives-from-cancer-2\/#breadcrumb\",\"itemListElement\":[{\"@type\":\"ListItem\",\"position\":1,\"name\":\"In\u00edcio\",\"item\":\"https:\/\/mbinitiative.org\/\"},{\"@type\":\"ListItem\",\"position\":2,\"name\":\"Saving lives from cancer\"}]},{\"@type\":\"WebSite\",\"@id\":\"https:\/\/mbinitiative.org\/#website\",\"url\":\"https:\/\/mbinitiative.org\/\",\"name\":\"The Medulloblastoma Initiative\",\"description\":\"Cura do Meduloblastoma Infantil\",\"publisher\":{\"@id\":\"https:\/\/mbinitiative.org\/#organization\"},\"potentialAction\":[{\"@type\":\"SearchAction\",\"target\":{\"@type\":\"EntryPoint\",\"urlTemplate\":\"https:\/\/mbinitiative.org\/?s={search_term_string}\"},\"query-input\":{\"@type\":\"PropertyValueSpecification\",\"valueRequired\":true,\"valueName\":\"search_term_string\"}}],\"inLanguage\":\"pt-BR\"},{\"@type\":\"Organization\",\"@id\":\"https:\/\/mbinitiative.org\/#organization\",\"name\":\"The Medulloblastoma Initiative\",\"url\":\"https:\/\/mbinitiative.org\/\",\"logo\":{\"@type\":\"ImageObject\",\"inLanguage\":\"pt-BR\",\"@id\":\"https:\/\/mbinitiative.org\/#\/schema\/logo\/image\/\",\"url\":\"https:\/\/mbinitiative.org\/wp-content\/uploads\/2023\/10\/LOGO-MBI.png\",\"contentUrl\":\"https:\/\/mbinitiative.org\/wp-content\/uploads\/2023\/10\/LOGO-MBI.png\",\"width\":354,\"height\":168,\"caption\":\"The Medulloblastoma Initiative\"},\"image\":{\"@id\":\"https:\/\/mbinitiative.org\/#\/schema\/logo\/image\/\"},\"sameAs\":[\"https:\/\/www.facebook.com\/themedulloblastomainitiative\",\"https:\/\/www.instagram.com\/medulloblastomainitiative\/\",\"https:\/\/www.linkedin.com\/company\/medulloblastomainitiative\/\",\"https:\/\/www.youtube.com\/@mbinitiative\"]}]}<\/script>\n<!-- \/ Yoast SEO plugin. -->","yoast_head_json":{"title":"Salvando vidas do C\u00e2ncer | The Medulloblastoma Initiative","description":"Descubra como a The Medulloblastoma Initiative trabalha para salvar vidas do c\u00e2ncer infantil transformando a ci\u00eancia e o futuro.","robots":{"index":"index","follow":"follow","max-snippet":"max-snippet:-1","max-image-preview":"max-image-preview:large","max-video-preview":"max-video-preview:-1"},"canonical":"https:\/\/mbinitiative.org\/pt\/salvando-vidas-do-cancer-por-zero-hora\/","og_locale":"pt_BR","og_type":"article","og_title":"Saving Lives from Childhood Cancer | The Medulloblastoma Initiative","og_description":"Descubra como a The Medulloblastoma Initiative trabalha para salvar vidas do c\u00e2ncer infantil transformando a ci\u00eancia e o futuro.","og_url":"https:\/\/mbinitiative.org\/pt\/salvando-vidas-do-cancer-por-zero-hora\/","og_site_name":"The Medulloblastoma Initiative","article_publisher":"https:\/\/www.facebook.com\/themedulloblastomainitiative","article_modified_time":"2025-01-22T14:43:30+00:00","og_image":[{"width":288,"height":292,"url":"https:\/\/mbinitiative.org\/wp-content\/uploads\/2024\/12\/Captura-de-tela-2024-12-05-110607.png","type":"image\/png"}],"twitter_card":"summary_large_image","twitter_misc":{"Est. tempo de leitura":"3 minutos"},"schema":{"@context":"https:\/\/schema.org","@graph":[{"@type":"WebPage","@id":"https:\/\/mbinitiative.org\/saving-lives-from-cancer-2\/","url":"https:\/\/mbinitiative.org\/saving-lives-from-cancer-2\/","name":"Salvando vidas do C\u00e2ncer | The Medulloblastoma Initiative","isPartOf":{"@id":"https:\/\/mbinitiative.org\/#website"},"primaryImageOfPage":{"@id":"https:\/\/mbinitiative.org\/saving-lives-from-cancer-2\/#primaryimage"},"image":{"@id":"https:\/\/mbinitiative.org\/saving-lives-from-cancer-2\/#primaryimage"},"thumbnailUrl":"https:\/\/mbinitiative.org\/wp-content\/uploads\/2024\/12\/Captura-de-tela-2024-12-05-110607.png","datePublished":"2024-03-13T18:19:24+00:00","dateModified":"2025-01-22T14:43:30+00:00","description":"Descubra como a The Medulloblastoma Initiative trabalha para salvar vidas do c\u00e2ncer infantil transformando a ci\u00eancia e o futuro.","breadcrumb":{"@id":"https:\/\/mbinitiative.org\/saving-lives-from-cancer-2\/#breadcrumb"},"inLanguage":"pt-BR","potentialAction":[{"@type":"ReadAction","target":["https:\/\/mbinitiative.org\/saving-lives-from-cancer-2\/"]}]},{"@type":"ImageObject","inLanguage":"pt-BR","@id":"https:\/\/mbinitiative.org\/saving-lives-from-cancer-2\/#primaryimage","url":"https:\/\/mbinitiative.org\/wp-content\/uploads\/2024\/12\/Captura-de-tela-2024-12-05-110607.png","contentUrl":"https:\/\/mbinitiative.org\/wp-content\/uploads\/2024\/12\/Captura-de-tela-2024-12-05-110607.png","width":288,"height":292},{"@type":"BreadcrumbList","@id":"https:\/\/mbinitiative.org\/saving-lives-from-cancer-2\/#breadcrumb","itemListElement":[{"@type":"ListItem","position":1,"name":"In\u00edcio","item":"https:\/\/mbinitiative.org\/"},{"@type":"ListItem","position":2,"name":"Saving lives from cancer"}]},{"@type":"WebSite","@id":"https:\/\/mbinitiative.org\/#website","url":"https:\/\/mbinitiative.org\/","name":"(The Medulloblastoma Initiative)","description":"Cura do Meduloblastoma Infantil","publisher":{"@id":"https:\/\/mbinitiative.org\/#organization"},"potentialAction":[{"@type":"SearchAction","target":{"@type":"EntryPoint","urlTemplate":"https:\/\/mbinitiative.org\/?s={search_term_string}"},"query-input":{"@type":"PropertyValueSpecification","valueRequired":true,"valueName":"search_term_string"}}],"inLanguage":"pt-BR"},{"@type":"Organization","@id":"https:\/\/mbinitiative.org\/#organization","name":"(The Medulloblastoma Initiative)","url":"https:\/\/mbinitiative.org\/","logo":{"@type":"ImageObject","inLanguage":"pt-BR","@id":"https:\/\/mbinitiative.org\/#\/schema\/logo\/image\/","url":"https:\/\/mbinitiative.org\/wp-content\/uploads\/2023\/10\/LOGO-MBI.png","contentUrl":"https:\/\/mbinitiative.org\/wp-content\/uploads\/2023\/10\/LOGO-MBI.png","width":354,"height":168,"caption":"The Medulloblastoma Initiative"},"image":{"@id":"https:\/\/mbinitiative.org\/#\/schema\/logo\/image\/"},"sameAs":["https:\/\/www.facebook.com\/themedulloblastomainitiative","https:\/\/www.instagram.com\/medulloblastomainitiative\/","https:\/\/www.linkedin.com\/company\/medulloblastomainitiative\/","https:\/\/www.youtube.com\/@mbinitiative"]}]}},"_links":{"self":[{"href":"https:\/\/mbinitiative.org\/pt\/wp-json\/wp\/v2\/pages\/1597","targetHints":{"allow":["GET"]}}],"collection":[{"href":"https:\/\/mbinitiative.org\/pt\/wp-json\/wp\/v2\/pages"}],"about":[{"href":"https:\/\/mbinitiative.org\/pt\/wp-json\/wp\/v2\/types\/page"}],"author":[{"embeddable":true,"href":"https:\/\/mbinitiative.org\/pt\/wp-json\/wp\/v2\/users\/4"}],"replies":[{"embeddable":true,"href":"https:\/\/mbinitiative.org\/pt\/wp-json\/wp\/v2\/comments?post=1597"}],"version-history":[{"count":39,"href":"https:\/\/mbinitiative.org\/pt\/wp-json\/wp\/v2\/pages\/1597\/revisions"}],"predecessor-version":[{"id":3918,"href":"https:\/\/mbinitiative.org\/pt\/wp-json\/wp\/v2\/pages\/1597\/revisions\/3918"}],"wp:featuredmedia":[{"embeddable":true,"href":"https:\/\/mbinitiative.org\/pt\/wp-json\/wp\/v2\/media\/3155"}],"wp:attachment":[{"href":"https:\/\/mbinitiative.org\/pt\/wp-json\/wp\/v2\/media?parent=1597"}],"curies":[{"name":"wp","href":"https:\/\/api.w.org\/{rel}","templated":true}]}}